{"id":7387,"date":"2026-04-09T20:19:39","date_gmt":"2026-04-09T20:19:39","guid":{"rendered":"https:\/\/daritek.com\/?page_id=7387"},"modified":"2026-04-09T20:33:10","modified_gmt":"2026-04-09T20:33:10","slug":"politique-dechange-et-de-retour","status":"publish","type":"page","link":"https:\/\/daritek.com\/?page_id=7387","title":{"rendered":"Politique d\u2019\u00e9change et de retour"},"content":{"rendered":"\n<h3><strong>Politique d&rsquo;\u00e9change et de remboursement<\/strong><\/h3>\n<p><br \/>Si le client souhaite \u00e9changer le produit, il doit le renvoyer \u00e0 notre si\u00e8ge social. Notre \u00e9quipe v\u00e9rifiera alors que le produit est neuf et en parfait \u00e9tat. Le client pourra ensuite choisir un autre produit ou se faire rembourser par la Poste alg\u00e9rienne (CCP), moyennant des frais de retour de 1 000 DZD et la prise en charge des frais d\u2019exp\u00e9dition et de retour.<\/p>\n<div class=\"elementor-element elementor-element-4c3542b elementor-widget-divider--view-line_text elementor-widget-divider--element-align-center elementor-widget elementor-widget-divider\" data-id=\"4c3542b\" data-element_type=\"widget\" data-e-type=\"widget\" data-widget_type=\"divider.default\">\n<div class=\"elementor-widget-container\">\n<h3 class=\"elementor-divider\" style=\"text-align: right;\"><strong><span class=\"elementor-divider-separator\"><span class=\"elementor-divider__text elementor-divider__element\">\u0634\u0631\u0648\u0637 \u0627\u0644\u0627\u0633\u062a\u0628\u062f\u0627\u0644 \u0648\u0627\u0644\u0627\u0633\u062a\u0631\u062c\u0627\u0639<\/span><\/span><\/strong><\/h3>\n<\/div>\n<\/div>\n<div class=\"elementor-element elementor-element-db231d0 elementor-widget elementor-widget-text-editor\" data-id=\"db231d0\" data-element_type=\"widget\" data-e-type=\"widget\" data-widget_type=\"text-editor.default\">\n<div class=\"elementor-widget-container\">\n<p style=\"text-align: right;\">\u0641\u064a \u062d\u0627\u0644 \u0627\u0631\u0627\u062f \u0627\u0644\u0632\u0628\u0648\u0646 \u0627\u0633\u062a\u0628\u062f\u0627\u0644 \u0627\u0644\u0645\u0646\u062a\u0648\u062c \u064a\u0642\u0648\u0645 \u0627\u0644\u0632\u0628\u0648\u0646 \u0628\u0627\u0631\u0633\u0627\u0644 \u0627\u0644\u0645\u0646\u062a\u0648\u062c \u0625\u0644\u0649 \u0645\u0642\u0631 \u0634\u0631\u0643\u062a\u0646\u0627 \u0644\u064a\u0642\u0648\u0645 \u0641\u0631\u064a\u0642\u0646\u0627 \u0645\u0646 \u0627\u0644\u062a\u0623\u0643\u062f \u0645\u0646 \u0639\u062f\u0645 \u0627\u0633\u062a\u062e\u062f\u0627\u0645 \u0627\u0648 \u062a\u0644\u0641 \u0627\u0644\u0645\u0646\u062a\u0648\u062c \u0648\u0628\u0639\u062f\u0647\u0627 \u064a\u0642\u0648\u0645 \u0627\u0644\u0632\u0628\u0648\u0646 \u0628\u0627\u062e\u062a\u064a\u0627\u0631 \u0645\u0646\u062a\u0648\u062c \u0622\u062e\u0631 \u0627\u0648 \u0627\u0633\u062a\u0631\u062c\u0627\u0639\u00a0 \u0627\u0645\u0648\u0627\u0644\u0647 \u0639\u0646 \u0637\u0631\u064a\u0642 \u0628\u0631\u064a\u062f \u0627\u0644\u062c\u0632\u0627\u0626\u0631 \u0645\u0639 \u062f\u0641\u0639 \u0636\u0631\u064a\u0628\u0629 \u062e\u062f\u0645\u0629 \u0627\u0644\u0625\u0631\u062c\u0627\u0639 1000 \u062f\u062c \u0648\u062a\u062d\u0645\u0644 \u0645\u0635\u0627\u0631\u064a\u0641 \u0627\u0644\u062a\u0648\u0635\u064a\u0644 \u0648 \u0627\u0644\u0625\u0631\u062c\u0627\u0639<\/p>\n<\/div>\n<\/div>\n\n","protected":false},"excerpt":{"rendered":"","protected":false},"author":1,"featured_media":0,"parent":0,"menu_order":0,"comment_status":"closed","ping_status":"closed","template":"","meta":{"_crdt_document":"{\"document\":\"AAALjfqstB\/xx5mqAS03ojrsOJxDQgYE1EUekAEBAw7gAaIBsgnyCV6wHY4HhAHkJMABlDq4CAEBCABIAPoljgeEAeQnQgy2C5gNAQCKBo4HhAFbKACEAKgBKACoASECJwABACcAAQAnACgEJwAhACgEJwABAAAAgQAAAIEAAACBAAAAwQAAAIEDhAAAAMEAAADHACEAKAAhACcAIQAAACEAJwDBAAAAwQKoASgCAOMHrwdzdGF0ZXZlcnNpb248IS0tIHdwOmZsYXRzb21lL3V4YnVpbGRlciAtLT4KPHA+UG9saXRpcXVlIGQnw6ljaGFuZ2UgZXQgZGUgcmVtYm91cnNlbWVudDxiciAvPgpTaSBsZSBjbGllbnQgc291aGFpdGUgw6ljaGFuZ2VyIGxlIHByb2R1aXQsIGlsIGRvaXQgbGUgcmVudm95ZXIgw6Agbm90cmUgc2nDqGdlIHNvY2lhbC4gTm90cmUgw6lxdWlwZSB2w6lyaWZpZXJhIGFsb3JzIHF1ZSBsZSBwcm9kdWl0IGVzdCBuZXVmIGV0IGVuIHBhcmZhaXQgw6l0YXQuIExlIGNsaWVudCBwb3VycmEgZW5zdWl0ZSBjaG9pc2lyIHVuIGF1dHJlIHByb2R1aXQgb3Ugc2UgZmFpcmUgcmVtYm91cnNlciBwYXIgbGEgUG9zdGUgYWxnw6lyaWVubmUgKENDUCksIG1veWVubmFudCBkZXMgZnJhaXMgZGUgcmV0b3VyIGRlIDEgMDAwIERaRCBldCBsYSBwcmlzZSBlbiBjaGFyZ2UgZGVzIGZyYWlzIGTigJlleHDDqWRpdGlvbiBldCBkZSByZXRvdXIuPC9wPgoKCjwhLS0gL3dwOmZsYXRzb21lL3V4YnVpbGRlciAtLT5vcmlnaW5hbENvbnRlbnRzdGF0ZXZlcnNpb25kb2N1bWVudGRhdGVkb2N1bWVudHN0YXR1c2RvY3VtZW50dGl0bGVkb2N1bWVudGNvbnRlbnRkb2N1bWVudGV4Y2VycHRkb2N1bWVudGF1dGhvcmRvY3VtZW50ZmVhdHVyZWRfbWVkaWFkb2N1bWVudGNvbW1lbnRfc3RhdHVzZG9jdW1lbnRwaW5nX3N0YXR1c2RvY3VtZW50dGVtcGxhdGVkb2N1bWVudG1ldGFfZm9vdGVyZm9vdG5vdGVzX2VsZW1lbnRvcl9lZGl0X21vZGVfZWxlbWVudG9yX3RlbXBsYXRlX3R5cGVfZWxlbWVudG9yX2RhdGFfZWxlbWVudG9yX3BhZ2Vfc2V0dGluZ3Nkb2N1bWVudGJsb2Nrc1BvbGl0aXF1ZSBk4oCZw6ljaGFuZ2UgZXQgZGUgcmV0b3VyY2xpZW50SWRpc1ZhbGlkbmFtZWF0dHJpYnV0ZXNjb250ZW50ZHJvcENhcGlubmVyQmxvY2tzZG9jdW1lbnRzbHVnc3RhdGVzYXZlZEF0c3RhdGVzYXZlZEJ5BQehBw8FBwgECAYIBQgHCAcIBggOCA4IC0gBBAcJFBgPGAgGIAgHBApHAAsIBAUHBQcVAQAAAAEDAAABAAAAAQYABQEAAAcBB0IBAQBBAAAqQQcOIUEKBxmYBAEuAbwFAasCGacDIp0JGgGbBEECJ0EAvAWPAQYCQQMRAgcAfQF3AHckYjE4ZTVlZWUtNjcwYy00ODM2LWIwMzgtZWY0NzY0MWRmNzNid6sDPHA+UG9saXRpcXVlIGQnw6ljaGFuZ2UgZXQgZGUgcmVtYm91cnNlbWVudDxiciAvPgpTaSBsZSBjbGllbnQgc291aGFpdGUgw6ljaGFuZ2VyIGxlIHByb2R1aXQsIGlsIGRvaXQgbGUgcmVudm95ZXIgw6Agbm90cmUgc2nDqGdlIHNvY2lhbC4gTm90cmUgw6lxdWlwZSB2w6lyaWZpZXJhIGFsb3JzIHF1ZSBsZSBwcm9kdWl0IGVzdCBuZXVmIGV0IGVuIHBhcmZhaXQgw6l0YXQuIExlIGNsaWVudCBwb3VycmEgZW5zdWl0ZSBjaG9pc2lyIHVuIGF1dHJlIHByb2R1aXQgb3Ugc2UgZmFpcmUgcmVtYm91cnNlciBwYXIgbGEgUG9zdGUgYWxnw6lyaWVubmUgKENDUCksIG1veWVubmFudCBkZXMgZnJhaXMgZGUgcmV0b3VyIGRlIDEgMDAwIERaRCBldCBsYSBwcmlzZSBlbiBjaGFyZ2UgZGVzIGZyYWlzIGTigJlleHDDqWRpdGlvbiBldCBkZSByZXRvdXIuPC9wPncSZmxhdHNvbWUvdXhidWlsZGVyd6kDPHA+UG9saXRpcXVlIGQnw6ljaGFuZ2UgZXQgZGUgcmVtYm91cnNlbWVudDxicj4KU2kgbGUgY2xpZW50IHNvdWhhaXRlIMOpY2hhbmdlciBsZSBwcm9kdWl0LCBpbCBkb2l0IGxlIHJlbnZveWVyIMOgIG5vdHJlIHNpw6hnZSBzb2NpYWwuIE5vdHJlIMOpcXVpcGUgdsOpcmlmaWVyYSBhbG9ycyBxdWUgbGUgcHJvZHVpdCBlc3QgbmV1ZiBldCBlbiBwYXJmYWl0IMOpdGF0LiBMZSBjbGllbnQgcG91cnJhIGVuc3VpdGUgY2hvaXNpciB1biBhdXRyZSBwcm9kdWl0IG91IHNlIGZhaXJlIHJlbWJvdXJzZXIgcGFyIGxhIFBvc3RlIGFsZ8Opcmllbm5lIChDQ1ApLCBtb3llbm5hbnQgZGVzIGZyYWlzIGRlIHJldG91ciBkZSAxIDAwMCBEWkQgZXQgbGEgcHJpc2UgZW4gY2hhcmdlIGRlcyBmcmFpcyBk4oCZZXhww6lkaXRpb24gZXQgZGUgcmV0b3VyLjwvcD47AH0BfQB3BmNsb3NlZHcGY2xvc2VkdwB3AHcAdwB3AH54dwdwdWJsaXNodxMyMDI2LTA0LTA5VDIwOjE5OjM5dx9wb2xpdGlxdWUtZGVjaGFuZ2UtZXQtZGUtcmV0b3Vye0J51z5oa3AAfbHHmaoBAfHjjFULAAIBDQEgBwAGjw4gtQIBAAEAASgB0wMFEA==\",\"updateId\":529587348}","footnotes":""},"class_list":["post-7387","page","type-page","status-publish","hentry"],"_hostinger_reach_plugin_has_subscription_block":false,"_hostinger_reach_plugin_is_elementor":false,"jetpack_sharing_enabled":true,"_links":{"self":[{"href":"https:\/\/daritek.com\/index.php?rest_route=\/wp\/v2\/pages\/7387","targetHints":{"allow":["GET"]}}],"collection":[{"href":"https:\/\/daritek.com\/index.php?rest_route=\/wp\/v2\/pages"}],"about":[{"href":"https:\/\/daritek.com\/index.php?rest_route=\/wp\/v2\/types\/page"}],"author":[{"embeddable":true,"href":"https:\/\/daritek.com\/index.php?rest_route=\/wp\/v2\/users\/1"}],"replies":[{"embeddable":true,"href":"https:\/\/daritek.com\/index.php?rest_route=%2Fwp%2Fv2%2Fcomments&post=7387"}],"version-history":[{"count":6,"href":"https:\/\/daritek.com\/index.php?rest_route=\/wp\/v2\/pages\/7387\/revisions"}],"predecessor-version":[{"id":7403,"href":"https:\/\/daritek.com\/index.php?rest_route=\/wp\/v2\/pages\/7387\/revisions\/7403"}],"wp:attachment":[{"href":"https:\/\/daritek.com\/index.php?rest_route=%2Fwp%2Fv2%2Fmedia&parent=7387"}],"curies":[{"name":"wp","href":"https:\/\/api.w.org\/{rel}","templated":true}]}}