{"id":2312,"date":"2026-02-17T15:43:56","date_gmt":"2026-02-17T15:43:56","guid":{"rendered":"https:\/\/daritek.com\/?post_type=product&#038;p=2312"},"modified":"2026-02-17T16:14:32","modified_gmt":"2026-02-17T16:14:32","slug":"%d8%ae%d9%84%d8%a7%d8%b7-%d9%83%d9%87%d8%b1%d8%a8%d8%a7%d8%a6%d9%8a-%d8%b2%d8%ac%d8%a7%d8%ac%d9%8a-%d9%85%d8%b9-%d8%b2%d8%ac%d8%a7%d8%ac%d8%a9-%d9%85%d8%ad%d9%85%d9%88%d9%84%d8%a9-400-%d9%88","status":"publish","type":"product","link":"https:\/\/daritek.com\/?product=%D8%AE%D9%84%D8%A7%D8%B7-%D9%83%D9%87%D8%B1%D8%A8%D8%A7%D8%A6%D9%8A-%D8%B2%D8%AC%D8%A7%D8%AC%D9%8A-%D9%85%D8%B9-%D8%B2%D8%AC%D8%A7%D8%AC%D8%A9-%D9%85%D8%AD%D9%85%D9%88%D9%84%D8%A9-400-%D9%88&lang=ar","title":{"rendered":"\u062e\u0644\u0627\u0637 \u0643\u0647\u0631\u0628\u0627\u0626\u064a \u0632\u062c\u0627\u062c\u064a \u0645\u0639 \u0632\u062c\u0627\u062c\u0629 \u0645\u062d\u0645\u0648\u0644\u0629 \u2013 400 \u0648\u0627\u0637 0.7 \u0644\u062a\u0631 \u2013 Moulinex Pulseo LM17GD10"},"content":{"rendered":"<h3 data-start=\"0\" data-end=\"63\"><strong>\u062e\u0644\u0627\u0637 Moulinex Pulseo LM17GD10: \u0645\u0632\u062c \u0642\u0648\u064a \u0644\u0645\u0634\u0631\u0648\u0628\u0627\u062a\u0643 \u0623\u062b\u0646\u0627\u0621 \u0627\u0644\u062a\u0646\u0642\u0644<\/strong><\/h3>\n<p><iframe title=\"Moulinex | Vid\u00e9o pr\u00e9sentation Mini blender Puls\u00e9o\" width=\"1020\" height=\"574\" src=\"https:\/\/www.youtube.com\/embed\/AvWWH-v3P9Y?feature=oembed\" frameborder=\"0\" allow=\"accelerometer; autoplay; clipboard-write; encrypted-media; gyroscope; picture-in-picture; web-share\" referrerpolicy=\"strict-origin-when-cross-origin\" allowfullscreen><\/iframe><\/p>\n<p data-start=\"65\" data-end=\"465\">\u0631\u0648\u062a\u064a\u0646 \u0635\u062d\u064a \u064a\u0628\u062f\u0623 \u0641\u064a \u0627\u0644\u0645\u0637\u0628\u062e \u0648\u064a\u0633\u062a\u0645\u0631 \u0623\u062b\u0646\u0627\u0621 \u062a\u0646\u0642\u0644\u0643! \u064a\u0636\u0645\u0646 \u062e\u0644\u0627\u0637 Pulseo \u0645\u0646 \u0645\u0648\u0644\u064a\u0646\u064a\u0643\u0633 \u0645\u0632\u062c\u064b\u0627 \u0642\u0648\u064a\u064b\u0627 \u0641\u064a \u062c\u0647\u0627\u0632 \u0635\u063a\u064a\u0631 \u0627\u0644\u062d\u062c\u0645 \u062f\u0648\u0646 \u0623\u064a \u062a\u0646\u0627\u0632\u0644\u0627\u062a. \u064a\u062c\u0645\u0639 \u0645\u062d\u0631\u0643\u0647 \u0628\u0642\u0648\u0629 400 \u0648\u0627\u0637 \u0645\u0639 \u062a\u0642\u0646\u064a\u0629 Powelix\u060c \u062d\u064a\u062b \u062a\u0636\u0645\u0646 \u0627\u0644\u0634\u0641\u0631\u0627\u062a \u0627\u0644\u062d\u0627\u062f\u0629 \u0648\u0627\u0644\u0645\u062a\u064a\u0646\u0629 \u0627\u0644\u0645\u0635\u0646\u0648\u0639\u0629 \u0645\u0646 \u0627\u0644\u0641\u0648\u0644\u0627\u0630 \u0627\u0644\u0645\u0642\u0627\u0648\u0645 \u0644\u0644\u0635\u062f\u0623 \u0648\u0627\u0644\u062d\u0631\u0643\u0629 \u0627\u0644\u062d\u0644\u0632\u0648\u0646\u064a\u0629 \u0646\u062a\u0627\u0626\u062c \u0646\u0627\u0639\u0645\u0629 \u062a\u0645\u0627\u0645\u064b\u0627\u060c \u062d\u062a\u0649 \u0645\u0639 \u0623\u0635\u0639\u0628 \u0627\u0644\u0645\u0643\u0648\u0646\u0627\u062a. \u0647\u0630\u0647 \u0627\u0644\u0645\u064a\u0632\u0627\u062a \u0639\u0627\u0644\u064a\u0629 \u0627\u0644\u0623\u062f\u0627\u0621 \u062a\u0623\u062a\u064a \u0645\u0639 \u0623\u0628\u0639\u0627\u062f \u0645\u0636\u063a\u0648\u0637\u0629\u060c \u0645\u0627 \u064a\u062c\u0639\u0644 \u0647\u0630\u0627 \u0627\u0644\u062e\u0644\u0627\u0637 \u0627\u0644\u0635\u063a\u064a\u0631 \u0645\u0646\u0627\u0633\u0628\u064b\u0627 \u0644\u062c\u0645\u064a\u0639 \u0627\u0644\u0645\u0637\u0627\u0628\u062e \u0648\u0633\u0647\u0644 \u0627\u0644\u062a\u062e\u0632\u064a\u0646.<\/p>\n<p data-start=\"467\" data-end=\"794\">\u0623\u0641\u0636\u0644 \u0645\u0627 \u0641\u064a \u0627\u0644\u0623\u0645\u0631\u061f \u0632\u062c\u0627\u062c\u0629 \u0645\u062d\u0645\u0648\u0644\u0629 \u0645\u0646 Tritan \u063a\u064a\u0631 \u0642\u0627\u0628\u0644\u0629 \u0644\u0644\u0643\u0633\u0631\u060c \u062a\u0639\u0645\u0644 \u0623\u064a\u0636\u064b\u0627 \u0643\u0648\u0639\u0627\u0621 \u0644\u0644\u062e\u0644\u0637. \u0627\u0645\u0632\u062c \u0645\u0628\u0627\u0634\u0631\u0629 \u0641\u064a \u0627\u0644\u0632\u062c\u0627\u062c\u0629 \u0648\u062e\u0630\u0647\u0627 \u0645\u0639\u0643 \u0641\u064a \u0623\u064a \u0645\u0643\u0627\u0646 \u2013 \u0645\u062b\u0627\u0644\u064a\u0629 \u0623\u062b\u0646\u0627\u0621 \u0627\u0644\u062a\u0646\u0642\u0644! \u0645\u0639 \u0633\u0631\u0639\u062a\u064a\u0646 \u0644\u0644\u062a\u062d\u0643\u0645 \u0627\u0644\u0645\u062b\u0627\u0644\u064a \u0641\u064a \u0627\u0644\u0642\u0648\u0627\u0645 \u0648\u0627\u0644\u062d\u0635\u0648\u0644 \u0639\u0644\u0649 \u0646\u062a\u0627\u0626\u062c \u0645\u062e\u0635\u0635\u0629\u060c \u064a\u0639\u062f Pulseo \u0633\u0647\u0644 \u0627\u0644\u062a\u0646\u0638\u064a\u0641\u060c \u0628\u0627\u0644\u0625\u0636\u0627\u0641\u0629 \u0625\u0644\u0649 \u0627\u062d\u062a\u0648\u0627\u0626\u0647 \u0639\u0644\u0649 \u0648\u0639\u0627\u0621 \u0632\u062c\u0627\u062c\u064a \u0645\u0642\u0627\u0648\u0645 \u0644\u0644\u062d\u0631\u0627\u0631\u0629 \u0628\u0633\u0639\u0629 0.7 \u0644\u062a\u0631 \u0644\u0636\u0645\u0627\u0646 \u0627\u0644\u0623\u0645\u0627\u0646 \u0648\u0627\u0644\u0645\u062a\u0627\u0646\u0629 \u0627\u0644\u0642\u0635\u0648\u0649.<\/p>\n<p data-start=\"796\" data-end=\"827\"><strong data-start=\"796\" data-end=\"825\">\u0635\u063a\u064a\u0631 \u0627\u0644\u062d\u062c\u0645\u060c \u0623\u062f\u0627\u0621 \u0645\u0632\u062c \u0642\u0648\u064a:<\/strong><\/p>\n<ul data-start=\"828\" data-end=\"1264\" data-is-last-node=\"\" data-is-only-node=\"\">\n<li data-start=\"828\" data-end=\"1031\"><strong data-start=\"830\" data-end=\"859\">\u0645\u0636\u063a\u0648\u0637 \u0648\u0642\u0648\u064a \u0641\u064a \u0627\u0644\u0648\u0642\u062a \u0646\u0641\u0633\u0647:<\/strong> \u062e\u0644\u0627\u0637 \u0635\u063a\u064a\u0631 \u0645\u0632\u0648\u062f \u0628\u0645\u062d\u0631\u0643 400 \u0648\u0627\u0637 \u0648\u062a\u0642\u0646\u064a\u0629 Powelix \u0639\u0627\u0644\u064a\u0629 \u0627\u0644\u0623\u062f\u0627\u0621\u060c \u0644\u0644\u062d\u0635\u0648\u0644 \u0639\u0644\u0649 \u0645\u0632\u062c \u0646\u0627\u0639\u0645 \u062a\u0645\u0627\u0645\u064b\u0627 \u062d\u062a\u0649 \u0645\u0639 \u0623\u0635\u0639\u0628 \u0627\u0644\u0645\u0643\u0648\u0646\u0627\u062a\u060c \u0648\u0633\u0631\u064a\u0639 \u0628\u0646\u0633\u0628\u0629 \u062a\u0635\u0644 \u0625\u0644\u0649 30\u066a \u0645\u0642\u0627\u0631\u0646\u0629\u064b \u0628\u0627\u0644\u0645\u0648\u062f\u064a\u0644 \u0627\u0644\u0633\u0627\u0628\u0642 Mix&amp;Move LM15.<\/li>\n<li data-start=\"1032\" data-end=\"1125\"><strong data-start=\"1034\" data-end=\"1050\">\u0627\u0633\u062a\u062e\u062f\u0627\u0645 \u0622\u0645\u0646:<\/strong> \u0648\u0639\u0627\u0621 \u0632\u062c\u0627\u062c\u064a \u0645\u0642\u0627\u0648\u0645 \u0644\u0644\u062d\u0631\u0627\u0631\u0629 \u0628\u0633\u0639\u0629 0.7 \u0644\u062a\u0631 \u0644\u0644\u0627\u0633\u062a\u062e\u062f\u0627\u0645 \u0627\u0644\u064a\u0648\u0645\u064a \u0628\u0623\u0645\u0627\u0646 \u0648\u0631\u0627\u062d\u0629 \u062a\u0627\u0645\u0629.<\/li>\n<li data-start=\"1126\" data-end=\"1264\" data-is-last-node=\"\"><strong data-start=\"1128\" data-end=\"1159\">\u0632\u062c\u0627\u062c\u0629 \u0645\u062d\u0645\u0648\u0644\u0629 \u0644\u0644\u062e\u0644\u0637 \u0648\u0627\u0644\u062a\u0646\u0642\u0644:<\/strong> \u0632\u062c\u0627\u062c\u0629 Tritan \u063a\u064a\u0631 \u0642\u0627\u0628\u0644\u0629 \u0644\u0644\u0643\u0633\u0631 \u0628\u0633\u0639\u0629 600 \u0645\u0644 \u062a\u0639\u0645\u0644 \u0623\u064a\u0636\u064b\u0627 \u0643\u0648\u0639\u0627\u0621 \u0644\u0644\u062e\u0644\u0637 \u2013 \u0627\u0645\u0632\u062c \u0645\u0628\u0627\u0634\u0631\u0629 \u0641\u064a\u0647\u0627 \u0648\u062e\u0630\u0647\u0627 \u0645\u0639\u0643 \u0623\u064a\u0646\u0645\u0627 \u0630\u0647\u0628\u062a.<\/li>\n<\/ul>\n<p><img fetchpriority=\"high\" decoding=\"async\" class=\"alignnone wp-image-2307\" src=\"https:\/\/daritek.com\/wp-content\/uploads\/2026\/02\/gvc.product.image_.1734521709672.94cbf023-768c-4dec-b82e-0cd08ef8301b-400x400.jpeg\" alt=\"\" width=\"398\" height=\"398\" srcset=\"https:\/\/daritek.com\/wp-content\/uploads\/2026\/02\/gvc.product.image_.1734521709672.94cbf023-768c-4dec-b82e-0cd08ef8301b-400x400.jpeg 400w, https:\/\/daritek.com\/wp-content\/uploads\/2026\/02\/gvc.product.image_.1734521709672.94cbf023-768c-4dec-b82e-0cd08ef8301b-280x280.jpeg 280w, https:\/\/daritek.com\/wp-content\/uploads\/2026\/02\/gvc.product.image_.1734521709672.94cbf023-768c-4dec-b82e-0cd08ef8301b-100x100.jpeg 100w, https:\/\/daritek.com\/wp-content\/uploads\/2026\/02\/gvc.product.image_.1734521709672.94cbf023-768c-4dec-b82e-0cd08ef8301b.jpeg 569w\" sizes=\"(max-width: 398px) 100vw, 398px\" \/><img decoding=\"async\" class=\"alignnone wp-image-2310\" style=\"font-size: 14.4px;\" src=\"https:\/\/daritek.com\/wp-content\/uploads\/2026\/02\/gvc.product.image_.1734521719708.e9567f3b-09f1-4c7e-835d-5e1766728d09-400x400.jpeg\" alt=\"\" width=\"398\" height=\"398\" srcset=\"https:\/\/daritek.com\/wp-content\/uploads\/2026\/02\/gvc.product.image_.1734521719708.e9567f3b-09f1-4c7e-835d-5e1766728d09-400x400.jpeg 400w, https:\/\/daritek.com\/wp-content\/uploads\/2026\/02\/gvc.product.image_.1734521719708.e9567f3b-09f1-4c7e-835d-5e1766728d09-280x280.jpeg 280w, https:\/\/daritek.com\/wp-content\/uploads\/2026\/02\/gvc.product.image_.1734521719708.e9567f3b-09f1-4c7e-835d-5e1766728d09-100x100.jpeg 100w, https:\/\/daritek.com\/wp-content\/uploads\/2026\/02\/gvc.product.image_.1734521719708.e9567f3b-09f1-4c7e-835d-5e1766728d09.jpeg 470w\" sizes=\"(max-width: 398px) 100vw, 398px\" \/><span style=\"font-size: 14.4px;\">\u00a0<\/span><img decoding=\"async\" class=\"alignnone wp-image-2308\" style=\"font-size: 14.4px;\" src=\"https:\/\/daritek.com\/wp-content\/uploads\/2026\/02\/gvc.product.image_.1734521713467.25053254-40d2-4e93-866b-c08ce0a1113c-400x400.jpeg\" alt=\"\" width=\"398\" height=\"398\" srcset=\"https:\/\/daritek.com\/wp-content\/uploads\/2026\/02\/gvc.product.image_.1734521713467.25053254-40d2-4e93-866b-c08ce0a1113c-400x400.jpeg 400w, https:\/\/daritek.com\/wp-content\/uploads\/2026\/02\/gvc.product.image_.1734521713467.25053254-40d2-4e93-866b-c08ce0a1113c-280x280.jpeg 280w, https:\/\/daritek.com\/wp-content\/uploads\/2026\/02\/gvc.product.image_.1734521713467.25053254-40d2-4e93-866b-c08ce0a1113c-100x100.jpeg 100w, https:\/\/daritek.com\/wp-content\/uploads\/2026\/02\/gvc.product.image_.1734521713467.25053254-40d2-4e93-866b-c08ce0a1113c.jpeg 569w\" sizes=\"(max-width: 398px) 100vw, 398px\" \/><img loading=\"lazy\" decoding=\"async\" class=\"alignnone wp-image-2306\" style=\"font-size: 14.4px;\" src=\"https:\/\/daritek.com\/wp-content\/uploads\/2026\/02\/gvc.product.image_.1734521706381.6f23065a-a703-4b7e-8d5f-5ee55f0f955e-400x400.jpeg\" alt=\"\" width=\"398\" height=\"398\" srcset=\"https:\/\/daritek.com\/wp-content\/uploads\/2026\/02\/gvc.product.image_.1734521706381.6f23065a-a703-4b7e-8d5f-5ee55f0f955e-400x400.jpeg 400w, https:\/\/daritek.com\/wp-content\/uploads\/2026\/02\/gvc.product.image_.1734521706381.6f23065a-a703-4b7e-8d5f-5ee55f0f955e-280x280.jpeg 280w, https:\/\/daritek.com\/wp-content\/uploads\/2026\/02\/gvc.product.image_.1734521706381.6f23065a-a703-4b7e-8d5f-5ee55f0f955e-100x100.jpeg 100w, https:\/\/daritek.com\/wp-content\/uploads\/2026\/02\/gvc.product.image_.1734521706381.6f23065a-a703-4b7e-8d5f-5ee55f0f955e.jpeg 569w\" sizes=\"(max-width: 398px) 100vw, 398px\" \/><\/p>\n<h3>\u0627\u0644\u0645\u0648\u0627\u0635\u0641\u0627\u062a \u0627\u0644\u062a\u0642\u0646\u064a\u0629<\/h3>\n<table class=\"tech-specs\" style=\"width: 100%; border-collapse: collapse;\">\n<tbody>\n<tr>\n<th style=\"text-align: right; padding: 8px; border-bottom: 1px solid #eee;\">\u0627\u0644\u0646\u0648\u0639<\/th>\n<td style=\"padding: 8px; border-bottom: 1px solid #eee;\">\u062e\u0644\u0627\u0637 \u0643\u0647\u0631\u0628\u0627\u0626\u064a<\/td>\n<\/tr>\n<tr>\n<th style=\"text-align: right; padding: 8px; border-bottom: 1px solid #eee;\">\u0627\u0644\u0639\u0644\u0627\u0645\u0629 \u0627\u0644\u062a\u062c\u0627\u0631\u064a\u0629<\/th>\n<td style=\"padding: 8px; border-bottom: 1px solid #eee;\">Moulinex<\/td>\n<\/tr>\n<tr>\n<th style=\"text-align: right; padding: 8px; border-bottom: 1px solid #eee;\">\u0627\u0644\u0645\u0648\u062f\u064a\u0644<\/th>\n<td style=\"padding: 8px; border-bottom: 1px solid #eee;\">Pulseo<\/td>\n<\/tr>\n<tr>\n<th style=\"text-align: right; padding: 8px; border-bottom: 1px solid #eee;\">\u0627\u0644\u0645\u0631\u062c\u0639<\/th>\n<td style=\"padding: 8px; border-bottom: 1px solid #eee;\">LM17GD10<\/td>\n<\/tr>\n<tr>\n<th style=\"text-align: right; padding: 8px; border-bottom: 1px solid #eee;\">\u0627\u0644\u0633\u0639\u0629<\/th>\n<td style=\"padding: 8px; border-bottom: 1px solid #eee;\">\u062e\u0644\u0627\u0637 0.7 \u0644\u062a\u0631\u060c \u0632\u062c\u0627\u062c\u0629 0.6 \u0644\u062a\u0631<\/td>\n<\/tr>\n<tr>\n<th style=\"text-align: right; padding: 8px; border-bottom: 1px solid #eee;\">\u0627\u0644\u0642\u062f\u0631\u0629<\/th>\n<td style=\"padding: 8px; border-bottom: 1px solid #eee;\">400 \u0648\u0627\u0637<\/td>\n<\/tr>\n<tr>\n<th style=\"text-align: right; padding: 8px; border-bottom: 1px solid #eee;\">\u0645\u0627\u062f\u0629 \u0627\u0644\u0648\u0639\u0627\u0621<\/th>\n<td style=\"padding: 8px; border-bottom: 1px solid #eee;\">\u0632\u062c\u0627\u062c<\/td>\n<\/tr>\n<tr>\n<th style=\"text-align: right; padding: 8px; border-bottom: 1px solid #eee;\">\u0645\u0627\u062f\u0629 \u0627\u0644\u0642\u0627\u0631\u0648\u0631\u0629<\/th>\n<td style=\"padding: 8px; border-bottom: 1px solid #eee;\">\u062a\u0631\u064a\u062a\u0627\u0646 Tritan<\/td>\n<\/tr>\n<tr>\n<th style=\"text-align: right; padding: 8px; border-bottom: 1px solid #eee;\">\u0627\u0644\u0633\u0631\u0639\u0627\u062a<\/th>\n<td style=\"padding: 8px; border-bottom: 1px solid #eee;\">02<\/td>\n<\/tr>\n<tr>\n<th style=\"text-align: right; padding: 8px; border-bottom: 1px solid #eee;\">\u0627\u0644\u0634\u0641\u0631\u0627\u062a<\/th>\n<td style=\"padding: 8px; border-bottom: 1px solid #eee;\">04<\/td>\n<\/tr>\n<tr>\n<th style=\"text-align: right; padding: 8px; border-bottom: 1px solid #eee;\">\u0627\u0644\u0648\u0638\u0627\u0626\u0641<\/th>\n<td style=\"padding: 8px; border-bottom: 1px solid #eee;\">\u0633\u062d\u0642 \u0627\u0644\u062b\u0644\u062c (Ice Crush)<\/td>\n<\/tr>\n<tr>\n<th style=\"text-align: right; padding: 8px; border-bottom: 1px solid #eee;\">\u0627\u0644\u0644\u0648\u0646<\/th>\n<td style=\"padding: 8px; border-bottom: 1px solid #eee;\">\u0633\u062a\u0627\u0646\u0644\u0633 \u0633\u062a\u064a\u0644 (Inox)<\/td>\n<\/tr>\n<\/tbody>\n<\/table>\n","protected":false},"excerpt":{"rendered":"<article class=\"text-token-text-primary w-full focus:outline-none [--shadow-height:45px] has-data-writing-block:pointer-events-none has-data-writing-block:-mt-(--shadow-height) has-data-writing-block:pt-(--shadow-height) [&amp;:has([data-writing-block])&gt;*]:pointer-events-auto scroll-mt-(--header-height)\" dir=\"auto\" tabindex=\"-1\" data-turn-id=\"f009ca46-e90e-4887-bc54-05c005872224\" data-testid=\"conversation-turn-185\" data-scroll-anchor=\"false\" data-turn=\"user\"><\/article>\n<article class=\"text-token-text-primary w-full focus:outline-none [--shadow-height:45px] has-data-writing-block:pointer-events-none has-data-writing-block:-mt-(--shadow-height) has-data-writing-block:pt-(--shadow-height) [&amp;:has([data-writing-block])&gt;*]:pointer-events-auto scroll-mt-[calc(var(--header-height)+min(200px,max(70px,20svh)))]\" dir=\"auto\" tabindex=\"-1\" data-turn-id=\"request-698f3c6c-2ce4-832e-81b0-33cb090168f6-23\" data-testid=\"conversation-turn-186\" data-scroll-anchor=\"true\" data-turn=\"assistant\">\n<div class=\"text-base my-auto mx-auto pb-10 [--thread-content-margin:--spacing(4)] @w-sm\/main:[--thread-content-margin:--spacing(6)] @w-lg\/main:[--thread-content-margin:--spacing(16)] px-(--thread-content-margin)\">\n<div class=\"[--thread-content-max-width:40rem] @w-lg\/main:[--thread-content-max-width:48rem] mx-auto max-w-(--thread-content-max-width) flex-1 group\/turn-messages focus-visible:outline-hidden relative flex w-full min-w-0 flex-col agent-turn\" tabindex=\"-1\">\n<div class=\"flex max-w-full flex-col grow\">\n<div class=\"min-h-8 text-message relative flex w-full flex-col items-end gap-2 text-start break-words whitespace-normal [.text-message+&amp;]:mt-1\" dir=\"auto\" data-message-author-role=\"assistant\" data-message-id=\"0b701b9f-0669-4df1-9884-31cea54e7a1b\" data-message-model-slug=\"gpt-5-mini\">\n<div class=\"flex w-full flex-col gap-1 empty:hidden first:pt-[1px]\">\n<div class=\"markdown prose dark:prose-invert w-full wrap-break-word light markdown-new-styling\">\n<ul>\n<li data-start=\"0\" data-end=\"438\">\u0645\u062d\u0631\u0643 \u0628\u0642\u0648\u0629 400 \u0648\u0627\u0637 + \u062a\u0642\u0646\u064a\u0629 Powelix \u2013 \u062e\u0644\u0637 \u0642\u0648\u064a \u0648\u0633\u0631\u064a\u0639 \u062d\u062a\u0649 \u0645\u0639 \u0627\u0644\u0645\u0643\u0648\u0646\u0627\u062a \u0627\u0644\u0635\u0644\u0628\u0629<\/li>\n<li data-start=\"0\" data-end=\"438\">\u062d\u062c\u0645 \u0635\u063a\u064a\u0631\u060c \u0623\u062f\u0627\u0621 \u0643\u0628\u064a\u0631 \u2013 \u0645\u0636\u063a\u0648\u0637 \u0648\u0633\u0647\u0644 \u0627\u0644\u062a\u062e\u0632\u064a\u0646\u060c \u0623\u0633\u0631\u0639 \u0628\u0646\u0633\u0628\u0629 \u062a\u0635\u0644 \u0625\u0644\u0649 30\u066a \u0645\u0646 \u0627\u0644\u0637\u0631\u0627\u0632 \u0627\u0644\u0633\u0627\u0628\u0642<\/li>\n<li data-start=\"0\" data-end=\"438\">\u0648\u0639\u0627\u0621 \u0632\u062c\u0627\u062c\u064a \u0645\u0642\u0627\u0648\u0645 \u0644\u0644\u062d\u0631\u0627\u0631\u0629 \u0628\u0633\u0639\u0629 0.7 \u0644\u062a\u0631 \u2013 \u0627\u0633\u062a\u062e\u062f\u0627\u0645 \u0622\u0645\u0646 \u0648\u062f\u0627\u0626\u0645<\/li>\n<li data-start=\"0\" data-end=\"438\">\u0633\u0631\u0639\u062a\u0627\u0646 \u2013 \u062a\u062d\u0643\u0645 \u062f\u0642\u064a\u0642 \u0641\u064a \u0627\u0644\u0642\u0648\u0627\u0645 \u0644\u0644\u062d\u0635\u0648\u0644 \u0639\u0644\u0649 \u0646\u062a\u0627\u0626\u062c \u062d\u0633\u0628 \u0627\u0644\u0631\u063a\u0628\u0629<\/li>\n<li data-start=\"0\" data-end=\"438\">\u0632\u062c\u0627\u062c\u0629 \u0645\u062d\u0645\u0648\u0644\u0629 \u0628\u0633\u0639\u0629 600 \u0645\u0644 \u0645\u0635\u0646\u0648\u0639\u0629 \u0645\u0646 Tritan \u0645\u0642\u0627\u0648\u0645\u0629 \u0644\u0644\u0643\u0633\u0631 \u2013 \u062e\u0644\u0637 \u0645\u0628\u0627\u0634\u0631 \u0648\u0633\u0647\u0648\u0644\u0629 \u0641\u064a \u0627\u0644\u0646\u0642\u0644<\/li>\n<li data-start=\"0\" data-end=\"438\">\u0634\u0641\u0631\u0627\u062a \u0645\u0646 \u0627\u0644\u0641\u0648\u0644\u0627\u0630 \u0627\u0644\u0645\u0642\u0627\u0648\u0645 \u0644\u0644\u0635\u062f\u0623 \u0639\u0644\u0649 \u0634\u0643\u0644 \u0644\u0648\u0644\u0628\u064a \u2013 \u062e\u0644\u0637 \u0645\u062a\u062c\u0627\u0646\u0633 \u0648\u0633\u0647\u0648\u0644\u0629 \u0641\u064a \u0627\u0644\u062a\u0646\u0638\u064a\u0641<\/li>\n<\/ul>\n<\/div>\n<\/div>\n<\/div>\n<\/div>\n<\/div>\n<\/div>\n<\/article>\n","protected":false},"featured_media":2313,"comment_status":"open","ping_status":"closed","template":"","meta":{"_crdt_document":""},"product_brand":[540],"product_cat":[267,261,271],"product_tag":[],"class_list":{"0":"post-2312","1":"product","2":"type-product","3":"status-publish","4":"has-post-thumbnail","6":"product_brand-moulinex-ar","7":"product_cat-267","8":"product_cat-261","9":"product_cat-271","11":"first","12":"instock","13":"shipping-taxable","14":"purchasable","15":"product-type-simple"},"jetpack_sharing_enabled":true,"_links":{"self":[{"href":"https:\/\/daritek.com\/index.php?rest_route=\/wp\/v2\/product\/2312","targetHints":{"allow":["GET"]}}],"collection":[{"href":"https:\/\/daritek.com\/index.php?rest_route=\/wp\/v2\/product"}],"about":[{"href":"https:\/\/daritek.com\/index.php?rest_route=\/wp\/v2\/types\/product"}],"replies":[{"embeddable":true,"href":"https:\/\/daritek.com\/index.php?rest_route=%2Fwp%2Fv2%2Fcomments&post=2312"}],"wp:featuredmedia":[{"embeddable":true,"href":"https:\/\/daritek.com\/index.php?rest_route=\/wp\/v2\/media\/2313"}],"wp:attachment":[{"href":"https:\/\/daritek.com\/index.php?rest_route=%2Fwp%2Fv2%2Fmedia&parent=2312"}],"wp:term":[{"taxonomy":"product_brand","embeddable":true,"href":"https:\/\/daritek.com\/index.php?rest_route=%2Fwp%2Fv2%2Fproduct_brand&post=2312"},{"taxonomy":"product_cat","embeddable":true,"href":"https:\/\/daritek.com\/index.php?rest_route=%2Fwp%2Fv2%2Fproduct_cat&post=2312"},{"taxonomy":"product_tag","embeddable":true,"href":"https:\/\/daritek.com\/index.php?rest_route=%2Fwp%2Fv2%2Fproduct_tag&post=2312"}],"curies":[{"name":"wp","href":"https:\/\/api.w.org\/{rel}","templated":true}]}}