{"id":2340,"date":"2026-02-17T16:40:23","date_gmt":"2026-02-17T16:40:23","guid":{"rendered":"https:\/\/daritek.com\/?post_type=product&#038;p=2340"},"modified":"2026-03-21T22:52:48","modified_gmt":"2026-03-21T22:52:48","slug":"blender-mixeur-electrique-2l-1500w-6-lames-silvercrest-bl1015-gs","status":"publish","type":"product","link":"https:\/\/daritek.com\/?product=blender-mixeur-electrique-2l-1500w-6-lames-silvercrest-bl1015-gs","title":{"rendered":"Blender Mixeur Electrique 2L 1500W 6 Lames &#8211; SilverCrest BL1015-GS"},"content":{"rendered":"<h3><strong>Blender Electrique Bol en Tritan 2L 1500W &#8211; SilverCrest BL1015-GS<\/strong><\/h3>\n<p>R\u00e9alisez des soupes, cocktails, milk-shakes, compotes, p\u00e2te \u00e0 cr\u00eapes ou gaufres Ce m\u00e9langeur pratique combine le meilleur en mati\u00e8re de performances de m\u00e9lange durables, \u00e0 une fabrication experte et des lames tr\u00e8s durables.<\/p>\n<p>D\u00e9couvrez toutes les possibilit\u00e9s qu&rsquo;il offre et savourez des soupes onctueuses faites maison, des smoothies frais, et de d\u00e9licieuses pur\u00e9es de fruits !<\/p>\n<ul>\n<li>Puissance 1500 watt<\/li>\n<li>Pot m\u00e9langeur en tritan transparent de 2 litres<\/li>\n<li>6 lames en acier inoxydable<\/li>\n<li>Tige de m\u00e9lange<\/li>\n<li>Base de bocal en caoutchouc souple anti-vibrations<\/li>\n<li>Moteur \u00e0 courant alternatif de 32 000 tr\/min \u00e0 haute puissance et haute vitesse<\/li>\n<li>L&rsquo;assemblage du bocal est facile \u00e0 nettoyer et va au lave-vaisselle<\/li>\n<li>Couvercle de bocal en plastique souple et gobelet doseur transparent en TRITANTX<\/li>\n<li>Conception de ventilation \u00e9l\u00e9gante et syst\u00e8me d&rsquo;insonorisation auxiliaire<\/li>\n<li>R\u00e9glage de l&rsquo;interrupteur multi-s\u00e9curit\u00e9, haute efficacit\u00e9 et s\u00e9curit\u00e9<\/li>\n<li>Syst\u00e8me de roulement \u00e0 haute vitesse \u00e0 haute temp\u00e9rature<\/li>\n<li>Support de palier de haute pr\u00e9cision et connecteur sup\u00e9rieur et inf\u00e9rieur en m\u00e9tal<\/li>\n<\/ul>\n<p><img fetchpriority=\"high\" decoding=\"async\" class=\"alignnone size-medium wp-image-2342\" src=\"https:\/\/daritek.com\/wp-content\/uploads\/2026\/02\/gvc.product.image_.1732992114150.ca06c695-dff3-442a-a097-89bb24d0bf65-400x400.png\" alt=\"\" width=\"400\" height=\"400\" srcset=\"https:\/\/daritek.com\/wp-content\/uploads\/2026\/02\/gvc.product.image_.1732992114150.ca06c695-dff3-442a-a097-89bb24d0bf65-400x400.png 400w, https:\/\/daritek.com\/wp-content\/uploads\/2026\/02\/gvc.product.image_.1732992114150.ca06c695-dff3-442a-a097-89bb24d0bf65-280x280.png 280w, https:\/\/daritek.com\/wp-content\/uploads\/2026\/02\/gvc.product.image_.1732992114150.ca06c695-dff3-442a-a097-89bb24d0bf65-100x100.png 100w, https:\/\/daritek.com\/wp-content\/uploads\/2026\/02\/gvc.product.image_.1732992114150.ca06c695-dff3-442a-a097-89bb24d0bf65.png 500w\" sizes=\"(max-width: 400px) 100vw, 400px\" \/><img decoding=\"async\" class=\"alignnone size-medium wp-image-2343\" style=\"font-size: 14.4px;\" src=\"https:\/\/daritek.com\/wp-content\/uploads\/2026\/02\/gvc.product.image_.1732992121140.4e0a5d08-d95c-40e4-a28a-9fabdcb5a1a6-400x400.png\" alt=\"\" width=\"400\" height=\"400\" srcset=\"https:\/\/daritek.com\/wp-content\/uploads\/2026\/02\/gvc.product.image_.1732992121140.4e0a5d08-d95c-40e4-a28a-9fabdcb5a1a6-400x400.png 400w, https:\/\/daritek.com\/wp-content\/uploads\/2026\/02\/gvc.product.image_.1732992121140.4e0a5d08-d95c-40e4-a28a-9fabdcb5a1a6-280x280.png 280w, https:\/\/daritek.com\/wp-content\/uploads\/2026\/02\/gvc.product.image_.1732992121140.4e0a5d08-d95c-40e4-a28a-9fabdcb5a1a6-100x100.png 100w, https:\/\/daritek.com\/wp-content\/uploads\/2026\/02\/gvc.product.image_.1732992121140.4e0a5d08-d95c-40e4-a28a-9fabdcb5a1a6.png 500w\" sizes=\"(max-width: 400px) 100vw, 400px\" \/><span style=\"font-size: 14.4px;\">\u00a0<\/span><\/p>\n<h3>Caract\u00e9ristiques techniques<\/h3>\n<table class=\"tech-specs\" style=\"width: 100%; border-collapse: collapse;\">\n<tbody>\n<tr>\n<th style=\"text-align: left; padding: 8px; border-bottom: 1px solid #eee;\">TYPE<\/th>\n<td style=\"padding: 8px; border-bottom: 1px solid #eee;\">Blender Electrique<\/td>\n<\/tr>\n<tr>\n<th style=\"text-align: left; padding: 8px; border-bottom: 1px solid #eee;\">Marque<\/th>\n<td style=\"padding: 8px; border-bottom: 1px solid #eee;\">SilverCrest<\/td>\n<\/tr>\n<tr>\n<th style=\"text-align: left; padding: 8px; border-bottom: 1px solid #eee;\">R\u00e9f\u00e9rence<\/th>\n<td style=\"padding: 8px; border-bottom: 1px solid #eee;\">BL1015-GS<\/td>\n<\/tr>\n<tr>\n<th style=\"text-align: left; padding: 8px; border-bottom: 1px solid #eee;\">Capacit\u00e9<\/th>\n<td style=\"padding: 8px; border-bottom: 1px solid #eee;\">2 Litres<\/td>\n<\/tr>\n<tr>\n<th style=\"text-align: left; padding: 8px; border-bottom: 1px solid #eee;\">Puissance<\/th>\n<td style=\"padding: 8px; border-bottom: 1px solid #eee;\">1500 W, 32000 tr\/min<\/td>\n<\/tr>\n<tr>\n<th style=\"text-align: left; padding: 8px; border-bottom: 1px solid #eee;\">Mati\u00e8re du Bol<\/th>\n<td style=\"padding: 8px; border-bottom: 1px solid #eee;\">Tritan<\/td>\n<\/tr>\n<tr>\n<th style=\"text-align: left; padding: 8px; border-bottom: 1px solid #eee;\">Vitesses<\/th>\n<td style=\"padding: 8px; border-bottom: 1px solid #eee;\">Contr\u00f4le Progressif<\/td>\n<\/tr>\n<tr>\n<th style=\"text-align: left; padding: 8px; border-bottom: 1px solid #eee;\">Lames<\/th>\n<td style=\"padding: 8px; border-bottom: 1px solid #eee;\">06<\/td>\n<\/tr>\n<tr>\n<th style=\"text-align: left; padding: 8px; border-bottom: 1px solid #eee;\">Couleur<\/th>\n<td style=\"padding: 8px; border-bottom: 1px solid #eee;\">Blanc\/Noir<\/td>\n<\/tr>\n<\/tbody>\n<\/table>\n","protected":false},"excerpt":{"rendered":"<ul>\n<li data-start=\"49\" data-end=\"135\"><strong data-start=\"51\" data-end=\"97\">Puissance 1500 W + moteur AC 32 000 tr\/min<\/strong> \u2013 Mixage ultra-rapide et performant<\/li>\n<li data-start=\"136\" data-end=\"237\"><strong data-start=\"138\" data-end=\"168\">Pot Tritan 2 L transparent<\/strong> \u2013 Grande capacit\u00e9 et facile \u00e0 nettoyer (compatible lave-vaisselle)<\/li>\n<li data-start=\"238\" data-end=\"332\"><strong data-start=\"240\" data-end=\"274\">6 lames inox + tige de m\u00e9lange<\/strong> \u2013 Mixage homog\u00e8ne et efficace pour tous les ingr\u00e9dients<\/li>\n<li data-start=\"333\" data-end=\"421\"><strong data-start=\"335\" data-end=\"372\">Couvercle souple + gobelet doseur<\/strong> \u2013 Praticit\u00e9 et pr\u00e9cision pour vos pr\u00e9parations<\/li>\n<li data-start=\"422\" data-end=\"510\"><strong data-start=\"424\" data-end=\"469\">Base anti-vibrations + syst\u00e8me insonoris\u00e9<\/strong> \u2013 Stabilit\u00e9 et utilisation silencieuse<\/li>\n<li data-start=\"511\" data-end=\"624\" data-is-last-node=\"\"><strong data-start=\"513\" data-end=\"539\">S\u00e9curit\u00e9 et robustesse<\/strong> \u2013 Interrupteur multi-s\u00e9curit\u00e9, roulements haute pr\u00e9cision et connecteurs m\u00e9talliques<\/li>\n<\/ul>\n","protected":false},"featured_media":2341,"comment_status":"open","ping_status":"closed","template":"","meta":{"_crdt_document":""},"product_brand":[740],"product_cat":[269,84,265],"product_tag":[],"class_list":{"0":"post-2340","1":"product","2":"type-product","3":"status-publish","4":"has-post-thumbnail","6":"product_brand-silvercrest","7":"product_cat-blender","8":"product_cat-electromenager","9":"product_cat-petit-electromenager","11":"first","12":"instock","13":"sale","14":"shipping-taxable","15":"purchasable","16":"product-type-simple"},"_links":{"self":[{"href":"https:\/\/daritek.com\/index.php?rest_route=\/wp\/v2\/product\/2340","targetHints":{"allow":["GET"]}}],"collection":[{"href":"https:\/\/daritek.com\/index.php?rest_route=\/wp\/v2\/product"}],"about":[{"href":"https:\/\/daritek.com\/index.php?rest_route=\/wp\/v2\/types\/product"}],"replies":[{"embeddable":true,"href":"https:\/\/daritek.com\/index.php?rest_route=%2Fwp%2Fv2%2Fcomments&post=2340"}],"wp:featuredmedia":[{"embeddable":true,"href":"https:\/\/daritek.com\/index.php?rest_route=\/wp\/v2\/media\/2341"}],"wp:attachment":[{"href":"https:\/\/daritek.com\/index.php?rest_route=%2Fwp%2Fv2%2Fmedia&parent=2340"}],"wp:term":[{"taxonomy":"product_brand","embeddable":true,"href":"https:\/\/daritek.com\/index.php?rest_route=%2Fwp%2Fv2%2Fproduct_brand&post=2340"},{"taxonomy":"product_cat","embeddable":true,"href":"https:\/\/daritek.com\/index.php?rest_route=%2Fwp%2Fv2%2Fproduct_cat&post=2340"},{"taxonomy":"product_tag","embeddable":true,"href":"https:\/\/daritek.com\/index.php?rest_route=%2Fwp%2Fv2%2Fproduct_tag&post=2340"}],"curies":[{"name":"wp","href":"https:\/\/api.w.org\/{rel}","templated":true}]}}