{"id":2632,"date":"2026-02-18T15:13:57","date_gmt":"2026-02-18T15:13:57","guid":{"rendered":"https:\/\/daritek.com\/?post_type=product&#038;p=2632"},"modified":"2026-02-18T15:13:57","modified_gmt":"2026-02-18T15:13:57","slug":"bouilloire-electrique-sans-fil-1-7l-2400w-moulinex-soleil-by320b","status":"publish","type":"product","link":"https:\/\/daritek.com\/?product=bouilloire-electrique-sans-fil-1-7l-2400w-moulinex-soleil-by320b","title":{"rendered":"Bouilloire Electrique Sans Fil 1.7L 2400W &#8211; Moulinex Soleil BY320B"},"content":{"rendered":"<h3><strong>Bouilloire MOULINEX Soleil : soyez aussi \u00e9l\u00e9gant dans votre cuisine !<\/strong><\/h3>\n<p>Exprimez votre sens du style avec une gamme de cuisine qui garantira \u00e0 votre plan de travail. Les lignes sobres de la bouilloire Soleil ainsi que le design frais sont un point culminant bienvenu qui \u00e9gayera les cuisines les plus \u00e9l\u00e9gantes matins apr\u00e8s demain. Il offre une grande capacit\u00e9 de 1,7 litre pour 7 tasses et a une puissance de 2400 W. Parfait pour les moments de convivialit\u00e9 avec vos amis et votre famille. Le couvercle \u00e0 charni\u00e8re pratique facilite le remplissage et le nettoyage, tandis qu&rsquo;un \u00e9l\u00e9ment chauffant cach\u00e9 \u00e0 l&rsquo;int\u00e9rieur assure un nettoyage plus facile. Cette bouilloire design est \u00e9galement \u00e9quip\u00e9e d&rsquo;un double indicateur de niveau et peut donc \u00eatre surveill\u00e9e sous tous les angles. Le tout est compl\u00e9t\u00e9 par un filtre anti-calcaire amovible pour une eau plus pure et des boissons encore plus d\u00e9licieuses, ainsi qu&rsquo;une ouverture de bec haute pr\u00e9cision, de sorte que rien ne coule plus. Le tout est compl\u00e9t\u00e9 par un interrupteur marche\/arr\u00eat \u00e9clair\u00e9 avec fonction d&rsquo;arr\u00eat automatique, de sorte que rien ne peut se produire si on l&rsquo;oublit. Base rotative \u00e0 360\u00b0 qui maintient fermement la bouilloire \u00e9lectrique sans fil. Avec le Moulinex Soleil, vous serez aussi \u00e9l\u00e9gant dans votre cuisine !<\/p>\n<ul>\n<li>Bouilloire \u00e9lectrique avec couvercle rabattable pour un remplissage et un nettoyage faciles<\/li>\n<li>Une grande capacit\u00e9 de 1,7 litre pour 7 tasses et a une puissance de 2400 W.<\/li>\n<li>R\u00e9sistance cach\u00e9e pour un nettoyage facile<\/li>\n<li>Double indicateur de niveau pour un contr\u00f4le pratique en un coup d&rsquo;\u0153il<\/li>\n<li>Filtre anti-calcaire amovible pour un nettoyage pratique et une eau propre<\/li>\n<li>Bec verseur haute pr\u00e9cision pour verser sans \u00e9claboussures<\/li>\n<li>Base rotative \u00e0 360\u00b0<\/li>\n<\/ul>\n<p><img fetchpriority=\"high\" decoding=\"async\" class=\"alignnone wp-image-2633\" src=\"https:\/\/daritek.com\/wp-content\/uploads\/2026\/02\/Design-sans-titre-2026-02-18T155132.972-400x400.png\" alt=\"\" width=\"398\" height=\"398\" srcset=\"https:\/\/daritek.com\/wp-content\/uploads\/2026\/02\/Design-sans-titre-2026-02-18T155132.972-400x400.png 400w, https:\/\/daritek.com\/wp-content\/uploads\/2026\/02\/Design-sans-titre-2026-02-18T155132.972-280x280.png 280w, https:\/\/daritek.com\/wp-content\/uploads\/2026\/02\/Design-sans-titre-2026-02-18T155132.972-100x100.png 100w, https:\/\/daritek.com\/wp-content\/uploads\/2026\/02\/Design-sans-titre-2026-02-18T155132.972.png 500w\" sizes=\"(max-width: 398px) 100vw, 398px\" \/><img decoding=\"async\" class=\"alignnone wp-image-2638\" style=\"font-size: 14.4px;\" src=\"https:\/\/daritek.com\/wp-content\/uploads\/2026\/02\/Design-sans-titre-2026-02-18T155325.576-400x400.png\" alt=\"\" width=\"398\" height=\"398\" srcset=\"https:\/\/daritek.com\/wp-content\/uploads\/2026\/02\/Design-sans-titre-2026-02-18T155325.576-400x400.png 400w, https:\/\/daritek.com\/wp-content\/uploads\/2026\/02\/Design-sans-titre-2026-02-18T155325.576-280x280.png 280w, https:\/\/daritek.com\/wp-content\/uploads\/2026\/02\/Design-sans-titre-2026-02-18T155325.576-100x100.png 100w, https:\/\/daritek.com\/wp-content\/uploads\/2026\/02\/Design-sans-titre-2026-02-18T155325.576.png 500w\" sizes=\"(max-width: 398px) 100vw, 398px\" \/><span style=\"font-size: 14.4px;\">\u00a0<\/span><img decoding=\"async\" class=\"alignnone wp-image-2635\" style=\"font-size: 14.4px;\" src=\"https:\/\/daritek.com\/wp-content\/uploads\/2026\/02\/Design-sans-titre-2026-02-18T155218.091-400x400.png\" alt=\"\" width=\"398\" height=\"398\" srcset=\"https:\/\/daritek.com\/wp-content\/uploads\/2026\/02\/Design-sans-titre-2026-02-18T155218.091-400x400.png 400w, https:\/\/daritek.com\/wp-content\/uploads\/2026\/02\/Design-sans-titre-2026-02-18T155218.091-280x280.png 280w, https:\/\/daritek.com\/wp-content\/uploads\/2026\/02\/Design-sans-titre-2026-02-18T155218.091-100x100.png 100w, https:\/\/daritek.com\/wp-content\/uploads\/2026\/02\/Design-sans-titre-2026-02-18T155218.091.png 500w\" sizes=\"(max-width: 398px) 100vw, 398px\" \/><img loading=\"lazy\" decoding=\"async\" class=\"alignnone wp-image-2636\" style=\"font-size: 14.4px;\" src=\"https:\/\/daritek.com\/wp-content\/uploads\/2026\/02\/Design-sans-titre-2026-02-18T155246.079-400x400.png\" alt=\"\" width=\"398\" height=\"398\" srcset=\"https:\/\/daritek.com\/wp-content\/uploads\/2026\/02\/Design-sans-titre-2026-02-18T155246.079-400x400.png 400w, https:\/\/daritek.com\/wp-content\/uploads\/2026\/02\/Design-sans-titre-2026-02-18T155246.079-280x280.png 280w, https:\/\/daritek.com\/wp-content\/uploads\/2026\/02\/Design-sans-titre-2026-02-18T155246.079-100x100.png 100w, https:\/\/daritek.com\/wp-content\/uploads\/2026\/02\/Design-sans-titre-2026-02-18T155246.079.png 500w\" sizes=\"(max-width: 398px) 100vw, 398px\" \/><span style=\"font-size: 14.4px;\">\u00a0<\/span><\/p>\n<h3>Caract\u00e9ristiques techniques<\/h3>\n<table class=\"tech-specs\" style=\"width: 100%; border-collapse: collapse;\">\n<tbody>\n<tr>\n<th style=\"text-align: left; padding: 8px; border-bottom: 1px solid #eee;\">TYPE<\/th>\n<td style=\"padding: 8px; border-bottom: 1px solid #eee;\">Bouilloire Electrique<\/td>\n<\/tr>\n<tr>\n<th style=\"text-align: left; padding: 8px; border-bottom: 1px solid #eee;\">Marque<\/th>\n<td style=\"padding: 8px; border-bottom: 1px solid #eee;\">Moulinex<\/td>\n<\/tr>\n<tr>\n<th style=\"text-align: left; padding: 8px; border-bottom: 1px solid #eee;\">Gamme<\/th>\n<td style=\"padding: 8px; border-bottom: 1px solid #eee;\">Soleil<\/td>\n<\/tr>\n<tr>\n<th style=\"text-align: left; padding: 8px; border-bottom: 1px solid #eee;\">R\u00e9f\u00e9rence<\/th>\n<td style=\"padding: 8px; border-bottom: 1px solid #eee;\">BY320B<\/td>\n<\/tr>\n<tr>\n<th style=\"text-align: left; padding: 8px; border-bottom: 1px solid #eee;\">Capacit\u00e9<\/th>\n<td style=\"padding: 8px; border-bottom: 1px solid #eee;\">1.7 Litre<\/td>\n<\/tr>\n<tr>\n<th style=\"text-align: left; padding: 8px; border-bottom: 1px solid #eee;\">Puissance<\/th>\n<td style=\"padding: 8px; border-bottom: 1px solid #eee;\">2400 W<\/td>\n<\/tr>\n<tr>\n<th style=\"text-align: left; padding: 8px; border-bottom: 1px solid #eee;\">Mati\u00e8re<\/th>\n<td style=\"padding: 8px; border-bottom: 1px solid #eee;\">Plastique\/Inox<\/td>\n<\/tr>\n<tr>\n<th style=\"text-align: left; padding: 8px; border-bottom: 1px solid #eee;\">Couleur<\/th>\n<td style=\"padding: 8px; border-bottom: 1px solid #eee;\">Noir<\/td>\n<\/tr>\n<\/tbody>\n<\/table>\n","protected":false},"excerpt":{"rendered":"<ul>\n<li data-start=\"49\" data-end=\"102\"><strong data-start=\"51\" data-end=\"71\">Puissance 2400 W<\/strong> \u2013 Chauffe rapide et efficace<\/li>\n<li data-start=\"103\" data-end=\"151\"><strong data-start=\"105\" data-end=\"130\">Grande capacit\u00e9 1,7 L<\/strong> \u2013 Jusqu\u2019\u00e0 7 tasses<\/li>\n<li data-start=\"152\" data-end=\"235\"><strong data-start=\"154\" data-end=\"198\">Couvercle rabattable &amp; r\u00e9sistance cach\u00e9e<\/strong> \u2013 Remplissage et nettoyage faciles<\/li>\n<li data-start=\"236\" data-end=\"314\"><strong data-start=\"238\" data-end=\"275\">Double indicateur de niveau d\u2019eau<\/strong> \u2013 Contr\u00f4le pratique en un coup d\u2019\u0153il<\/li>\n<li data-start=\"315\" data-end=\"393\"><strong data-start=\"317\" data-end=\"350\">Filtre anti-calcaire amovible<\/strong> \u2013 Eau plus propre et entretien simplifi\u00e9<\/li>\n<li data-start=\"394\" data-end=\"484\" data-is-last-node=\"\"><strong data-start=\"396\" data-end=\"439\">Base rotative 360\u00b0 &amp; bec verseur pr\u00e9cis<\/strong> \u2013 Utilisation confortable sans \u00e9claboussures<\/li>\n<\/ul>\n","protected":false},"featured_media":2639,"comment_status":"open","ping_status":"closed","template":"","meta":{"_crdt_document":""},"product_brand":[100],"product_cat":[291,84,265],"product_tag":[],"class_list":{"0":"post-2632","1":"product","2":"type-product","3":"status-publish","4":"has-post-thumbnail","6":"product_brand-moulinex","7":"product_cat-bouilloire","8":"product_cat-electromenager","9":"product_cat-petit-electromenager","11":"first","12":"outofstock","13":"shipping-taxable","14":"purchasable","15":"product-type-simple"},"jetpack_sharing_enabled":true,"_links":{"self":[{"href":"https:\/\/daritek.com\/index.php?rest_route=\/wp\/v2\/product\/2632","targetHints":{"allow":["GET"]}}],"collection":[{"href":"https:\/\/daritek.com\/index.php?rest_route=\/wp\/v2\/product"}],"about":[{"href":"https:\/\/daritek.com\/index.php?rest_route=\/wp\/v2\/types\/product"}],"replies":[{"embeddable":true,"href":"https:\/\/daritek.com\/index.php?rest_route=%2Fwp%2Fv2%2Fcomments&post=2632"}],"wp:featuredmedia":[{"embeddable":true,"href":"https:\/\/daritek.com\/index.php?rest_route=\/wp\/v2\/media\/2639"}],"wp:attachment":[{"href":"https:\/\/daritek.com\/index.php?rest_route=%2Fwp%2Fv2%2Fmedia&parent=2632"}],"wp:term":[{"taxonomy":"product_brand","embeddable":true,"href":"https:\/\/daritek.com\/index.php?rest_route=%2Fwp%2Fv2%2Fproduct_brand&post=2632"},{"taxonomy":"product_cat","embeddable":true,"href":"https:\/\/daritek.com\/index.php?rest_route=%2Fwp%2Fv2%2Fproduct_cat&post=2632"},{"taxonomy":"product_tag","embeddable":true,"href":"https:\/\/daritek.com\/index.php?rest_route=%2Fwp%2Fv2%2Fproduct_tag&post=2632"}],"curies":[{"name":"wp","href":"https:\/\/api.w.org\/{rel}","templated":true}]}}