{"id":2814,"date":"2026-02-19T11:21:15","date_gmt":"2026-02-19T11:21:15","guid":{"rendered":"https:\/\/daritek.com\/?post_type=product&#038;p=2814"},"modified":"2026-04-06T18:36:27","modified_gmt":"2026-04-06T18:36:27","slug":"bras-mixeur-450w-easychef-moulinex-dd451810","status":"publish","type":"product","link":"https:\/\/daritek.com\/?product=bras-mixeur-450w-easychef-moulinex-dd451810","title":{"rendered":"Bras Mixeur 450W Easychef Moulinex DD451810"},"content":{"rendered":"<h3><strong>Des pr\u00e9parations quotidiennes \u00e0 votre port\u00e9e\u00a0!<\/strong><\/h3>\n<p>Dot\u00e9 de fonctionnalit\u00e9s pratiques pens\u00e9es pour vous faciliter la cuisine au quotidien, le pied mixeur Moulinex Easychef met d&rsquo;innombrables options \u00e0 votre port\u00e9e. Faites de la cuisine un jeu d&rsquo;enfant en pr\u00e9parant de succulents dips, sauces, desserts, etc. Dot\u00e9 d&rsquo;une puissance de 450\u00a0W assurant efficacit\u00e9 et performance, il est \u00e9galement muni de lames ZELKROM ultra-r\u00e9sistantes pour des r\u00e9sultats parfaitement lisses. Utiliser un pied mixeur n&rsquo;a jamais \u00e9t\u00e9 aussi facile gr\u00e2ce \u00e0 son bouton unique et simple permettant de le r\u00e9gler sur deux vitesses, y compris une fonction TURBO garantissant une puissance maximale et permettant de mixer les ingr\u00e9dients les plus r\u00e9calcitrants. \u00c9l\u00e9ments amovibles compatibles lave-vaisselle pour un nettoyage sans effort, pied anti-\u00e9claboussures pour \u00e9viter la salet\u00e9 et les d\u00e9versements, poign\u00e9e textur\u00e9e et ergonomique pour plus de confort et de facilit\u00e9 d&rsquo;utilisation. Et tout cela, dans un design robuste et con\u00e7u pour durer, assurant un mixage parfait.<\/p>\n<ul>\n<li>Puissance: 450 watts<\/li>\n<li>02 vitesses<\/li>\n<li>Pied en acier inoxydable<\/li>\n<li>Gobelet mesureur 800 ML<\/li>\n<li>Lames ZELKROM des lames ultra r\u00e9sistantes en mat\u00e9riau zelkrom<\/li>\n<li>Prise en main facile<\/li>\n<li>Accessoires compatibles lave-vaisselle<\/li>\n<li>Anti \u00e9claboussures<\/li>\n<\/ul>\n<p><img fetchpriority=\"high\" decoding=\"async\" class=\"alignnone size-medium wp-image-2815\" src=\"https:\/\/daritek.com\/wp-content\/uploads\/2026\/02\/gvc.product.image_.1734292556362.9822a283-53ff-4884-8b16-39785c2d90a4-400x400.png\" alt=\"\" width=\"400\" height=\"400\" srcset=\"https:\/\/daritek.com\/wp-content\/uploads\/2026\/02\/gvc.product.image_.1734292556362.9822a283-53ff-4884-8b16-39785c2d90a4-400x400.png 400w, https:\/\/daritek.com\/wp-content\/uploads\/2026\/02\/gvc.product.image_.1734292556362.9822a283-53ff-4884-8b16-39785c2d90a4-280x280.png 280w, https:\/\/daritek.com\/wp-content\/uploads\/2026\/02\/gvc.product.image_.1734292556362.9822a283-53ff-4884-8b16-39785c2d90a4-100x100.png 100w, https:\/\/daritek.com\/wp-content\/uploads\/2026\/02\/gvc.product.image_.1734292556362.9822a283-53ff-4884-8b16-39785c2d90a4.png 500w\" sizes=\"(max-width: 400px) 100vw, 400px\" \/> <img decoding=\"async\" class=\"alignnone size-medium wp-image-2816\" src=\"https:\/\/daritek.com\/wp-content\/uploads\/2026\/02\/gvc.product.image_.1734292563255.3b9c59f8-a42f-4d9c-bee8-5304b8c4a861-400x400.png\" alt=\"\" width=\"400\" height=\"400\" srcset=\"https:\/\/daritek.com\/wp-content\/uploads\/2026\/02\/gvc.product.image_.1734292563255.3b9c59f8-a42f-4d9c-bee8-5304b8c4a861-400x400.png 400w, https:\/\/daritek.com\/wp-content\/uploads\/2026\/02\/gvc.product.image_.1734292563255.3b9c59f8-a42f-4d9c-bee8-5304b8c4a861-280x280.png 280w, https:\/\/daritek.com\/wp-content\/uploads\/2026\/02\/gvc.product.image_.1734292563255.3b9c59f8-a42f-4d9c-bee8-5304b8c4a861-100x100.png 100w, https:\/\/daritek.com\/wp-content\/uploads\/2026\/02\/gvc.product.image_.1734292563255.3b9c59f8-a42f-4d9c-bee8-5304b8c4a861.png 500w\" sizes=\"(max-width: 400px) 100vw, 400px\" \/><\/p>\n<p><img decoding=\"async\" class=\"alignnone size-medium wp-image-2817\" src=\"https:\/\/daritek.com\/wp-content\/uploads\/2026\/02\/gvc.product.image_.1734292567273.5015f32f-4c93-4858-9a5f-be121835bf7b-400x400.png\" alt=\"\" width=\"400\" height=\"400\" srcset=\"https:\/\/daritek.com\/wp-content\/uploads\/2026\/02\/gvc.product.image_.1734292567273.5015f32f-4c93-4858-9a5f-be121835bf7b-400x400.png 400w, https:\/\/daritek.com\/wp-content\/uploads\/2026\/02\/gvc.product.image_.1734292567273.5015f32f-4c93-4858-9a5f-be121835bf7b-280x280.png 280w, https:\/\/daritek.com\/wp-content\/uploads\/2026\/02\/gvc.product.image_.1734292567273.5015f32f-4c93-4858-9a5f-be121835bf7b-100x100.png 100w, https:\/\/daritek.com\/wp-content\/uploads\/2026\/02\/gvc.product.image_.1734292567273.5015f32f-4c93-4858-9a5f-be121835bf7b.png 500w\" sizes=\"(max-width: 400px) 100vw, 400px\" \/> <img loading=\"lazy\" decoding=\"async\" class=\"alignnone size-medium wp-image-2818\" src=\"https:\/\/daritek.com\/wp-content\/uploads\/2026\/02\/gvc.product.image_.1734292574215.5f6da23e-a94e-4ac8-a976-082955b877ba-400x400.png\" alt=\"\" width=\"400\" height=\"400\" srcset=\"https:\/\/daritek.com\/wp-content\/uploads\/2026\/02\/gvc.product.image_.1734292574215.5f6da23e-a94e-4ac8-a976-082955b877ba-400x400.png 400w, https:\/\/daritek.com\/wp-content\/uploads\/2026\/02\/gvc.product.image_.1734292574215.5f6da23e-a94e-4ac8-a976-082955b877ba-280x280.png 280w, https:\/\/daritek.com\/wp-content\/uploads\/2026\/02\/gvc.product.image_.1734292574215.5f6da23e-a94e-4ac8-a976-082955b877ba-100x100.png 100w, https:\/\/daritek.com\/wp-content\/uploads\/2026\/02\/gvc.product.image_.1734292574215.5f6da23e-a94e-4ac8-a976-082955b877ba.png 500w\" sizes=\"(max-width: 400px) 100vw, 400px\" \/><\/p>\n<h3>Caract\u00e9ristiques techniques<\/h3>\n<table class=\"tech-specs\" style=\"width: 100%; border-collapse: collapse;\">\n<tbody>\n<tr>\n<th style=\"text-align: left; padding: 8px; border-bottom: 1px solid #eee;\">TYPE<\/th>\n<td style=\"padding: 8px; border-bottom: 1px solid #eee;\">Bras Mixeur<\/td>\n<\/tr>\n<tr>\n<th style=\"text-align: left; padding: 8px; border-bottom: 1px solid #eee;\">Marque<\/th>\n<td style=\"padding: 8px; border-bottom: 1px solid #eee;\">Moulinex<\/td>\n<\/tr>\n<tr>\n<th style=\"text-align: left; padding: 8px; border-bottom: 1px solid #eee;\">Model<\/th>\n<td style=\"padding: 8px; border-bottom: 1px solid #eee;\">Easychef<\/td>\n<\/tr>\n<tr>\n<th style=\"text-align: left; padding: 8px; border-bottom: 1px solid #eee;\">R\u00e9f\u00e9rence<\/th>\n<td style=\"padding: 8px; border-bottom: 1px solid #eee;\">DD451810<\/td>\n<\/tr>\n<tr>\n<th style=\"text-align: left; padding: 8px; border-bottom: 1px solid #eee;\">PUISSANCE<\/th>\n<td style=\"padding: 8px; border-bottom: 1px solid #eee;\">450W<\/td>\n<\/tr>\n<tr>\n<th style=\"text-align: left; padding: 8px; border-bottom: 1px solid #eee;\">Nombre De Vitesses<\/th>\n<td style=\"padding: 8px; border-bottom: 1px solid #eee;\">2 Vitesses<\/td>\n<\/tr>\n<tr>\n<th style=\"text-align: left; padding: 8px; border-bottom: 1px solid #eee;\">Nombre De Lames<\/th>\n<td style=\"padding: 8px; border-bottom: 1px solid #eee;\">2 Lames ZELKROM En inox<\/td>\n<\/tr>\n<tr>\n<th style=\"text-align: left; padding: 8px; border-bottom: 1px solid #eee;\">Capacit\u00e9<\/th>\n<td style=\"padding: 8px; border-bottom: 1px solid #eee;\">R\u00e9cipient 800 ml<\/td>\n<\/tr>\n<tr>\n<th style=\"text-align: left; padding: 8px; border-bottom: 1px solid #eee;\">Mateire du Pied<\/th>\n<td style=\"padding: 8px; border-bottom: 1px solid #eee;\">\u00a0En Acier Inoxydable<\/td>\n<\/tr>\n<tr>\n<th style=\"text-align: left; padding: 8px; border-bottom: 1px solid #eee;\">Poign\u00e9e ergonomique<\/th>\n<td style=\"padding: 8px; border-bottom: 1px solid #eee;\">Oui<\/td>\n<\/tr>\n<\/tbody>\n<\/table>\n","protected":false},"excerpt":{"rendered":"<ul class=\"marker:text-quiet list-disc\">\n<li class=\"py-0 my-0 prose-p:pt-0 prose-p:mb-2 prose-p:my-0 [&amp;&gt;p]:pt-0 [&amp;&gt;p]:mb-2 [&amp;&gt;p]:my-0\">Puissance 450 W : mixage rapide pour les pr\u00e9parations du quotidien<span class=\"inline-flex\" aria-label=\"Easychef, Pied mixeur, 2 vitesses, 2 lames ZELKROM, 450 W, Blanc\" data-state=\"closed\">\u200b<\/span><\/li>\n<li class=\"py-0 my-0 prose-p:pt-0 prose-p:mb-2 prose-p:my-0 [&amp;&gt;p]:pt-0 [&amp;&gt;p]:mb-2 [&amp;&gt;p]:my-0\">2 vitesses : adaptez la puissance selon la texture voulue<span class=\"inline-flex\" aria-label=\"Easychef, Pied mixeur, 2 vitesses, 2 lames ZELKROM, 450 W, Blanc\" data-state=\"closed\">\u200b<\/span><\/li>\n<li class=\"py-0 my-0 prose-p:pt-0 prose-p:mb-2 prose-p:my-0 [&amp;&gt;p]:pt-0 [&amp;&gt;p]:mb-2 [&amp;&gt;p]:my-0\">Pied en acier inoxydable : robuste et durable<span class=\"inline-flex\" aria-label=\"Mixeur plongeant - 450W - EasyChef - blanc\/gris - Cdiscount\" data-state=\"closed\">\u200b<\/span><\/li>\n<li class=\"py-0 my-0 prose-p:pt-0 prose-p:mb-2 prose-p:my-0 [&amp;&gt;p]:pt-0 [&amp;&gt;p]:mb-2 [&amp;&gt;p]:my-0\">Gobelet mesureur 800 ml : pratique pour doser et mixer directement<span class=\"inline-flex\" aria-label=\"Easychef, Pied mixeur, 2 vitesses, 2 lames ZELKROM, 450 W, Blanc\" data-state=\"closed\">\u200b<\/span><\/li>\n<li class=\"py-0 my-0 prose-p:pt-0 prose-p:mb-2 prose-p:my-0 [&amp;&gt;p]:pt-0 [&amp;&gt;p]:mb-2 [&amp;&gt;p]:my-0\">Lames ZELKROM : lames ultra r\u00e9sistantes pour des r\u00e9sultats lisses et homog\u00e8nes<span class=\"inline-flex\" aria-label=\"Mixeur plongeant - 450W - EasyChef - blanc\/gris - Cdiscount\" data-state=\"closed\">\u200b<\/span><\/li>\n<li class=\"py-0 my-0 prose-p:pt-0 prose-p:mb-2 prose-p:my-0 [&amp;&gt;p]:pt-0 [&amp;&gt;p]:mb-2 [&amp;&gt;p]:my-0\">Confort &amp; entretien : bonne prise en main, pied anti\u2011\u00e9claboussures, accessoires compatibles lave\u2011vaisselle<\/li>\n<\/ul>\n","protected":false},"featured_media":2815,"comment_status":"open","ping_status":"closed","template":"","meta":{"_crdt_document":""},"product_brand":[100],"product_cat":[84,295,265],"product_tag":[],"class_list":{"0":"post-2814","1":"product","2":"type-product","3":"status-publish","4":"has-post-thumbnail","6":"product_brand-moulinex","7":"product_cat-electromenager","8":"product_cat-mixeur-plongeant","9":"product_cat-petit-electromenager","11":"first","12":"instock","13":"sale","14":"shipping-taxable","15":"purchasable","16":"product-type-simple"},"jetpack_sharing_enabled":true,"_links":{"self":[{"href":"https:\/\/daritek.com\/index.php?rest_route=\/wp\/v2\/product\/2814","targetHints":{"allow":["GET"]}}],"collection":[{"href":"https:\/\/daritek.com\/index.php?rest_route=\/wp\/v2\/product"}],"about":[{"href":"https:\/\/daritek.com\/index.php?rest_route=\/wp\/v2\/types\/product"}],"replies":[{"embeddable":true,"href":"https:\/\/daritek.com\/index.php?rest_route=%2Fwp%2Fv2%2Fcomments&post=2814"}],"wp:featuredmedia":[{"embeddable":true,"href":"https:\/\/daritek.com\/index.php?rest_route=\/wp\/v2\/media\/2815"}],"wp:attachment":[{"href":"https:\/\/daritek.com\/index.php?rest_route=%2Fwp%2Fv2%2Fmedia&parent=2814"}],"wp:term":[{"taxonomy":"product_brand","embeddable":true,"href":"https:\/\/daritek.com\/index.php?rest_route=%2Fwp%2Fv2%2Fproduct_brand&post=2814"},{"taxonomy":"product_cat","embeddable":true,"href":"https:\/\/daritek.com\/index.php?rest_route=%2Fwp%2Fv2%2Fproduct_cat&post=2814"},{"taxonomy":"product_tag","embeddable":true,"href":"https:\/\/daritek.com\/index.php?rest_route=%2Fwp%2Fv2%2Fproduct_tag&post=2814"}],"curies":[{"name":"wp","href":"https:\/\/api.w.org\/{rel}","templated":true}]}}