{"id":2855,"date":"2026-02-19T13:51:28","date_gmt":"2026-02-19T13:51:28","guid":{"rendered":"https:\/\/daritek.com\/?post_type=product&#038;p=2855"},"modified":"2026-02-19T13:52:18","modified_gmt":"2026-02-19T13:52:18","slug":"mixeur-plongeant-350w-a-lames-inox-zelkrom-tefal-hb12an10","status":"publish","type":"product","link":"https:\/\/daritek.com\/?product=mixeur-plongeant-350w-a-lames-inox-zelkrom-tefal-hb12an10","title":{"rendered":"Bras Mixeur Plongeant 350W \u00c0 Lames Inox Zelkrom Tefal HB12AN10"},"content":{"rendered":"<h3><strong>Bras Mixeur Plongeant 350W \u00c0 Lames Inox Zelkrom Tefal HB12AN10<\/strong><\/h3>\n<p data-start=\"450\" data-end=\"687\">Le\u00a0<strong data-start=\"453\" data-end=\"488\">mixeur plongeant Tefal HB12AN10<\/strong> est l\u2019alli\u00e9 id\u00e9al pour un mixage rapide, efficace et sans effort.\u00a0il a \u00e9t\u00e9 con\u00e7u pour offrir des r\u00e9sultats parfaits en toute simplicit\u00e9, sur simple pression d\u2019un bouton.<\/p>\n<p data-start=\"689\" data-end=\"1005\">Dot\u00e9 d\u2019une\u00a0<strong data-start=\"700\" data-end=\"722\">puissance de 350 W<\/strong>\u00a0et de\u00a0<strong data-start=\"729\" data-end=\"790\">deux lames inox haute r\u00e9sistance avec technologie ZELKROM<\/strong>, ce mixeur garantit une texture onctueuse et homog\u00e8ne pour vos soupes, sauces, pur\u00e9es et pr\u00e9parations maison. Son\u00a0<strong data-start=\"905\" data-end=\"943\">fonctionnement \u00e0 une seule vitesse<\/strong>\u00a0facilite l\u2019utilisation au quotidien, m\u00eame pour les d\u00e9butants.<\/p>\n<p data-start=\"1007\" data-end=\"1404\">Pratique et ergonomique, il est \u00e9quip\u00e9 d\u2019un\u00a0<strong data-start=\"1051\" data-end=\"1078\">pied anti-\u00e9claboussures<\/strong>\u00a0pour garder votre plan de travail propre, ainsi que d\u2019une\u00a0<strong data-start=\"1137\" data-end=\"1169\">poign\u00e9e ergonomique textur\u00e9e<\/strong>\u00a0assurant une prise en main confortable. Les\u00a0<strong data-start=\"1214\" data-end=\"1261\">pi\u00e8ces amovibles compatibles lave-vaisselle<\/strong>\u00a0rendent le nettoyage simple et rapide.<br data-start=\"1300\" data-end=\"1303\" \/>Un choix fiable et durable sign\u00e9\u00a0<strong data-start=\"1336\" data-end=\"1345\">Tefal<\/strong>, s\u00e9lectionn\u00e9 avec soin\u00a0pour votre cuisine.<\/p>\n<ul>\n<li>Puissance: 350 watts<\/li>\n<li>Nombre de vitesse: 01<\/li>\n<li>Pied en plastique r\u00e9sistant<\/li>\n<li>Gobelet mesureur 800 ML<\/li>\n<li>Lames ZELKROM des lames ultra r\u00e9sistantes en mat\u00e9riau zelkrom<\/li>\n<li>Prise en main facile<\/li>\n<li>Accessoires compatibles lave-vaisselle<\/li>\n<li>Anti \u00e9claboussures<\/li>\n<\/ul>\n<p><img fetchpriority=\"high\" decoding=\"async\" class=\"alignnone size-medium wp-image-2857\" src=\"https:\/\/daritek.com\/wp-content\/uploads\/2026\/02\/gvc.product.image_.1736366196764.7fa6896e-f9da-4994-93b8-804602df7644-400x400.png\" alt=\"\" width=\"400\" height=\"400\" srcset=\"https:\/\/daritek.com\/wp-content\/uploads\/2026\/02\/gvc.product.image_.1736366196764.7fa6896e-f9da-4994-93b8-804602df7644-400x400.png 400w, https:\/\/daritek.com\/wp-content\/uploads\/2026\/02\/gvc.product.image_.1736366196764.7fa6896e-f9da-4994-93b8-804602df7644-800x800.png 800w, https:\/\/daritek.com\/wp-content\/uploads\/2026\/02\/gvc.product.image_.1736366196764.7fa6896e-f9da-4994-93b8-804602df7644-280x280.png 280w, https:\/\/daritek.com\/wp-content\/uploads\/2026\/02\/gvc.product.image_.1736366196764.7fa6896e-f9da-4994-93b8-804602df7644-768x768.png 768w, https:\/\/daritek.com\/wp-content\/uploads\/2026\/02\/gvc.product.image_.1736366196764.7fa6896e-f9da-4994-93b8-804602df7644-1536x1536.png 1536w, https:\/\/daritek.com\/wp-content\/uploads\/2026\/02\/gvc.product.image_.1736366196764.7fa6896e-f9da-4994-93b8-804602df7644-1000x1000.png 1000w, https:\/\/daritek.com\/wp-content\/uploads\/2026\/02\/gvc.product.image_.1736366196764.7fa6896e-f9da-4994-93b8-804602df7644-100x100.png 100w, https:\/\/daritek.com\/wp-content\/uploads\/2026\/02\/gvc.product.image_.1736366196764.7fa6896e-f9da-4994-93b8-804602df7644.png 2000w\" sizes=\"(max-width: 400px) 100vw, 400px\" \/> <img decoding=\"async\" class=\"alignnone size-medium wp-image-2858\" src=\"https:\/\/daritek.com\/wp-content\/uploads\/2026\/02\/gvc.product.image_.1736366203955.2897305a-59c5-438d-8444-28b2bfbd5fcf-400x400.png\" alt=\"\" width=\"400\" height=\"400\" srcset=\"https:\/\/daritek.com\/wp-content\/uploads\/2026\/02\/gvc.product.image_.1736366203955.2897305a-59c5-438d-8444-28b2bfbd5fcf-400x400.png 400w, https:\/\/daritek.com\/wp-content\/uploads\/2026\/02\/gvc.product.image_.1736366203955.2897305a-59c5-438d-8444-28b2bfbd5fcf-800x800.png 800w, https:\/\/daritek.com\/wp-content\/uploads\/2026\/02\/gvc.product.image_.1736366203955.2897305a-59c5-438d-8444-28b2bfbd5fcf-280x280.png 280w, https:\/\/daritek.com\/wp-content\/uploads\/2026\/02\/gvc.product.image_.1736366203955.2897305a-59c5-438d-8444-28b2bfbd5fcf-768x768.png 768w, https:\/\/daritek.com\/wp-content\/uploads\/2026\/02\/gvc.product.image_.1736366203955.2897305a-59c5-438d-8444-28b2bfbd5fcf-1536x1536.png 1536w, https:\/\/daritek.com\/wp-content\/uploads\/2026\/02\/gvc.product.image_.1736366203955.2897305a-59c5-438d-8444-28b2bfbd5fcf-1000x1000.png 1000w, https:\/\/daritek.com\/wp-content\/uploads\/2026\/02\/gvc.product.image_.1736366203955.2897305a-59c5-438d-8444-28b2bfbd5fcf-100x100.png 100w, https:\/\/daritek.com\/wp-content\/uploads\/2026\/02\/gvc.product.image_.1736366203955.2897305a-59c5-438d-8444-28b2bfbd5fcf.png 2000w\" sizes=\"(max-width: 400px) 100vw, 400px\" \/><\/p>\n<p><img decoding=\"async\" class=\"alignnone size-medium wp-image-2859\" src=\"https:\/\/daritek.com\/wp-content\/uploads\/2026\/02\/gvc.product.image_.1736366213649.eefdf98f-7562-4c4d-a3cf-bdb84e2b46de-400x400.png\" alt=\"\" width=\"400\" height=\"400\" srcset=\"https:\/\/daritek.com\/wp-content\/uploads\/2026\/02\/gvc.product.image_.1736366213649.eefdf98f-7562-4c4d-a3cf-bdb84e2b46de-400x400.png 400w, https:\/\/daritek.com\/wp-content\/uploads\/2026\/02\/gvc.product.image_.1736366213649.eefdf98f-7562-4c4d-a3cf-bdb84e2b46de-800x800.png 800w, https:\/\/daritek.com\/wp-content\/uploads\/2026\/02\/gvc.product.image_.1736366213649.eefdf98f-7562-4c4d-a3cf-bdb84e2b46de-280x280.png 280w, https:\/\/daritek.com\/wp-content\/uploads\/2026\/02\/gvc.product.image_.1736366213649.eefdf98f-7562-4c4d-a3cf-bdb84e2b46de-768x768.png 768w, https:\/\/daritek.com\/wp-content\/uploads\/2026\/02\/gvc.product.image_.1736366213649.eefdf98f-7562-4c4d-a3cf-bdb84e2b46de-1536x1536.png 1536w, https:\/\/daritek.com\/wp-content\/uploads\/2026\/02\/gvc.product.image_.1736366213649.eefdf98f-7562-4c4d-a3cf-bdb84e2b46de-1000x1000.png 1000w, https:\/\/daritek.com\/wp-content\/uploads\/2026\/02\/gvc.product.image_.1736366213649.eefdf98f-7562-4c4d-a3cf-bdb84e2b46de-100x100.png 100w, https:\/\/daritek.com\/wp-content\/uploads\/2026\/02\/gvc.product.image_.1736366213649.eefdf98f-7562-4c4d-a3cf-bdb84e2b46de.png 2000w\" sizes=\"(max-width: 400px) 100vw, 400px\" \/> <img loading=\"lazy\" decoding=\"async\" class=\"alignnone size-medium wp-image-2860\" src=\"https:\/\/daritek.com\/wp-content\/uploads\/2026\/02\/gvc.product.image_.1736366220581.fb52176b-a471-41ee-920c-e65fa09406d1-400x400.png\" alt=\"\" width=\"400\" height=\"400\" srcset=\"https:\/\/daritek.com\/wp-content\/uploads\/2026\/02\/gvc.product.image_.1736366220581.fb52176b-a471-41ee-920c-e65fa09406d1-400x400.png 400w, https:\/\/daritek.com\/wp-content\/uploads\/2026\/02\/gvc.product.image_.1736366220581.fb52176b-a471-41ee-920c-e65fa09406d1-800x800.png 800w, https:\/\/daritek.com\/wp-content\/uploads\/2026\/02\/gvc.product.image_.1736366220581.fb52176b-a471-41ee-920c-e65fa09406d1-280x280.png 280w, https:\/\/daritek.com\/wp-content\/uploads\/2026\/02\/gvc.product.image_.1736366220581.fb52176b-a471-41ee-920c-e65fa09406d1-768x768.png 768w, https:\/\/daritek.com\/wp-content\/uploads\/2026\/02\/gvc.product.image_.1736366220581.fb52176b-a471-41ee-920c-e65fa09406d1-1536x1536.png 1536w, https:\/\/daritek.com\/wp-content\/uploads\/2026\/02\/gvc.product.image_.1736366220581.fb52176b-a471-41ee-920c-e65fa09406d1-1000x1000.png 1000w, https:\/\/daritek.com\/wp-content\/uploads\/2026\/02\/gvc.product.image_.1736366220581.fb52176b-a471-41ee-920c-e65fa09406d1-100x100.png 100w, https:\/\/daritek.com\/wp-content\/uploads\/2026\/02\/gvc.product.image_.1736366220581.fb52176b-a471-41ee-920c-e65fa09406d1.png 2000w\" sizes=\"(max-width: 400px) 100vw, 400px\" \/><\/p>\n<p><img loading=\"lazy\" decoding=\"async\" class=\"alignnone size-medium wp-image-2861\" src=\"https:\/\/daritek.com\/wp-content\/uploads\/2026\/02\/gvc.product.image_.1736366226251.6275fe0f-4ebd-4920-af06-01ef29a8ebfc-400x400.png\" alt=\"\" width=\"400\" height=\"400\" srcset=\"https:\/\/daritek.com\/wp-content\/uploads\/2026\/02\/gvc.product.image_.1736366226251.6275fe0f-4ebd-4920-af06-01ef29a8ebfc-400x400.png 400w, https:\/\/daritek.com\/wp-content\/uploads\/2026\/02\/gvc.product.image_.1736366226251.6275fe0f-4ebd-4920-af06-01ef29a8ebfc-800x800.png 800w, https:\/\/daritek.com\/wp-content\/uploads\/2026\/02\/gvc.product.image_.1736366226251.6275fe0f-4ebd-4920-af06-01ef29a8ebfc-280x280.png 280w, https:\/\/daritek.com\/wp-content\/uploads\/2026\/02\/gvc.product.image_.1736366226251.6275fe0f-4ebd-4920-af06-01ef29a8ebfc-768x768.png 768w, https:\/\/daritek.com\/wp-content\/uploads\/2026\/02\/gvc.product.image_.1736366226251.6275fe0f-4ebd-4920-af06-01ef29a8ebfc-1536x1536.png 1536w, https:\/\/daritek.com\/wp-content\/uploads\/2026\/02\/gvc.product.image_.1736366226251.6275fe0f-4ebd-4920-af06-01ef29a8ebfc-1000x1000.png 1000w, https:\/\/daritek.com\/wp-content\/uploads\/2026\/02\/gvc.product.image_.1736366226251.6275fe0f-4ebd-4920-af06-01ef29a8ebfc-100x100.png 100w, https:\/\/daritek.com\/wp-content\/uploads\/2026\/02\/gvc.product.image_.1736366226251.6275fe0f-4ebd-4920-af06-01ef29a8ebfc.png 2000w\" sizes=\"(max-width: 400px) 100vw, 400px\" \/> <img loading=\"lazy\" decoding=\"async\" class=\"alignnone size-medium wp-image-2862\" src=\"https:\/\/daritek.com\/wp-content\/uploads\/2026\/02\/gvc.product.image_.1736366228722.20902563-87a0-44e5-99bc-1fb51af2c779-400x400.png\" alt=\"\" width=\"400\" height=\"400\" srcset=\"https:\/\/daritek.com\/wp-content\/uploads\/2026\/02\/gvc.product.image_.1736366228722.20902563-87a0-44e5-99bc-1fb51af2c779-400x400.png 400w, https:\/\/daritek.com\/wp-content\/uploads\/2026\/02\/gvc.product.image_.1736366228722.20902563-87a0-44e5-99bc-1fb51af2c779-800x800.png 800w, https:\/\/daritek.com\/wp-content\/uploads\/2026\/02\/gvc.product.image_.1736366228722.20902563-87a0-44e5-99bc-1fb51af2c779-280x280.png 280w, https:\/\/daritek.com\/wp-content\/uploads\/2026\/02\/gvc.product.image_.1736366228722.20902563-87a0-44e5-99bc-1fb51af2c779-768x768.png 768w, https:\/\/daritek.com\/wp-content\/uploads\/2026\/02\/gvc.product.image_.1736366228722.20902563-87a0-44e5-99bc-1fb51af2c779-1536x1536.png 1536w, https:\/\/daritek.com\/wp-content\/uploads\/2026\/02\/gvc.product.image_.1736366228722.20902563-87a0-44e5-99bc-1fb51af2c779-1000x1000.png 1000w, https:\/\/daritek.com\/wp-content\/uploads\/2026\/02\/gvc.product.image_.1736366228722.20902563-87a0-44e5-99bc-1fb51af2c779-100x100.png 100w, https:\/\/daritek.com\/wp-content\/uploads\/2026\/02\/gvc.product.image_.1736366228722.20902563-87a0-44e5-99bc-1fb51af2c779.png 2000w\" sizes=\"(max-width: 400px) 100vw, 400px\" \/><\/p>\n<h3>Caract\u00e9ristiques techniques<\/h3>\n<table class=\"tech-specs\" style=\"width: 100%; border-collapse: collapse;\">\n<tbody>\n<tr>\n<th style=\"text-align: left; padding: 8px; border-bottom: 1px solid #eee;\">TYPE<\/th>\n<td style=\"padding: 8px; border-bottom: 1px solid #eee;\">Bras Mixeur<\/td>\n<\/tr>\n<tr>\n<th style=\"text-align: left; padding: 8px; border-bottom: 1px solid #eee;\">Marque<\/th>\n<td style=\"padding: 8px; border-bottom: 1px solid #eee;\">Tefal<\/td>\n<\/tr>\n<tr>\n<th style=\"text-align: left; padding: 8px; border-bottom: 1px solid #eee;\">R\u00e9f\u00e9rence<\/th>\n<td style=\"padding: 8px; border-bottom: 1px solid #eee;\">HB12AN10<\/td>\n<\/tr>\n<tr>\n<th style=\"text-align: left; padding: 8px; border-bottom: 1px solid #eee;\">PUISSANCE<\/th>\n<td style=\"padding: 8px; border-bottom: 1px solid #eee;\">350W<\/td>\n<\/tr>\n<tr>\n<th style=\"text-align: left; padding: 8px; border-bottom: 1px solid #eee;\">Nombre De Vitesses<\/th>\n<td style=\"padding: 8px; border-bottom: 1px solid #eee;\">1 Vitesse Maximale<\/td>\n<\/tr>\n<tr>\n<th style=\"text-align: left; padding: 8px; border-bottom: 1px solid #eee;\">Nombre De Lames<\/th>\n<td style=\"padding: 8px; border-bottom: 1px solid #eee;\">2 Lames ZELKROM En inox<\/td>\n<\/tr>\n<tr>\n<th style=\"text-align: left; padding: 8px; border-bottom: 1px solid #eee;\">Capacit\u00e9<\/th>\n<td style=\"padding: 8px; border-bottom: 1px solid #eee;\">R\u00e9cipient 800 ml<\/td>\n<\/tr>\n<tr>\n<th style=\"text-align: left; padding: 8px; border-bottom: 1px solid #eee;\">Mateire du Pied<\/th>\n<td style=\"padding: 8px; border-bottom: 1px solid #eee;\">\u00a0Plastique<\/td>\n<\/tr>\n<tr>\n<th style=\"text-align: left; padding: 8px; border-bottom: 1px solid #eee;\">Poign\u00e9e ergonomique<\/th>\n<td style=\"padding: 8px; border-bottom: 1px solid #eee;\">Oui<\/td>\n<\/tr>\n<\/tbody>\n<\/table>\n","protected":false},"excerpt":{"rendered":"<ul>\n<li data-start=\"2166\" data-end=\"2220\">Puissance de 350 W pour un mixage rapide et homog\u00e8ne<\/li>\n<li data-start=\"2223\" data-end=\"2265\">Deux lames inox ZELKROM tr\u00e8s r\u00e9sistantes<\/li>\n<li data-start=\"2268\" data-end=\"2311\">Utilisation simple avec une seule vitesse<\/li>\n<li data-start=\"2314\" data-end=\"2361\">Pied anti-\u00e9claboussures pour plus de propret\u00e9<\/li>\n<li data-start=\"2364\" data-end=\"2420\">Poign\u00e9e ergonomique pour une prise en main confortable<\/li>\n<\/ul>\n","protected":false},"featured_media":2856,"comment_status":"open","ping_status":"closed","template":"","meta":{"_crdt_document":""},"product_brand":[776],"product_cat":[84,295,265],"product_tag":[],"class_list":{"0":"post-2855","1":"product","2":"type-product","3":"status-publish","4":"has-post-thumbnail","6":"product_brand-tefal","7":"product_cat-electromenager","8":"product_cat-mixeur-plongeant","9":"product_cat-petit-electromenager","11":"first","12":"instock","13":"shipping-taxable","14":"purchasable","15":"product-type-simple"},"_links":{"self":[{"href":"https:\/\/daritek.com\/index.php?rest_route=\/wp\/v2\/product\/2855","targetHints":{"allow":["GET"]}}],"collection":[{"href":"https:\/\/daritek.com\/index.php?rest_route=\/wp\/v2\/product"}],"about":[{"href":"https:\/\/daritek.com\/index.php?rest_route=\/wp\/v2\/types\/product"}],"replies":[{"embeddable":true,"href":"https:\/\/daritek.com\/index.php?rest_route=%2Fwp%2Fv2%2Fcomments&post=2855"}],"wp:featuredmedia":[{"embeddable":true,"href":"https:\/\/daritek.com\/index.php?rest_route=\/wp\/v2\/media\/2856"}],"wp:attachment":[{"href":"https:\/\/daritek.com\/index.php?rest_route=%2Fwp%2Fv2%2Fmedia&parent=2855"}],"wp:term":[{"taxonomy":"product_brand","embeddable":true,"href":"https:\/\/daritek.com\/index.php?rest_route=%2Fwp%2Fv2%2Fproduct_brand&post=2855"},{"taxonomy":"product_cat","embeddable":true,"href":"https:\/\/daritek.com\/index.php?rest_route=%2Fwp%2Fv2%2Fproduct_cat&post=2855"},{"taxonomy":"product_tag","embeddable":true,"href":"https:\/\/daritek.com\/index.php?rest_route=%2Fwp%2Fv2%2Fproduct_tag&post=2855"}],"curies":[{"name":"wp","href":"https:\/\/api.w.org\/{rel}","templated":true}]}}