{"id":2930,"date":"2026-02-19T16:28:38","date_gmt":"2026-02-19T16:28:38","guid":{"rendered":"https:\/\/daritek.com\/?post_type=product&#038;p=2930"},"modified":"2026-02-20T13:49:04","modified_gmt":"2026-02-20T13:49:04","slug":"bras-mixeur-inox-600w-avec-tasse-silvercrest-hb6079b-n","status":"publish","type":"product","link":"https:\/\/daritek.com\/?product=bras-mixeur-inox-600w-avec-tasse-silvercrest-hb6079b-n","title":{"rendered":"Bras Mixeur Inox 600W Avec Tasse &#8211; SilverCrest HB6079B-N"},"content":{"rendered":"<h3><strong>Bras Mixeur SilverCrest \u00a0\u2013 Puissance et Simplicit\u00e9 pour Vos Pr\u00e9parations<\/strong><\/h3>\n<p>Optez pour la performance et la simplicit\u00e9 avec le bras mixeur\u00a0<strong>SilverCrest<\/strong>. Con\u00e7u pour r\u00e9pondre \u00e0 tous vos besoins de mixage, il est \u00e9quip\u00e9 d\u2019un moteur puissant de\u00a0<strong>600W<\/strong>, id\u00e9al pour r\u00e9aliser des soupes, des smoothies, des sauces et bien plus encore.<\/p>\n<ul>\n<li><strong>Puissance :<\/strong>\u00a0600W<\/li>\n<li><strong>Tension nominale :<\/strong>\u00a0220-240V ~ 50\/60Hz<\/li>\n<li><strong>2 vitesses<\/strong>\u00a0pour une utilisation efficace<\/li>\n<li><strong>Pied en acier inoxydable<\/strong>, r\u00e9sistante et durable<\/li>\n<li><strong>04 Lames en acier inoxydable<\/strong>, garantissant un mixage rapide et homog\u00e8ne<\/li>\n<li><strong>Arbre amovible<\/strong>, facilitant le nettoyage et le rangement<\/li>\n<\/ul>\n<p>Le\u00a0<strong>Bras Mixeur SilverCrest<\/strong>\u00a0est l\u2019alli\u00e9 parfait pour une cuisine rapide et sans effort. Ajoutez-le \u00e0 votre collection d\u2019\u00e9lectrom\u00e9nagers et profitez d\u2019un mixage puissant au quotidien !<\/p>\n<p><img fetchpriority=\"high\" decoding=\"async\" class=\"alignnone size-medium wp-image-2933\" src=\"https:\/\/daritek.com\/wp-content\/uploads\/2026\/02\/gvc.product.image_.1739830235486.a2a1ef2b-4d4d-4efb-82f0-c83101342761-400x400.png\" alt=\"\" width=\"400\" height=\"400\" srcset=\"https:\/\/daritek.com\/wp-content\/uploads\/2026\/02\/gvc.product.image_.1739830235486.a2a1ef2b-4d4d-4efb-82f0-c83101342761-400x400.png 400w, https:\/\/daritek.com\/wp-content\/uploads\/2026\/02\/gvc.product.image_.1739830235486.a2a1ef2b-4d4d-4efb-82f0-c83101342761-800x800.png 800w, https:\/\/daritek.com\/wp-content\/uploads\/2026\/02\/gvc.product.image_.1739830235486.a2a1ef2b-4d4d-4efb-82f0-c83101342761-280x280.png 280w, https:\/\/daritek.com\/wp-content\/uploads\/2026\/02\/gvc.product.image_.1739830235486.a2a1ef2b-4d4d-4efb-82f0-c83101342761-768x768.png 768w, https:\/\/daritek.com\/wp-content\/uploads\/2026\/02\/gvc.product.image_.1739830235486.a2a1ef2b-4d4d-4efb-82f0-c83101342761-1536x1536.png 1536w, https:\/\/daritek.com\/wp-content\/uploads\/2026\/02\/gvc.product.image_.1739830235486.a2a1ef2b-4d4d-4efb-82f0-c83101342761-1000x1000.png 1000w, https:\/\/daritek.com\/wp-content\/uploads\/2026\/02\/gvc.product.image_.1739830235486.a2a1ef2b-4d4d-4efb-82f0-c83101342761-100x100.png 100w, https:\/\/daritek.com\/wp-content\/uploads\/2026\/02\/gvc.product.image_.1739830235486.a2a1ef2b-4d4d-4efb-82f0-c83101342761.png 2000w\" sizes=\"(max-width: 400px) 100vw, 400px\" \/> <img decoding=\"async\" class=\"alignnone size-medium wp-image-2934\" src=\"https:\/\/daritek.com\/wp-content\/uploads\/2026\/02\/gvc.product.image_.1739830275242.012ca9db-dd00-416d-b53d-d1444f859ecf-400x400.png\" alt=\"\" width=\"400\" height=\"400\" srcset=\"https:\/\/daritek.com\/wp-content\/uploads\/2026\/02\/gvc.product.image_.1739830275242.012ca9db-dd00-416d-b53d-d1444f859ecf-400x400.png 400w, https:\/\/daritek.com\/wp-content\/uploads\/2026\/02\/gvc.product.image_.1739830275242.012ca9db-dd00-416d-b53d-d1444f859ecf-800x800.png 800w, https:\/\/daritek.com\/wp-content\/uploads\/2026\/02\/gvc.product.image_.1739830275242.012ca9db-dd00-416d-b53d-d1444f859ecf-280x280.png 280w, https:\/\/daritek.com\/wp-content\/uploads\/2026\/02\/gvc.product.image_.1739830275242.012ca9db-dd00-416d-b53d-d1444f859ecf-768x768.png 768w, https:\/\/daritek.com\/wp-content\/uploads\/2026\/02\/gvc.product.image_.1739830275242.012ca9db-dd00-416d-b53d-d1444f859ecf-1536x1536.png 1536w, https:\/\/daritek.com\/wp-content\/uploads\/2026\/02\/gvc.product.image_.1739830275242.012ca9db-dd00-416d-b53d-d1444f859ecf-1000x1000.png 1000w, https:\/\/daritek.com\/wp-content\/uploads\/2026\/02\/gvc.product.image_.1739830275242.012ca9db-dd00-416d-b53d-d1444f859ecf-100x100.png 100w, https:\/\/daritek.com\/wp-content\/uploads\/2026\/02\/gvc.product.image_.1739830275242.012ca9db-dd00-416d-b53d-d1444f859ecf.png 2000w\" sizes=\"(max-width: 400px) 100vw, 400px\" \/><\/p>\n<h3>Caract\u00e9ristiques techniques<\/h3>\n<table class=\"tech-specs\" style=\"width: 100%; border-collapse: collapse;\">\n<tbody>\n<tr>\n<th style=\"text-align: left; padding: 8px; border-bottom: 1px solid #eee;\">TYPE<\/th>\n<td style=\"padding: 8px; border-bottom: 1px solid #eee;\">Bras Mixeur<\/td>\n<\/tr>\n<tr>\n<th style=\"text-align: left; padding: 8px; border-bottom: 1px solid #eee;\">Marque<\/th>\n<td style=\"padding: 8px; border-bottom: 1px solid #eee;\">SilverCrest<\/td>\n<\/tr>\n<tr>\n<th style=\"text-align: left; padding: 8px; border-bottom: 1px solid #eee;\">R\u00e9f\u00e9rence<\/th>\n<td style=\"padding: 8px; border-bottom: 1px solid #eee;\">HB6079B-N<\/td>\n<\/tr>\n<tr>\n<th style=\"text-align: left; padding: 8px; border-bottom: 1px solid #eee;\">PUISSANCE<\/th>\n<td style=\"padding: 8px; border-bottom: 1px solid #eee;\">600W<\/td>\n<\/tr>\n<tr>\n<th style=\"text-align: left; padding: 8px; border-bottom: 1px solid #eee;\">Nombre De Vitesses<\/th>\n<td style=\"padding: 8px; border-bottom: 1px solid #eee;\">2 Vitesses<\/td>\n<\/tr>\n<tr>\n<th style=\"text-align: left; padding: 8px; border-bottom: 1px solid #eee;\">Nombre De Lames<\/th>\n<td style=\"padding: 8px; border-bottom: 1px solid #eee;\">4 Lames En inox<\/td>\n<\/tr>\n<tr>\n<th style=\"text-align: left; padding: 8px; border-bottom: 1px solid #eee;\">Capacit\u00e9<\/th>\n<td style=\"padding: 8px; border-bottom: 1px solid #eee;\">R\u00e9cipient 700 ml<\/td>\n<\/tr>\n<tr>\n<th style=\"text-align: left; padding: 8px; border-bottom: 1px solid #eee;\">Mateire du Pied<\/th>\n<td style=\"padding: 8px; border-bottom: 1px solid #eee;\">\u00a0En Acier Inoxydable<\/td>\n<\/tr>\n<tr>\n<th style=\"text-align: left; padding: 8px; border-bottom: 1px solid #eee;\">Poign\u00e9e ergonomique<\/th>\n<td style=\"padding: 8px; border-bottom: 1px solid #eee;\">Oui<\/td>\n<\/tr>\n<\/tbody>\n<\/table>\n","protected":false},"excerpt":{"rendered":"<ul class=\"marker:text-quiet list-disc\">\n<li class=\"py-0 my-0 prose-p:pt-0 prose-p:mb-2 prose-p:my-0 [&amp;&gt;p]:pt-0 [&amp;&gt;p]:mb-2 [&amp;&gt;p]:my-0\">Puissance 600 W : id\u00e9al pour soupes, sauces et smoothies<span class=\"inline-flex\" aria-label=\"Bras Mixeur Inox 600 W Avec Tasse - HB6079B-N\" data-state=\"closed\">\u200b<\/span><\/li>\n<li class=\"py-0 my-0 prose-p:pt-0 prose-p:mb-2 prose-p:my-0 [&amp;&gt;p]:pt-0 [&amp;&gt;p]:mb-2 [&amp;&gt;p]:my-0\">2 vitesses : utilisation simple et efficace<span class=\"inline-flex\" aria-label=\"Bras Mixeur Inox 600 W Avec Tasse - HB6079B-N\" data-state=\"closed\">\u200b<\/span><\/li>\n<li class=\"py-0 my-0 prose-p:pt-0 prose-p:mb-2 prose-p:my-0 [&amp;&gt;p]:pt-0 [&amp;&gt;p]:mb-2 [&amp;&gt;p]:my-0\">Pied en acier inoxydable : r\u00e9sistant et durable<span class=\"inline-flex\" aria-label=\"Bras Mixeur Inox 600 W Avec Tasse - HB6079B-N\" data-state=\"closed\">\u200b<\/span><\/li>\n<li class=\"py-0 my-0 prose-p:pt-0 prose-p:mb-2 prose-p:my-0 [&amp;&gt;p]:pt-0 [&amp;&gt;p]:mb-2 [&amp;&gt;p]:my-0\">4 lames en inox : mixage rapide et homog\u00e8ne<span class=\"inline-flex\" aria-label=\"Bras Mixeur Inox 600 W Avec Tasse - HB6079B-N\" data-state=\"closed\">\u200b<\/span><\/li>\n<li class=\"py-0 my-0 prose-p:pt-0 prose-p:mb-2 prose-p:my-0 [&amp;&gt;p]:pt-0 [&amp;&gt;p]:mb-2 [&amp;&gt;p]:my-0\">Arbre amovible : nettoyage et rangement facilit\u00e9s<span class=\"inline-flex\" aria-label=\"Bras Mixeur Inox 600 W Avec Tasse - HB6079B-N\" data-state=\"closed\">\u200b<\/span><\/li>\n<li class=\"py-0 my-0 prose-p:pt-0 prose-p:mb-2 prose-p:my-0 [&amp;&gt;p]:pt-0 [&amp;&gt;p]:mb-2 [&amp;&gt;p]:my-0\">Pratique au quotidien : prise en main facile, conception anti\u2011\u00e9claboussures<\/li>\n<\/ul>\n","protected":false},"featured_media":2980,"comment_status":"open","ping_status":"closed","template":"","meta":{"_crdt_document":""},"product_brand":[740],"product_cat":[84,295,265],"product_tag":[],"class_list":{"0":"post-2930","1":"product","2":"type-product","3":"status-publish","4":"has-post-thumbnail","6":"product_brand-silvercrest","7":"product_cat-electromenager","8":"product_cat-mixeur-plongeant","9":"product_cat-petit-electromenager","11":"first","12":"instock","13":"shipping-taxable","14":"purchasable","15":"product-type-simple"},"_links":{"self":[{"href":"https:\/\/daritek.com\/index.php?rest_route=\/wp\/v2\/product\/2930","targetHints":{"allow":["GET"]}}],"collection":[{"href":"https:\/\/daritek.com\/index.php?rest_route=\/wp\/v2\/product"}],"about":[{"href":"https:\/\/daritek.com\/index.php?rest_route=\/wp\/v2\/types\/product"}],"replies":[{"embeddable":true,"href":"https:\/\/daritek.com\/index.php?rest_route=%2Fwp%2Fv2%2Fcomments&post=2930"}],"wp:featuredmedia":[{"embeddable":true,"href":"https:\/\/daritek.com\/index.php?rest_route=\/wp\/v2\/media\/2980"}],"wp:attachment":[{"href":"https:\/\/daritek.com\/index.php?rest_route=%2Fwp%2Fv2%2Fmedia&parent=2930"}],"wp:term":[{"taxonomy":"product_brand","embeddable":true,"href":"https:\/\/daritek.com\/index.php?rest_route=%2Fwp%2Fv2%2Fproduct_brand&post=2930"},{"taxonomy":"product_cat","embeddable":true,"href":"https:\/\/daritek.com\/index.php?rest_route=%2Fwp%2Fv2%2Fproduct_cat&post=2930"},{"taxonomy":"product_tag","embeddable":true,"href":"https:\/\/daritek.com\/index.php?rest_route=%2Fwp%2Fv2%2Fproduct_tag&post=2930"}],"curies":[{"name":"wp","href":"https:\/\/api.w.org\/{rel}","templated":true}]}}