{"id":2998,"date":"2026-02-20T14:15:17","date_gmt":"2026-02-20T14:15:17","guid":{"rendered":"https:\/\/daritek.com\/?post_type=product&#038;p=2998"},"modified":"2026-02-20T14:26:10","modified_gmt":"2026-02-20T14:26:10","slug":"bras-mixeur-200-w-2-vitesses-starmann-fy-709-noir","status":"publish","type":"product","link":"https:\/\/daritek.com\/?product=bras-mixeur-200-w-2-vitesses-starmann-fy-709-noir","title":{"rendered":"Bras Mixeur 200 W 2 Vitesses STARMANN FY-709 Noir"},"content":{"rendered":"<h3><strong>Bras Mixeur Starmann \u00a0\u2013 Puissance et Simplicit\u00e9 pour Vos Pr\u00e9parations<\/strong><\/h3>\n<p>Optez pour la performance et la simplicit\u00e9 avec le bras mixeur\u00a0<strong>Starmann<\/strong>. Con\u00e7u pour r\u00e9pondre \u00e0 tous vos besoins de mixage, il est \u00e9quip\u00e9 d\u2019un moteur puissant de\u00a0<strong>200W<\/strong>, id\u00e9al pour r\u00e9aliser des soupes, des smoothies, des sauces et bien plus encore.<\/p>\n<ul>\n<li><strong>Puissance :<\/strong>\u00a0200W<\/li>\n<li><strong>Tension nominale :<\/strong>\u00a0220-240V ~ 50\/60Hz<\/li>\n<li><strong>2 vitesses<\/strong>\u00a0pour une utilisation efficace<\/li>\n<li><strong>Pied et corps en plastique<\/strong>\u00a0r\u00e9sistante et durable<\/li>\n<li><strong>Lames en acier inoxydable<\/strong>, garantissant un mixage rapide et homog\u00e8ne<\/li>\n<li><strong>Arbre amovible<\/strong>, facilitant le nettoyage et le rangement<\/li>\n<\/ul>\n<p>Le\u00a0<strong>Bras Mixeur Starmann<\/strong>\u00a0est l\u2019alli\u00e9 parfait pour une cuisine rapide et sans effort. Ajoutez-le \u00e0 votre collection d\u2019\u00e9lectrom\u00e9nagers et profitez d\u2019un mixage puissant au quotidien !<\/p>\n<p><img fetchpriority=\"high\" decoding=\"async\" class=\"alignnone size-medium wp-image-3005\" src=\"https:\/\/daritek.com\/wp-content\/uploads\/2026\/02\/www.daritek.com-2-400x400.jpg\" alt=\"\" width=\"400\" height=\"400\" srcset=\"https:\/\/daritek.com\/wp-content\/uploads\/2026\/02\/www.daritek.com-2-400x400.jpg 400w, https:\/\/daritek.com\/wp-content\/uploads\/2026\/02\/www.daritek.com-2-800x800.jpg 800w, https:\/\/daritek.com\/wp-content\/uploads\/2026\/02\/www.daritek.com-2-280x280.jpg 280w, https:\/\/daritek.com\/wp-content\/uploads\/2026\/02\/www.daritek.com-2-768x768.jpg 768w, https:\/\/daritek.com\/wp-content\/uploads\/2026\/02\/www.daritek.com-2-100x100.jpg 100w, https:\/\/daritek.com\/wp-content\/uploads\/2026\/02\/www.daritek.com-2.jpg 1000w\" sizes=\"(max-width: 400px) 100vw, 400px\" \/> <img decoding=\"async\" class=\"alignnone size-medium wp-image-3003\" src=\"https:\/\/daritek.com\/wp-content\/uploads\/2026\/02\/www.daritek.com-1-400x400.jpg\" alt=\"\" width=\"400\" height=\"400\" srcset=\"https:\/\/daritek.com\/wp-content\/uploads\/2026\/02\/www.daritek.com-1-400x400.jpg 400w, https:\/\/daritek.com\/wp-content\/uploads\/2026\/02\/www.daritek.com-1-800x800.jpg 800w, https:\/\/daritek.com\/wp-content\/uploads\/2026\/02\/www.daritek.com-1-280x280.jpg 280w, https:\/\/daritek.com\/wp-content\/uploads\/2026\/02\/www.daritek.com-1-768x768.jpg 768w, https:\/\/daritek.com\/wp-content\/uploads\/2026\/02\/www.daritek.com-1-100x100.jpg 100w, https:\/\/daritek.com\/wp-content\/uploads\/2026\/02\/www.daritek.com-1.jpg 1000w\" sizes=\"(max-width: 400px) 100vw, 400px\" \/><\/p>\n<p>&nbsp;<\/p>\n<h3>Caract\u00e9ristiques techniques<\/h3>\n<table class=\"tech-specs\" style=\"width: 100%; border-collapse: collapse;\">\n<tbody>\n<tr>\n<th style=\"text-align: left; padding: 8px; border-bottom: 1px solid #eee;\">TYPE<\/th>\n<td style=\"padding: 8px; border-bottom: 1px solid #eee;\">Bras Mixeur<\/td>\n<\/tr>\n<tr>\n<th style=\"text-align: left; padding: 8px; border-bottom: 1px solid #eee;\">Marque<\/th>\n<td style=\"padding: 8px; border-bottom: 1px solid #eee;\">STARMANN<\/td>\n<\/tr>\n<tr>\n<th style=\"text-align: left; padding: 8px; border-bottom: 1px solid #eee;\">R\u00e9f\u00e9rence<\/th>\n<td style=\"padding: 8px; border-bottom: 1px solid #eee;\">FY-709<\/td>\n<\/tr>\n<tr>\n<th style=\"text-align: left; padding: 8px; border-bottom: 1px solid #eee;\">PUISSANCE<\/th>\n<td style=\"padding: 8px; border-bottom: 1px solid #eee;\">200W<\/td>\n<\/tr>\n<tr>\n<th style=\"text-align: left; padding: 8px; border-bottom: 1px solid #eee;\">Nombre De Vitesses<\/th>\n<td style=\"padding: 8px; border-bottom: 1px solid #eee;\">2 Vitesses<\/td>\n<\/tr>\n<tr>\n<th style=\"text-align: left; padding: 8px; border-bottom: 1px solid #eee;\">Nombre de Lame<\/th>\n<td style=\"padding: 8px; border-bottom: 1px solid #eee;\">2 Lames En Acier Inoxydable<\/td>\n<\/tr>\n<tr>\n<th style=\"text-align: left; padding: 8px; border-bottom: 1px solid #eee;\"><strong>Tension nominale<\/strong><\/th>\n<td style=\"padding: 8px; border-bottom: 1px solid #eee;\">220-240V ~ 50\/60Hz<\/td>\n<\/tr>\n<tr>\n<th style=\"text-align: left; padding: 8px; border-bottom: 1px solid #eee;\">Mateire<\/th>\n<td style=\"padding: 8px; border-bottom: 1px solid #eee;\">\u00a0Pied et Corps En Plastique<\/td>\n<\/tr>\n<tr>\n<th style=\"text-align: left; padding: 8px; border-bottom: 1px solid #eee;\"><strong>Arbre amovible<\/strong><\/th>\n<td style=\"padding: 8px; border-bottom: 1px solid #eee;\">Oui<\/td>\n<\/tr>\n<\/tbody>\n<\/table>\n","protected":false},"excerpt":{"rendered":"<ul>\n<li><strong>Puissance :<\/strong>\u00a0200W<\/li>\n<li><strong>2 vitesses<\/strong>\u00a0pour une utilisation efficace<\/li>\n<li><strong>Pied et corps en plastique<\/strong>\u00a0r\u00e9sistante et durable<\/li>\n<li><strong>Lames en acier inoxydable<\/strong>, garantissant un mixage rapide et homog\u00e8ne<\/li>\n<li><strong>Arbre amovible<\/strong>, facilitant le nettoyage et le rangement<\/li>\n<\/ul>\n","protected":false},"featured_media":3003,"comment_status":"open","ping_status":"closed","template":"","meta":{"_crdt_document":""},"product_brand":[764],"product_cat":[84,295,265],"product_tag":[],"class_list":{"0":"post-2998","1":"product","2":"type-product","3":"status-publish","4":"has-post-thumbnail","6":"product_brand-starmann","7":"product_cat-electromenager","8":"product_cat-mixeur-plongeant","9":"product_cat-petit-electromenager","11":"first","12":"instock","13":"shipping-taxable","14":"purchasable","15":"product-type-simple"},"jetpack_sharing_enabled":true,"_links":{"self":[{"href":"https:\/\/daritek.com\/index.php?rest_route=\/wp\/v2\/product\/2998","targetHints":{"allow":["GET"]}}],"collection":[{"href":"https:\/\/daritek.com\/index.php?rest_route=\/wp\/v2\/product"}],"about":[{"href":"https:\/\/daritek.com\/index.php?rest_route=\/wp\/v2\/types\/product"}],"replies":[{"embeddable":true,"href":"https:\/\/daritek.com\/index.php?rest_route=%2Fwp%2Fv2%2Fcomments&post=2998"}],"wp:featuredmedia":[{"embeddable":true,"href":"https:\/\/daritek.com\/index.php?rest_route=\/wp\/v2\/media\/3003"}],"wp:attachment":[{"href":"https:\/\/daritek.com\/index.php?rest_route=%2Fwp%2Fv2%2Fmedia&parent=2998"}],"wp:term":[{"taxonomy":"product_brand","embeddable":true,"href":"https:\/\/daritek.com\/index.php?rest_route=%2Fwp%2Fv2%2Fproduct_brand&post=2998"},{"taxonomy":"product_cat","embeddable":true,"href":"https:\/\/daritek.com\/index.php?rest_route=%2Fwp%2Fv2%2Fproduct_cat&post=2998"},{"taxonomy":"product_tag","embeddable":true,"href":"https:\/\/daritek.com\/index.php?rest_route=%2Fwp%2Fv2%2Fproduct_tag&post=2998"}],"curies":[{"name":"wp","href":"https:\/\/api.w.org\/{rel}","templated":true}]}}