{"id":3343,"date":"2026-02-23T14:08:10","date_gmt":"2026-02-23T14:08:10","guid":{"rendered":"https:\/\/daritek.com\/?post_type=product&#038;p=3343"},"modified":"2026-04-06T18:35:11","modified_gmt":"2026-04-06T18:35:11","slug":"bras-mixeur-plongeant-450w-2-vitesses-moulinex-easychef-dd45a110","status":"publish","type":"product","link":"https:\/\/daritek.com\/?product=bras-mixeur-plongeant-450w-2-vitesses-moulinex-easychef-dd45a110","title":{"rendered":"Bras Mixeur Plongeant 450W 2 Vitesses Moulinex Easychef DD45A110"},"content":{"rendered":"<p><strong>Bras Mixeur Plongeant Easychef &#8211; 450W 2 Vitesses &#8211; DD45A110<\/strong><\/p>\n<p>Le mixeur plongeant Easychef de Moulinex est l\u2019alli\u00e9 id\u00e9al pour des pr\u00e9parations simples, rapides et r\u00e9ussies au quotidien. Gr\u00e2ce \u00e0 son moteur puissant de\u00a0<strong>450W<\/strong>\u00a0et ses\u00a0<strong>2 vitesses r\u00e9glables<\/strong>, vous adaptez facilement la texture de vos soupes, pur\u00e9es, sauces ou smoothies selon vos envies.<\/p>\n<p>Ses\u00a0<strong>lames robustes Zelkrom en acier inoxydable<\/strong>\u00a0garantissent une performance de mixage efficace et durable, m\u00eame avec les ingr\u00e9dients les plus difficiles. L\u00e9ger et ergonomique, il offre une prise en main confortable pour une utilisation sans effort.<\/p>\n<p>Avec son design pratique et compact, il se range facilement dans votre cuisine. Le Easychef est con\u00e7u pour vous faire gagner du temps tout en vous assurant des r\u00e9sultats homog\u00e8nes et savoureux.<\/p>\n<ul>\n<li>Puissance : 450W<\/li>\n<li>2 vitesses pour un contr\u00f4le optimal<\/li>\n<li>Lames Zelkrom en acier inoxydable haute qualit\u00e9<\/li>\n<li>Design ergonomique et facile \u00e0 manipuler<\/li>\n<li>Id\u00e9al pour soupes, pur\u00e9es, sauces, jus et smoothies<\/li>\n<\/ul>\n<p>Pr\u00e9parez vos recettes pr\u00e9f\u00e9r\u00e9es chaque jour en toute simplicit\u00e9 avec le\u00a0<strong>Moulinex Easychef<\/strong>.<\/p>\n<p><img fetchpriority=\"high\" decoding=\"async\" class=\"alignnone size-medium wp-image-3347\" src=\"https:\/\/daritek.com\/wp-content\/uploads\/2026\/02\/41NJAMjt9fL._AC_SL1000_-195x400.jpg\" alt=\"\" width=\"195\" height=\"400\" srcset=\"https:\/\/daritek.com\/wp-content\/uploads\/2026\/02\/41NJAMjt9fL._AC_SL1000_-195x400.jpg 195w, https:\/\/daritek.com\/wp-content\/uploads\/2026\/02\/41NJAMjt9fL._AC_SL1000_-391x800.jpg 391w, https:\/\/daritek.com\/wp-content\/uploads\/2026\/02\/41NJAMjt9fL._AC_SL1000_.jpg 480w\" sizes=\"(max-width: 195px) 100vw, 195px\" \/> <img decoding=\"async\" class=\"alignnone size-medium wp-image-3345\" src=\"https:\/\/daritek.com\/wp-content\/uploads\/2026\/02\/41CAVdCmnkL._AC_SL1000_-248x400.jpg\" alt=\"\" width=\"248\" height=\"400\" srcset=\"https:\/\/daritek.com\/wp-content\/uploads\/2026\/02\/41CAVdCmnkL._AC_SL1000_-248x400.jpg 248w, https:\/\/daritek.com\/wp-content\/uploads\/2026\/02\/41CAVdCmnkL._AC_SL1000_-497x800.jpg 497w, https:\/\/daritek.com\/wp-content\/uploads\/2026\/02\/41CAVdCmnkL._AC_SL1000_.jpg 610w\" sizes=\"(max-width: 248px) 100vw, 248px\" \/><\/p>\n<p><img decoding=\"async\" class=\"alignnone size-medium wp-image-3346\" src=\"https:\/\/daritek.com\/wp-content\/uploads\/2026\/02\/41fUY1tHIbL._AC_SL1000_-233x400.jpg\" alt=\"\" width=\"233\" height=\"400\" srcset=\"https:\/\/daritek.com\/wp-content\/uploads\/2026\/02\/41fUY1tHIbL._AC_SL1000_-233x400.jpg 233w, https:\/\/daritek.com\/wp-content\/uploads\/2026\/02\/41fUY1tHIbL._AC_SL1000_-466x800.jpg 466w, https:\/\/daritek.com\/wp-content\/uploads\/2026\/02\/41fUY1tHIbL._AC_SL1000_.jpg 570w\" sizes=\"(max-width: 233px) 100vw, 233px\" \/> <img loading=\"lazy\" decoding=\"async\" class=\"alignnone size-medium wp-image-3348\" src=\"https:\/\/daritek.com\/wp-content\/uploads\/2026\/02\/61Tp9iKHNkL._AC_SL1000_-232x400.jpg\" alt=\"\" width=\"232\" height=\"400\" srcset=\"https:\/\/daritek.com\/wp-content\/uploads\/2026\/02\/61Tp9iKHNkL._AC_SL1000_-232x400.jpg 232w, https:\/\/daritek.com\/wp-content\/uploads\/2026\/02\/61Tp9iKHNkL._AC_SL1000_-463x800.jpg 463w, https:\/\/daritek.com\/wp-content\/uploads\/2026\/02\/61Tp9iKHNkL._AC_SL1000_.jpg 570w\" sizes=\"(max-width: 232px) 100vw, 232px\" \/><\/p>\n<p>&nbsp;<\/p>\n<h3>Caract\u00e9ristiques techniques<\/h3>\n<table class=\"tech-specs\" style=\"width: 100%; border-collapse: collapse;\">\n<tbody>\n<tr>\n<th style=\"text-align: left; padding: 8px; border-bottom: 1px solid #eee;\">TYPE<\/th>\n<td style=\"padding: 8px; border-bottom: 1px solid #eee;\">Bras Mixeur<\/td>\n<\/tr>\n<tr>\n<th style=\"text-align: left; padding: 8px; border-bottom: 1px solid #eee;\">Marque<\/th>\n<td style=\"padding: 8px; border-bottom: 1px solid #eee;\">Moulinex<\/td>\n<\/tr>\n<tr>\n<th style=\"text-align: left; padding: 8px; border-bottom: 1px solid #eee;\">Model<\/th>\n<td style=\"padding: 8px; border-bottom: 1px solid #eee;\">Easychef<\/td>\n<\/tr>\n<tr>\n<th style=\"text-align: left; padding: 8px; border-bottom: 1px solid #eee;\">R\u00e9f\u00e9rence<\/th>\n<td style=\"padding: 8px; border-bottom: 1px solid #eee;\">DD45A110<\/td>\n<\/tr>\n<tr>\n<th style=\"text-align: left; padding: 8px; border-bottom: 1px solid #eee;\">PUISSANCE<\/th>\n<td style=\"padding: 8px; border-bottom: 1px solid #eee;\">450W<\/td>\n<\/tr>\n<tr>\n<th style=\"text-align: left; padding: 8px; border-bottom: 1px solid #eee;\">Nombre De Vitesses<\/th>\n<td style=\"padding: 8px; border-bottom: 1px solid #eee;\">2 Vitesses<\/td>\n<\/tr>\n<tr>\n<th style=\"text-align: left; padding: 8px; border-bottom: 1px solid #eee;\">Matiere De Lames<\/th>\n<td style=\"padding: 8px; border-bottom: 1px solid #eee;\">Lames En Inox<\/td>\n<\/tr>\n<tr>\n<th style=\"text-align: left; padding: 8px; border-bottom: 1px solid #eee;\">Accessoires Inclus<\/th>\n<td style=\"padding: 8px; border-bottom: 1px solid #eee;\">Bol De Mixage<\/td>\n<\/tr>\n<tr>\n<th style=\"text-align: left; padding: 8px; border-bottom: 1px solid #eee;\">Capacit\u00e9 des Accessoires<\/th>\n<td style=\"padding: 8px; border-bottom: 1px solid #eee;\">Bol 800 ml<\/td>\n<\/tr>\n<tr>\n<th style=\"text-align: left; padding: 8px; border-bottom: 1px solid #eee;\">Couleur<\/th>\n<td style=\"padding: 8px; border-bottom: 1px solid #eee;\">Blanc<\/td>\n<\/tr>\n<tr>\n<th style=\"text-align: left; padding: 8px; border-bottom: 1px solid #eee;\">Compatibles lave-vaisselle<\/th>\n<td style=\"padding: 8px; border-bottom: 1px solid #eee;\">Oui<\/td>\n<\/tr>\n<\/tbody>\n<\/table>\n","protected":false},"excerpt":{"rendered":"<ul>\n<li>Puissance : 450W<\/li>\n<li>2 vitesses pour un contr\u00f4le optimal<\/li>\n<li>Lames Zelkrom en acier inoxydable haute qualit\u00e9<\/li>\n<li>Design ergonomique et facile \u00e0 manipuler<\/li>\n<li>Id\u00e9al pour soupes, pur\u00e9es, sauces, jus et smoothie<\/li>\n<\/ul>\n","protected":false},"featured_media":3344,"comment_status":"open","ping_status":"closed","template":"","meta":{"_crdt_document":""},"product_brand":[100],"product_cat":[84,295,265],"product_tag":[],"class_list":{"0":"post-3343","1":"product","2":"type-product","3":"status-publish","4":"has-post-thumbnail","6":"product_brand-moulinex","7":"product_cat-electromenager","8":"product_cat-mixeur-plongeant","9":"product_cat-petit-electromenager","11":"first","12":"instock","13":"sale","14":"shipping-taxable","15":"purchasable","16":"product-type-simple"},"_links":{"self":[{"href":"https:\/\/daritek.com\/index.php?rest_route=\/wp\/v2\/product\/3343","targetHints":{"allow":["GET"]}}],"collection":[{"href":"https:\/\/daritek.com\/index.php?rest_route=\/wp\/v2\/product"}],"about":[{"href":"https:\/\/daritek.com\/index.php?rest_route=\/wp\/v2\/types\/product"}],"replies":[{"embeddable":true,"href":"https:\/\/daritek.com\/index.php?rest_route=%2Fwp%2Fv2%2Fcomments&post=3343"}],"wp:featuredmedia":[{"embeddable":true,"href":"https:\/\/daritek.com\/index.php?rest_route=\/wp\/v2\/media\/3344"}],"wp:attachment":[{"href":"https:\/\/daritek.com\/index.php?rest_route=%2Fwp%2Fv2%2Fmedia&parent=3343"}],"wp:term":[{"taxonomy":"product_brand","embeddable":true,"href":"https:\/\/daritek.com\/index.php?rest_route=%2Fwp%2Fv2%2Fproduct_brand&post=3343"},{"taxonomy":"product_cat","embeddable":true,"href":"https:\/\/daritek.com\/index.php?rest_route=%2Fwp%2Fv2%2Fproduct_cat&post=3343"},{"taxonomy":"product_tag","embeddable":true,"href":"https:\/\/daritek.com\/index.php?rest_route=%2Fwp%2Fv2%2Fproduct_tag&post=3343"}],"curies":[{"name":"wp","href":"https:\/\/api.w.org\/{rel}","templated":true}]}}