{"id":3993,"date":"2026-02-28T13:29:58","date_gmt":"2026-02-28T13:29:58","guid":{"rendered":"https:\/\/daritek.com\/?post_type=product&#038;p=3993"},"modified":"2026-02-28T13:41:42","modified_gmt":"2026-02-28T13:41:42","slug":"batteur-electrique-450w-5-vitesses-moulinex-prepmix-hm450b10","status":"publish","type":"product","link":"https:\/\/daritek.com\/?product=batteur-electrique-450w-5-vitesses-moulinex-prepmix-hm450b10","title":{"rendered":"Batteur \u00e9lectrique 450W 5 vitesses &#8211; Moulinex Prep&rsquo;Mix HM450B10"},"content":{"rendered":"<h3><strong>Batteur \u00e0 Main \u00c9lectrique 2en1 5 Vitesses 450W Moulinex HM450B10<\/strong><\/h3>\n<p><iframe title=\"MOULINEX | Test et avis sur le Prep Mix : le batteur \u00e9lectrique essentiel pour la p\u00e2tisserie !\" width=\"1020\" height=\"574\" src=\"https:\/\/www.youtube.com\/embed\/LEsZzpazZl0?feature=oembed\" frameborder=\"0\" allow=\"accelerometer; autoplay; clipboard-write; encrypted-media; gyroscope; picture-in-picture; web-share\" referrerpolicy=\"strict-origin-when-cross-origin\" allowfullscreen><\/iframe><\/p>\n<p>Batteur \u00e9lectrique indispensable dot\u00e9 d\u2019un moteur performant de 450 W pour un mixage parfait ,commande \u00e0 5 vitesses avec fonction Turbo pour r\u00e9aliser toutes les recettes en toute simplicit\u00e9 ,fouets et p\u00e9trins durables en acier inoxydable pour les pr\u00e9parations l\u00e9g\u00e8res et \u00e9paisses .Poign\u00e9e ergonomique textur\u00e9e et position stable au repos pour un plan de travail propre et rang\u00e9.<\/p>\n<ul>\n<li><strong>POLYVALENT:<\/strong>\u00a0le batteur Prep&rsquo;Mix de Moulinex vous permet de cuisiner facilement des pr\u00e9parations l\u00e9g\u00e8res ou \u00e9paisses<\/li>\n<li><strong>PUISSANT:\u00a0<\/strong>le batteur \u00e9lectrique haute performance d&rsquo;une puissance de 450 W vous permet de cuisiner sans effort, y compris des pr\u00e9parations denses et \u00e9paisses comme des p\u00e2tes \u00e0 pain ou \u00e0 pizza<\/li>\n<li><strong>5 VITESSES:<\/strong>\u00a0mixeur manuel avec 5 vitesses r\u00e9glables et une fonction Turbo pour toutes vos envies de p\u00e2tisserie<\/li>\n<li><strong>2 FOUETS:<\/strong>\u00a0parfaits pour les petites pr\u00e9parations, ils sont fabriqu\u00e9s en inox de haute qualit\u00e9<\/li>\n<li><strong>2 CROCHETS P\u00c9TRISSEURS:<\/strong>\u00a0parfaits pour les pr\u00e9parations denses et \u00e9paisses, ils sont fabriqu\u00e9s en inox de haute qualit\u00e9<\/li>\n<\/ul>\n<p><img fetchpriority=\"high\" decoding=\"async\" class=\"alignnone size-medium wp-image-3995\" src=\"https:\/\/daritek.com\/wp-content\/uploads\/2026\/02\/gvc.product.image_.1714520498851.906bc9c4-af2b-41ec-8883-2764382e1697-400x400.jpeg\" alt=\"\" width=\"400\" height=\"400\" srcset=\"https:\/\/daritek.com\/wp-content\/uploads\/2026\/02\/gvc.product.image_.1714520498851.906bc9c4-af2b-41ec-8883-2764382e1697-400x400.jpeg 400w, https:\/\/daritek.com\/wp-content\/uploads\/2026\/02\/gvc.product.image_.1714520498851.906bc9c4-af2b-41ec-8883-2764382e1697-280x280.jpeg 280w, https:\/\/daritek.com\/wp-content\/uploads\/2026\/02\/gvc.product.image_.1714520498851.906bc9c4-af2b-41ec-8883-2764382e1697-768x768.jpeg 768w, https:\/\/daritek.com\/wp-content\/uploads\/2026\/02\/gvc.product.image_.1714520498851.906bc9c4-af2b-41ec-8883-2764382e1697-100x100.jpeg 100w, https:\/\/daritek.com\/wp-content\/uploads\/2026\/02\/gvc.product.image_.1714520498851.906bc9c4-af2b-41ec-8883-2764382e1697.jpeg 800w\" sizes=\"(max-width: 400px) 100vw, 400px\" \/> <img decoding=\"async\" class=\"alignnone size-medium wp-image-3996\" src=\"https:\/\/daritek.com\/wp-content\/uploads\/2026\/02\/gvc.product.image_.1714520514444.df81a3c9-5d4b-4d95-9da7-f3a24e74b5df-400x400.jpeg\" alt=\"\" width=\"400\" height=\"400\" srcset=\"https:\/\/daritek.com\/wp-content\/uploads\/2026\/02\/gvc.product.image_.1714520514444.df81a3c9-5d4b-4d95-9da7-f3a24e74b5df-400x400.jpeg 400w, https:\/\/daritek.com\/wp-content\/uploads\/2026\/02\/gvc.product.image_.1714520514444.df81a3c9-5d4b-4d95-9da7-f3a24e74b5df-800x800.jpeg 800w, https:\/\/daritek.com\/wp-content\/uploads\/2026\/02\/gvc.product.image_.1714520514444.df81a3c9-5d4b-4d95-9da7-f3a24e74b5df-280x280.jpeg 280w, https:\/\/daritek.com\/wp-content\/uploads\/2026\/02\/gvc.product.image_.1714520514444.df81a3c9-5d4b-4d95-9da7-f3a24e74b5df-768x768.jpeg 768w, https:\/\/daritek.com\/wp-content\/uploads\/2026\/02\/gvc.product.image_.1714520514444.df81a3c9-5d4b-4d95-9da7-f3a24e74b5df-1536x1536.jpeg 1536w, https:\/\/daritek.com\/wp-content\/uploads\/2026\/02\/gvc.product.image_.1714520514444.df81a3c9-5d4b-4d95-9da7-f3a24e74b5df-1000x1000.jpeg 1000w, https:\/\/daritek.com\/wp-content\/uploads\/2026\/02\/gvc.product.image_.1714520514444.df81a3c9-5d4b-4d95-9da7-f3a24e74b5df-100x100.jpeg 100w, https:\/\/daritek.com\/wp-content\/uploads\/2026\/02\/gvc.product.image_.1714520514444.df81a3c9-5d4b-4d95-9da7-f3a24e74b5df.jpeg 1600w\" sizes=\"(max-width: 400px) 100vw, 400px\" \/><\/p>\n<p><img decoding=\"async\" class=\"alignnone size-medium wp-image-3997\" src=\"https:\/\/daritek.com\/wp-content\/uploads\/2026\/02\/gvc.product.image_.1714520518882.2c061168-76dd-4498-ae10-476604419c09-400x400.jpeg\" alt=\"\" width=\"400\" height=\"400\" srcset=\"https:\/\/daritek.com\/wp-content\/uploads\/2026\/02\/gvc.product.image_.1714520518882.2c061168-76dd-4498-ae10-476604419c09-400x400.jpeg 400w, https:\/\/daritek.com\/wp-content\/uploads\/2026\/02\/gvc.product.image_.1714520518882.2c061168-76dd-4498-ae10-476604419c09-280x280.jpeg 280w, https:\/\/daritek.com\/wp-content\/uploads\/2026\/02\/gvc.product.image_.1714520518882.2c061168-76dd-4498-ae10-476604419c09-100x100.jpeg 100w, https:\/\/daritek.com\/wp-content\/uploads\/2026\/02\/gvc.product.image_.1714520518882.2c061168-76dd-4498-ae10-476604419c09.jpeg 700w\" sizes=\"(max-width: 400px) 100vw, 400px\" \/> <img loading=\"lazy\" decoding=\"async\" class=\"alignnone size-medium wp-image-3998\" src=\"https:\/\/daritek.com\/wp-content\/uploads\/2026\/02\/gvc.product.image_.1714520525562.e7fb5f02-9748-4957-a60c-f2cb40fa57bf-400x400.jpeg\" alt=\"\" width=\"400\" height=\"400\" srcset=\"https:\/\/daritek.com\/wp-content\/uploads\/2026\/02\/gvc.product.image_.1714520525562.e7fb5f02-9748-4957-a60c-f2cb40fa57bf-400x400.jpeg 400w, https:\/\/daritek.com\/wp-content\/uploads\/2026\/02\/gvc.product.image_.1714520525562.e7fb5f02-9748-4957-a60c-f2cb40fa57bf-800x800.jpeg 800w, https:\/\/daritek.com\/wp-content\/uploads\/2026\/02\/gvc.product.image_.1714520525562.e7fb5f02-9748-4957-a60c-f2cb40fa57bf-280x280.jpeg 280w, https:\/\/daritek.com\/wp-content\/uploads\/2026\/02\/gvc.product.image_.1714520525562.e7fb5f02-9748-4957-a60c-f2cb40fa57bf-768x768.jpeg 768w, https:\/\/daritek.com\/wp-content\/uploads\/2026\/02\/gvc.product.image_.1714520525562.e7fb5f02-9748-4957-a60c-f2cb40fa57bf-1000x1000.jpeg 1000w, https:\/\/daritek.com\/wp-content\/uploads\/2026\/02\/gvc.product.image_.1714520525562.e7fb5f02-9748-4957-a60c-f2cb40fa57bf-100x100.jpeg 100w, https:\/\/daritek.com\/wp-content\/uploads\/2026\/02\/gvc.product.image_.1714520525562.e7fb5f02-9748-4957-a60c-f2cb40fa57bf.jpeg 1080w\" sizes=\"(max-width: 400px) 100vw, 400px\" \/><\/p>\n<p><img loading=\"lazy\" decoding=\"async\" class=\"alignnone size-medium wp-image-4001\" src=\"https:\/\/daritek.com\/wp-content\/uploads\/2026\/02\/gvc.product.image_.1714520565885.84f95cc4-6218-4c0e-95a9-ee661c93aad0-277x400.jpeg\" alt=\"\" width=\"277\" height=\"400\" srcset=\"https:\/\/daritek.com\/wp-content\/uploads\/2026\/02\/gvc.product.image_.1714520565885.84f95cc4-6218-4c0e-95a9-ee661c93aad0-277x400.jpeg 277w, https:\/\/daritek.com\/wp-content\/uploads\/2026\/02\/gvc.product.image_.1714520565885.84f95cc4-6218-4c0e-95a9-ee661c93aad0-554x800.jpeg 554w, https:\/\/daritek.com\/wp-content\/uploads\/2026\/02\/gvc.product.image_.1714520565885.84f95cc4-6218-4c0e-95a9-ee661c93aad0.jpeg 757w\" sizes=\"(max-width: 277px) 100vw, 277px\" \/> <img loading=\"lazy\" decoding=\"async\" class=\"alignnone size-medium wp-image-4000\" src=\"https:\/\/daritek.com\/wp-content\/uploads\/2026\/02\/gvc.product.image_.1714520557027.3a804caf-86c3-42c3-8212-ac8e473119d6-400x400.jpeg\" alt=\"\" width=\"400\" height=\"400\" srcset=\"https:\/\/daritek.com\/wp-content\/uploads\/2026\/02\/gvc.product.image_.1714520557027.3a804caf-86c3-42c3-8212-ac8e473119d6-400x400.jpeg 400w, https:\/\/daritek.com\/wp-content\/uploads\/2026\/02\/gvc.product.image_.1714520557027.3a804caf-86c3-42c3-8212-ac8e473119d6-280x280.jpeg 280w, https:\/\/daritek.com\/wp-content\/uploads\/2026\/02\/gvc.product.image_.1714520557027.3a804caf-86c3-42c3-8212-ac8e473119d6-100x100.jpeg 100w, https:\/\/daritek.com\/wp-content\/uploads\/2026\/02\/gvc.product.image_.1714520557027.3a804caf-86c3-42c3-8212-ac8e473119d6.jpeg 680w\" sizes=\"(max-width: 400px) 100vw, 400px\" \/><\/p>\n<h3>Caract\u00e9ristiques techniques<\/h3>\n<table class=\"tech-specs\" style=\"width: 100%; border-collapse: collapse;\">\n<tbody>\n<tr>\n<th style=\"text-align: left; padding: 8px; border-bottom: 1px solid #eee;\">TYPE<\/th>\n<td style=\"padding: 8px; border-bottom: 1px solid #eee;\">Batteur \u00c0 Main<\/td>\n<\/tr>\n<tr>\n<th style=\"text-align: left; padding: 8px; border-bottom: 1px solid #eee;\">Marque<\/th>\n<td style=\"padding: 8px; border-bottom: 1px solid #eee;\">Moulinex<\/td>\n<\/tr>\n<tr>\n<th style=\"text-align: left; padding: 8px; border-bottom: 1px solid #eee;\">Model<\/th>\n<td style=\"padding: 8px; border-bottom: 1px solid #eee;\">Prep&rsquo;Mix<\/td>\n<\/tr>\n<tr>\n<th style=\"text-align: left; padding: 8px; border-bottom: 1px solid #eee;\">R\u00e9f\u00e9rence<\/th>\n<td style=\"padding: 8px; border-bottom: 1px solid #eee;\">HM450B10<\/td>\n<\/tr>\n<tr>\n<th style=\"text-align: left; padding: 8px; border-bottom: 1px solid #eee;\">PUISSANCE<\/th>\n<td style=\"padding: 8px; border-bottom: 1px solid #eee;\">450W<\/td>\n<\/tr>\n<tr>\n<th style=\"text-align: left; padding: 8px; border-bottom: 1px solid #eee;\">Nombre De Vitesses<\/th>\n<td style=\"padding: 8px; border-bottom: 1px solid #eee;\">5 vitesses<\/td>\n<\/tr>\n<tr>\n<th style=\"text-align: left; padding: 8px; border-bottom: 1px solid #eee;\">Accessoires Inclus<\/th>\n<td style=\"padding: 8px; border-bottom: 1px solid #eee;\">2 Crochets et 2 Fouets<\/td>\n<\/tr>\n<tr>\n<th style=\"text-align: left; padding: 8px; border-bottom: 1px solid #eee;\">Matiere Des Accessoires<\/th>\n<td style=\"padding: 8px; border-bottom: 1px solid #eee;\">En acier inoxydable<\/td>\n<\/tr>\n<tr>\n<th style=\"text-align: left; padding: 8px; border-bottom: 1px solid #eee;\">Compatibles lave-vaisselle<\/th>\n<td style=\"padding: 8px; border-bottom: 1px solid #eee;\">Oui<\/td>\n<\/tr>\n<\/tbody>\n<\/table>\n","protected":false},"excerpt":{"rendered":"<ul>\n<li>Polyvalent : le batteur Prep\u2019Mix de Moulinex vous permet de cuisiner facilement des pr\u00e9parations l\u00e9g\u00e8res ou \u00e9paisses<\/li>\n<li>Puissant : le batteur \u00e9lectrique haute performance d\u2019une puissance de 450 W vous permet de cuisiner sans effort, y compris des pr\u00e9parations denses et \u00e9paisses comme des p\u00e2tes \u00e0 pain ou \u00e0 pizza<\/li>\n<li>5 Vitesses : mixeur manuel avec 5 vitesses r\u00e9glables et une fonction Turbo pour toutes vos envies de p\u00e2tisserie<\/li>\n<li>2 Fouets : parfaits pour les petites pr\u00e9parations, ils sont fabriqu\u00e9s en inox de haute qualit\u00e9<\/li>\n<\/ul>\n","protected":false},"featured_media":3994,"comment_status":"open","ping_status":"closed","template":"","meta":{"_crdt_document":""},"product_brand":[100],"product_cat":[1762,84,265],"product_tag":[],"class_list":{"0":"post-3993","1":"product","2":"type-product","3":"status-publish","4":"has-post-thumbnail","6":"product_brand-moulinex","7":"product_cat-batteur-electrique","8":"product_cat-electromenager","9":"product_cat-petit-electromenager","11":"first","12":"instock","13":"sale","14":"shipping-taxable","15":"purchasable","16":"product-type-simple"},"_links":{"self":[{"href":"https:\/\/daritek.com\/index.php?rest_route=\/wp\/v2\/product\/3993","targetHints":{"allow":["GET"]}}],"collection":[{"href":"https:\/\/daritek.com\/index.php?rest_route=\/wp\/v2\/product"}],"about":[{"href":"https:\/\/daritek.com\/index.php?rest_route=\/wp\/v2\/types\/product"}],"replies":[{"embeddable":true,"href":"https:\/\/daritek.com\/index.php?rest_route=%2Fwp%2Fv2%2Fcomments&post=3993"}],"wp:featuredmedia":[{"embeddable":true,"href":"https:\/\/daritek.com\/index.php?rest_route=\/wp\/v2\/media\/3994"}],"wp:attachment":[{"href":"https:\/\/daritek.com\/index.php?rest_route=%2Fwp%2Fv2%2Fmedia&parent=3993"}],"wp:term":[{"taxonomy":"product_brand","embeddable":true,"href":"https:\/\/daritek.com\/index.php?rest_route=%2Fwp%2Fv2%2Fproduct_brand&post=3993"},{"taxonomy":"product_cat","embeddable":true,"href":"https:\/\/daritek.com\/index.php?rest_route=%2Fwp%2Fv2%2Fproduct_cat&post=3993"},{"taxonomy":"product_tag","embeddable":true,"href":"https:\/\/daritek.com\/index.php?rest_route=%2Fwp%2Fv2%2Fproduct_tag&post=3993"}],"curies":[{"name":"wp","href":"https:\/\/api.w.org\/{rel}","templated":true}]}}