{"id":4025,"date":"2026-02-28T14:23:04","date_gmt":"2026-02-28T14:23:04","guid":{"rendered":"https:\/\/daritek.com\/?post_type=product&#038;p=4025"},"modified":"2026-02-28T14:25:28","modified_gmt":"2026-02-28T14:25:28","slug":"batteur-a-main-electrique-150w-5-vitesses-sonashi-smx-118","status":"publish","type":"product","link":"https:\/\/daritek.com\/?product=batteur-a-main-electrique-150w-5-vitesses-sonashi-smx-118","title":{"rendered":"Batteur \u00e0 Main \u00e9lectrique 150W 5 vitesses &#8211; Sonashi SMX-118"},"content":{"rendered":"<h3><strong>Mixeur \u00e0 Main 150W Sonashi SMX-118<\/strong><\/h3>\n<p>Le Mixeur \u00e0 main Sonashi est \u00e9quip\u00e9 de deux corolles en m\u00e9tal, avec lesquelles vous pouvez battre les blancs pour obtenir une mousse, pr\u00e9parer une cr\u00e8me pour le g\u00e2teau, une soupe \u00e0 la cr\u00e8me ou un cocktail. Il est \u00e9quip\u00e9 d\u2019un moteur fiable de 150W, permettant un fonctionnement ininterrompu \u00e0 long terme.<br \/>\nVotre assistant de cuisine parfait, cet appareil multifonctionnel peut \u00eatre utilis\u00e9 pour m\u00e9langer, jus de fruits, baguette de m\u00e9lange d\u00e9tachable en acier inoxydable pour jus de fruits, moustache polyvalente. \u0153ufs, cr\u00e8mes, m\u00e9lange, pur\u00e9e, fouet \u00e0 g\u00e2teau, m\u00e9langer avec tous les ingr\u00e9dients que vous avez.<br \/>\nObtenez la texture que vous voulez, le r\u00e9glage \u00e0 double vitesse vous permet de contr\u00f4ler votre m\u00e9langeur \u00e0 main comme vous l\u2019aimez. la vitesse variable vous aide \u00e0 obtenir la bonne texture que vous voulez pour vos ingr\u00e9dients.<\/p>\n<ul>\n<li>Puissance: 150W<\/li>\n<li>Il comprend 5 r\u00e9glages de vitesse \u00e0 utiliser selon vos besoins<\/li>\n<li>Amovible pour faciliter les op\u00e9rations<\/li>\n<li>D\u00e9licatement con\u00e7u pour offrir une prise solide et antid\u00e9rapante<\/li>\n<li>Le commutateur turbo vous donne un contr\u00f4le parfait sur le m\u00e9langeur<\/li>\n<\/ul>\n<p><img fetchpriority=\"high\" decoding=\"async\" class=\"alignnone size-medium wp-image-4027\" src=\"https:\/\/daritek.com\/wp-content\/uploads\/2026\/02\/gvc.product.image_.1725044918776.626bdd40-8b26-409c-8bc4-ea90ce5b33ef-400x400.jpeg\" alt=\"\" width=\"400\" height=\"400\" srcset=\"https:\/\/daritek.com\/wp-content\/uploads\/2026\/02\/gvc.product.image_.1725044918776.626bdd40-8b26-409c-8bc4-ea90ce5b33ef-400x400.jpeg 400w, https:\/\/daritek.com\/wp-content\/uploads\/2026\/02\/gvc.product.image_.1725044918776.626bdd40-8b26-409c-8bc4-ea90ce5b33ef-800x800.jpeg 800w, https:\/\/daritek.com\/wp-content\/uploads\/2026\/02\/gvc.product.image_.1725044918776.626bdd40-8b26-409c-8bc4-ea90ce5b33ef-280x280.jpeg 280w, https:\/\/daritek.com\/wp-content\/uploads\/2026\/02\/gvc.product.image_.1725044918776.626bdd40-8b26-409c-8bc4-ea90ce5b33ef-768x768.jpeg 768w, https:\/\/daritek.com\/wp-content\/uploads\/2026\/02\/gvc.product.image_.1725044918776.626bdd40-8b26-409c-8bc4-ea90ce5b33ef-1000x1000.jpeg 1000w, https:\/\/daritek.com\/wp-content\/uploads\/2026\/02\/gvc.product.image_.1725044918776.626bdd40-8b26-409c-8bc4-ea90ce5b33ef-100x100.jpeg 100w, https:\/\/daritek.com\/wp-content\/uploads\/2026\/02\/gvc.product.image_.1725044918776.626bdd40-8b26-409c-8bc4-ea90ce5b33ef.jpeg 1080w\" sizes=\"(max-width: 400px) 100vw, 400px\" \/> <img decoding=\"async\" class=\"alignnone size-medium wp-image-4028\" src=\"https:\/\/daritek.com\/wp-content\/uploads\/2026\/02\/gvc.product.image_.1725044923234.6ffd707d-a043-471b-9342-015650136f6a-400x400.jpeg\" alt=\"\" width=\"400\" height=\"400\" srcset=\"https:\/\/daritek.com\/wp-content\/uploads\/2026\/02\/gvc.product.image_.1725044923234.6ffd707d-a043-471b-9342-015650136f6a-400x400.jpeg 400w, https:\/\/daritek.com\/wp-content\/uploads\/2026\/02\/gvc.product.image_.1725044923234.6ffd707d-a043-471b-9342-015650136f6a-800x800.jpeg 800w, https:\/\/daritek.com\/wp-content\/uploads\/2026\/02\/gvc.product.image_.1725044923234.6ffd707d-a043-471b-9342-015650136f6a-280x280.jpeg 280w, https:\/\/daritek.com\/wp-content\/uploads\/2026\/02\/gvc.product.image_.1725044923234.6ffd707d-a043-471b-9342-015650136f6a-768x768.jpeg 768w, https:\/\/daritek.com\/wp-content\/uploads\/2026\/02\/gvc.product.image_.1725044923234.6ffd707d-a043-471b-9342-015650136f6a-1000x1000.jpeg 1000w, https:\/\/daritek.com\/wp-content\/uploads\/2026\/02\/gvc.product.image_.1725044923234.6ffd707d-a043-471b-9342-015650136f6a-100x100.jpeg 100w, https:\/\/daritek.com\/wp-content\/uploads\/2026\/02\/gvc.product.image_.1725044923234.6ffd707d-a043-471b-9342-015650136f6a.jpeg 1080w\" sizes=\"(max-width: 400px) 100vw, 400px\" \/><\/p>\n<p><img decoding=\"async\" class=\"alignnone size-medium wp-image-4029\" src=\"https:\/\/daritek.com\/wp-content\/uploads\/2026\/02\/gvc.product.image_.1725044927597.61c0cfb0-586f-4722-8d75-86e6ebdac940-400x400.jpeg\" alt=\"\" width=\"400\" height=\"400\" srcset=\"https:\/\/daritek.com\/wp-content\/uploads\/2026\/02\/gvc.product.image_.1725044927597.61c0cfb0-586f-4722-8d75-86e6ebdac940-400x400.jpeg 400w, https:\/\/daritek.com\/wp-content\/uploads\/2026\/02\/gvc.product.image_.1725044927597.61c0cfb0-586f-4722-8d75-86e6ebdac940-800x800.jpeg 800w, https:\/\/daritek.com\/wp-content\/uploads\/2026\/02\/gvc.product.image_.1725044927597.61c0cfb0-586f-4722-8d75-86e6ebdac940-280x280.jpeg 280w, https:\/\/daritek.com\/wp-content\/uploads\/2026\/02\/gvc.product.image_.1725044927597.61c0cfb0-586f-4722-8d75-86e6ebdac940-768x768.jpeg 768w, https:\/\/daritek.com\/wp-content\/uploads\/2026\/02\/gvc.product.image_.1725044927597.61c0cfb0-586f-4722-8d75-86e6ebdac940-1000x1000.jpeg 1000w, https:\/\/daritek.com\/wp-content\/uploads\/2026\/02\/gvc.product.image_.1725044927597.61c0cfb0-586f-4722-8d75-86e6ebdac940-100x100.jpeg 100w, https:\/\/daritek.com\/wp-content\/uploads\/2026\/02\/gvc.product.image_.1725044927597.61c0cfb0-586f-4722-8d75-86e6ebdac940.jpeg 1080w\" sizes=\"(max-width: 400px) 100vw, 400px\" \/> <img loading=\"lazy\" decoding=\"async\" class=\"alignnone size-medium wp-image-4030\" src=\"https:\/\/daritek.com\/wp-content\/uploads\/2026\/02\/gvc.product.image_.1725044932015.7e1c4e77-1fe8-4514-9f68-8176106a99ce-400x400.jpeg\" alt=\"\" width=\"400\" height=\"400\" srcset=\"https:\/\/daritek.com\/wp-content\/uploads\/2026\/02\/gvc.product.image_.1725044932015.7e1c4e77-1fe8-4514-9f68-8176106a99ce-400x400.jpeg 400w, https:\/\/daritek.com\/wp-content\/uploads\/2026\/02\/gvc.product.image_.1725044932015.7e1c4e77-1fe8-4514-9f68-8176106a99ce-800x800.jpeg 800w, https:\/\/daritek.com\/wp-content\/uploads\/2026\/02\/gvc.product.image_.1725044932015.7e1c4e77-1fe8-4514-9f68-8176106a99ce-280x280.jpeg 280w, https:\/\/daritek.com\/wp-content\/uploads\/2026\/02\/gvc.product.image_.1725044932015.7e1c4e77-1fe8-4514-9f68-8176106a99ce-768x768.jpeg 768w, https:\/\/daritek.com\/wp-content\/uploads\/2026\/02\/gvc.product.image_.1725044932015.7e1c4e77-1fe8-4514-9f68-8176106a99ce-1000x1000.jpeg 1000w, https:\/\/daritek.com\/wp-content\/uploads\/2026\/02\/gvc.product.image_.1725044932015.7e1c4e77-1fe8-4514-9f68-8176106a99ce-100x100.jpeg 100w, https:\/\/daritek.com\/wp-content\/uploads\/2026\/02\/gvc.product.image_.1725044932015.7e1c4e77-1fe8-4514-9f68-8176106a99ce.jpeg 1080w\" sizes=\"(max-width: 400px) 100vw, 400px\" \/><\/p>\n<h3>Caract\u00e9ristiques techniques<\/h3>\n<table class=\"tech-specs\" style=\"width: 100%; border-collapse: collapse;\">\n<tbody>\n<tr>\n<th style=\"text-align: left; padding: 8px; border-bottom: 1px solid #eee;\">TYPE<\/th>\n<td style=\"padding: 8px; border-bottom: 1px solid #eee;\">Batteur \u00c0 Main<\/td>\n<\/tr>\n<tr>\n<th style=\"text-align: left; padding: 8px; border-bottom: 1px solid #eee;\">Marque<\/th>\n<td style=\"padding: 8px; border-bottom: 1px solid #eee;\">Sonashi<\/td>\n<\/tr>\n<tr>\n<th style=\"text-align: left; padding: 8px; border-bottom: 1px solid #eee;\">R\u00e9f\u00e9rence<\/th>\n<td style=\"padding: 8px; border-bottom: 1px solid #eee;\">SMX-118<\/td>\n<\/tr>\n<tr>\n<th style=\"text-align: left; padding: 8px; border-bottom: 1px solid #eee;\">PUISSANCE<\/th>\n<td style=\"padding: 8px; border-bottom: 1px solid #eee;\">150W<\/td>\n<\/tr>\n<tr>\n<th style=\"text-align: left; padding: 8px; border-bottom: 1px solid #eee;\">Nombre De Vitesses<\/th>\n<td style=\"padding: 8px; border-bottom: 1px solid #eee;\">5 vitesses<\/td>\n<\/tr>\n<tr>\n<th style=\"text-align: left; padding: 8px; border-bottom: 1px solid #eee;\">Accessoires Inclus<\/th>\n<td style=\"padding: 8px; border-bottom: 1px solid #eee;\">2 Crochets et 2 Fouets<\/td>\n<\/tr>\n<tr>\n<th style=\"text-align: left; padding: 8px; border-bottom: 1px solid #eee;\">Matiere Des Accessoires<\/th>\n<td style=\"padding: 8px; border-bottom: 1px solid #eee;\">En acier inoxydable<\/td>\n<\/tr>\n<tr>\n<th style=\"text-align: left; padding: 8px; border-bottom: 1px solid #eee;\">Compatibles lave-vaisselle<\/th>\n<td style=\"padding: 8px; border-bottom: 1px solid #eee;\">Oui<\/td>\n<\/tr>\n<\/tbody>\n<\/table>\n","protected":false},"excerpt":{"rendered":"<ul>\n<li>Amovible pour faciliter les op\u00e9rations<\/li>\n<li>Il comprend 5 r\u00e9glages de vitesse \u00e0 utiliser selon vos besoins<\/li>\n<li>D\u00e9licatement con\u00e7u pour offrir une prise solide et antid\u00e9rapante<\/li>\n<li>Le commutateur turbo vous donne un contr\u00f4le parfait sur le m\u00e9langeur<\/li>\n<li>Puissance: 150W.<\/li>\n<\/ul>\n","protected":false},"featured_media":4027,"comment_status":"open","ping_status":"closed","template":"","meta":{"_crdt_document":""},"product_brand":[100],"product_cat":[1762,84,265],"product_tag":[],"class_list":{"0":"post-4025","1":"product","2":"type-product","3":"status-publish","4":"has-post-thumbnail","6":"product_brand-moulinex","7":"product_cat-batteur-electrique","8":"product_cat-electromenager","9":"product_cat-petit-electromenager","11":"first","12":"instock","13":"shipping-taxable","14":"purchasable","15":"product-type-simple"},"_links":{"self":[{"href":"https:\/\/daritek.com\/index.php?rest_route=\/wp\/v2\/product\/4025","targetHints":{"allow":["GET"]}}],"collection":[{"href":"https:\/\/daritek.com\/index.php?rest_route=\/wp\/v2\/product"}],"about":[{"href":"https:\/\/daritek.com\/index.php?rest_route=\/wp\/v2\/types\/product"}],"replies":[{"embeddable":true,"href":"https:\/\/daritek.com\/index.php?rest_route=%2Fwp%2Fv2%2Fcomments&post=4025"}],"wp:featuredmedia":[{"embeddable":true,"href":"https:\/\/daritek.com\/index.php?rest_route=\/wp\/v2\/media\/4027"}],"wp:attachment":[{"href":"https:\/\/daritek.com\/index.php?rest_route=%2Fwp%2Fv2%2Fmedia&parent=4025"}],"wp:term":[{"taxonomy":"product_brand","embeddable":true,"href":"https:\/\/daritek.com\/index.php?rest_route=%2Fwp%2Fv2%2Fproduct_brand&post=4025"},{"taxonomy":"product_cat","embeddable":true,"href":"https:\/\/daritek.com\/index.php?rest_route=%2Fwp%2Fv2%2Fproduct_cat&post=4025"},{"taxonomy":"product_tag","embeddable":true,"href":"https:\/\/daritek.com\/index.php?rest_route=%2Fwp%2Fv2%2Fproduct_tag&post=4025"}],"curies":[{"name":"wp","href":"https:\/\/api.w.org\/{rel}","templated":true}]}}