{"id":4052,"date":"2026-02-28T15:13:51","date_gmt":"2026-02-28T15:13:51","guid":{"rendered":"https:\/\/daritek.com\/?post_type=product&#038;p=4052"},"modified":"2026-02-28T15:14:13","modified_gmt":"2026-02-28T15:14:13","slug":"batteur-a-main-electrique-400w-bomann-hm-6054-cb","status":"publish","type":"product","link":"https:\/\/daritek.com\/?product=batteur-a-main-electrique-400w-bomann-hm-6054-cb","title":{"rendered":"Batteur \u00e0 Main \u00e9lectrique 400W Bomann HM 6054 CB"},"content":{"rendered":"<h3><strong>Batteur 400W Bomann HM 6054 CB<\/strong><\/h3>\n<p>Cr\u00e9ez des d\u00e9lices pour toute la famille en un rien de temps. Pr\u00e9parez rapidement et facilement de d\u00e9licieux g\u00e2teaux, de la cr\u00e8me moelleuse ou de d\u00e9licieux pains avec le HM 6054 CB de Bomann. Cr\u00e9ez des d\u00e9lices pour toute la famille en un rien de temps. Pr\u00e9parez rapidement et facilement de d\u00e9licieux g\u00e2teaux, de la cr\u00e8me moelleuse ou de d\u00e9licieux pains avec le HM 6054 CB de Bomann. Le batteur \u00e0 main et la puissance de 400 watts vous assistent pour que le p\u00e9trissage \u00e0 la main appartienne d\u00e9sormais au pass\u00e9. 5 niveaux de vitesse et un niveau turbo m\u00e9langent la p\u00e2te parfaite. Le bouton d\u2019\u00e9jection vous permet de retirer facilement les fouets en acier inoxydable ou les crochets p\u00e9trisseurs apr\u00e8s utilisation. Particuli\u00e8rement pratique : tous les accessoires, tels que les fouets et les crochets p\u00e9trisseurs, passent au lave-vaisselle. Vous n\u2019aurez plus \u00e0 vous soucier du rin\u00e7age \u00e0 la main.<\/p>\n<ul>\n<li>Moteur puissant de 400 watts.<\/li>\n<li>5 niveaux de vitesse.<\/li>\n<li>niveau turbo.<\/li>\n<li>bouton d\u2019\u00e9jection.<\/li>\n<li>Fouets et crochets p\u00e9trisseurs en acier inoxydable.<\/li>\n<\/ul>\n<p><img fetchpriority=\"high\" decoding=\"async\" class=\"alignnone size-medium wp-image-4053\" src=\"https:\/\/daritek.com\/wp-content\/uploads\/2026\/02\/Untitled-design-7-12-400x400.jpg\" alt=\"\" width=\"400\" height=\"400\" srcset=\"https:\/\/daritek.com\/wp-content\/uploads\/2026\/02\/Untitled-design-7-12-400x400.jpg 400w, https:\/\/daritek.com\/wp-content\/uploads\/2026\/02\/Untitled-design-7-12-800x800.jpg 800w, https:\/\/daritek.com\/wp-content\/uploads\/2026\/02\/Untitled-design-7-12-280x280.jpg 280w, https:\/\/daritek.com\/wp-content\/uploads\/2026\/02\/Untitled-design-7-12-768x768.jpg 768w, https:\/\/daritek.com\/wp-content\/uploads\/2026\/02\/Untitled-design-7-12-100x100.jpg 100w, https:\/\/daritek.com\/wp-content\/uploads\/2026\/02\/Untitled-design-7-12.jpg 1000w\" sizes=\"(max-width: 400px) 100vw, 400px\" \/> <img decoding=\"async\" class=\"alignnone size-medium wp-image-4054\" src=\"https:\/\/daritek.com\/wp-content\/uploads\/2026\/02\/gvc.product.image_.1725120670715.47e87614-81cb-4288-a97f-9be37dc65286-400x400.jpeg\" alt=\"\" width=\"400\" height=\"400\" srcset=\"https:\/\/daritek.com\/wp-content\/uploads\/2026\/02\/gvc.product.image_.1725120670715.47e87614-81cb-4288-a97f-9be37dc65286-400x400.jpeg 400w, https:\/\/daritek.com\/wp-content\/uploads\/2026\/02\/gvc.product.image_.1725120670715.47e87614-81cb-4288-a97f-9be37dc65286-800x800.jpeg 800w, https:\/\/daritek.com\/wp-content\/uploads\/2026\/02\/gvc.product.image_.1725120670715.47e87614-81cb-4288-a97f-9be37dc65286-280x280.jpeg 280w, https:\/\/daritek.com\/wp-content\/uploads\/2026\/02\/gvc.product.image_.1725120670715.47e87614-81cb-4288-a97f-9be37dc65286-768x768.jpeg 768w, https:\/\/daritek.com\/wp-content\/uploads\/2026\/02\/gvc.product.image_.1725120670715.47e87614-81cb-4288-a97f-9be37dc65286-1536x1536.jpeg 1536w, https:\/\/daritek.com\/wp-content\/uploads\/2026\/02\/gvc.product.image_.1725120670715.47e87614-81cb-4288-a97f-9be37dc65286-1000x1000.jpeg 1000w, https:\/\/daritek.com\/wp-content\/uploads\/2026\/02\/gvc.product.image_.1725120670715.47e87614-81cb-4288-a97f-9be37dc65286-100x100.jpeg 100w, https:\/\/daritek.com\/wp-content\/uploads\/2026\/02\/gvc.product.image_.1725120670715.47e87614-81cb-4288-a97f-9be37dc65286.jpeg 2000w\" sizes=\"(max-width: 400px) 100vw, 400px\" \/><\/p>\n<p><img decoding=\"async\" class=\"alignnone size-medium wp-image-4055\" src=\"https:\/\/daritek.com\/wp-content\/uploads\/2026\/02\/gvc.product.image_.1725120675548.ce5a8e18-b161-4a47-bf56-b89dada2b7ff-400x400.jpeg\" alt=\"\" width=\"400\" height=\"400\" srcset=\"https:\/\/daritek.com\/wp-content\/uploads\/2026\/02\/gvc.product.image_.1725120675548.ce5a8e18-b161-4a47-bf56-b89dada2b7ff-400x400.jpeg 400w, https:\/\/daritek.com\/wp-content\/uploads\/2026\/02\/gvc.product.image_.1725120675548.ce5a8e18-b161-4a47-bf56-b89dada2b7ff-800x800.jpeg 800w, https:\/\/daritek.com\/wp-content\/uploads\/2026\/02\/gvc.product.image_.1725120675548.ce5a8e18-b161-4a47-bf56-b89dada2b7ff-280x280.jpeg 280w, https:\/\/daritek.com\/wp-content\/uploads\/2026\/02\/gvc.product.image_.1725120675548.ce5a8e18-b161-4a47-bf56-b89dada2b7ff-768x768.jpeg 768w, https:\/\/daritek.com\/wp-content\/uploads\/2026\/02\/gvc.product.image_.1725120675548.ce5a8e18-b161-4a47-bf56-b89dada2b7ff-1536x1536.jpeg 1536w, https:\/\/daritek.com\/wp-content\/uploads\/2026\/02\/gvc.product.image_.1725120675548.ce5a8e18-b161-4a47-bf56-b89dada2b7ff-1000x1000.jpeg 1000w, https:\/\/daritek.com\/wp-content\/uploads\/2026\/02\/gvc.product.image_.1725120675548.ce5a8e18-b161-4a47-bf56-b89dada2b7ff-100x100.jpeg 100w, https:\/\/daritek.com\/wp-content\/uploads\/2026\/02\/gvc.product.image_.1725120675548.ce5a8e18-b161-4a47-bf56-b89dada2b7ff.jpeg 2000w\" sizes=\"(max-width: 400px) 100vw, 400px\" \/> <img loading=\"lazy\" decoding=\"async\" class=\"alignnone size-medium wp-image-4056\" src=\"https:\/\/daritek.com\/wp-content\/uploads\/2026\/02\/gvc.product.image_.1725120680935.0e5de228-240d-4368-8266-cc18ef84831d-400x400.jpeg\" alt=\"\" width=\"400\" height=\"400\" srcset=\"https:\/\/daritek.com\/wp-content\/uploads\/2026\/02\/gvc.product.image_.1725120680935.0e5de228-240d-4368-8266-cc18ef84831d-400x400.jpeg 400w, https:\/\/daritek.com\/wp-content\/uploads\/2026\/02\/gvc.product.image_.1725120680935.0e5de228-240d-4368-8266-cc18ef84831d-800x800.jpeg 800w, https:\/\/daritek.com\/wp-content\/uploads\/2026\/02\/gvc.product.image_.1725120680935.0e5de228-240d-4368-8266-cc18ef84831d-280x280.jpeg 280w, https:\/\/daritek.com\/wp-content\/uploads\/2026\/02\/gvc.product.image_.1725120680935.0e5de228-240d-4368-8266-cc18ef84831d-768x768.jpeg 768w, https:\/\/daritek.com\/wp-content\/uploads\/2026\/02\/gvc.product.image_.1725120680935.0e5de228-240d-4368-8266-cc18ef84831d-1536x1536.jpeg 1536w, https:\/\/daritek.com\/wp-content\/uploads\/2026\/02\/gvc.product.image_.1725120680935.0e5de228-240d-4368-8266-cc18ef84831d-1000x1000.jpeg 1000w, https:\/\/daritek.com\/wp-content\/uploads\/2026\/02\/gvc.product.image_.1725120680935.0e5de228-240d-4368-8266-cc18ef84831d-100x100.jpeg 100w, https:\/\/daritek.com\/wp-content\/uploads\/2026\/02\/gvc.product.image_.1725120680935.0e5de228-240d-4368-8266-cc18ef84831d.jpeg 2000w\" sizes=\"(max-width: 400px) 100vw, 400px\" \/><\/p>\n<h3>Caract\u00e9ristiques techniques<\/h3>\n<table class=\"tech-specs\" style=\"width: 100%; border-collapse: collapse;\">\n<tbody>\n<tr>\n<th style=\"text-align: left; padding: 8px; border-bottom: 1px solid #eee;\">TYPE<\/th>\n<td style=\"padding: 8px; border-bottom: 1px solid #eee;\">Batteur \u00c0 Main<\/td>\n<\/tr>\n<tr>\n<th style=\"text-align: left; padding: 8px; border-bottom: 1px solid #eee;\">Marque<\/th>\n<td style=\"padding: 8px; border-bottom: 1px solid #eee;\">Bomann<\/td>\n<\/tr>\n<tr>\n<th style=\"text-align: left; padding: 8px; border-bottom: 1px solid #eee;\">R\u00e9f\u00e9rence<\/th>\n<td style=\"padding: 8px; border-bottom: 1px solid #eee;\">HM 6054 CB<\/td>\n<\/tr>\n<tr>\n<th style=\"text-align: left; padding: 8px; border-bottom: 1px solid #eee;\">PUISSANCE<\/th>\n<td style=\"padding: 8px; border-bottom: 1px solid #eee;\">400W<\/td>\n<\/tr>\n<tr>\n<th style=\"text-align: left; padding: 8px; border-bottom: 1px solid #eee;\">Nombre De Vitesses<\/th>\n<td style=\"padding: 8px; border-bottom: 1px solid #eee;\">5 vitesses<\/td>\n<\/tr>\n<tr>\n<th style=\"text-align: left; padding: 8px; border-bottom: 1px solid #eee;\">Accessoires Inclus<\/th>\n<td style=\"padding: 8px; border-bottom: 1px solid #eee;\">2 Crochets et 2 Fouets<\/td>\n<\/tr>\n<tr>\n<th style=\"text-align: left; padding: 8px; border-bottom: 1px solid #eee;\">Matiere Des Accessoires<\/th>\n<td style=\"padding: 8px; border-bottom: 1px solid #eee;\">En acier inoxydable<\/td>\n<\/tr>\n<tr>\n<th style=\"text-align: left; padding: 8px; border-bottom: 1px solid #eee;\">Compatibles lave-vaisselle<\/th>\n<td style=\"padding: 8px; border-bottom: 1px solid #eee;\">Oui<\/td>\n<\/tr>\n<\/tbody>\n<\/table>\n","protected":false},"excerpt":{"rendered":"<ul>\n<li>Moteur puissant de 400 watts.<\/li>\n<li>5 niveaux de vitesse.<\/li>\n<li>niveau turbo.<\/li>\n<li>bouton d\u2019\u00e9jection.<\/li>\n<li>Fouets et crochets p\u00e9trisseurs en acier inoxydable.<\/li>\n<\/ul>\n","protected":false},"featured_media":4053,"comment_status":"open","ping_status":"closed","template":"","meta":{"_crdt_document":""},"product_brand":[562],"product_cat":[1762,84,265],"product_tag":[],"class_list":{"0":"post-4052","1":"product","2":"type-product","3":"status-publish","4":"has-post-thumbnail","6":"product_brand-bomann","7":"product_cat-batteur-electrique","8":"product_cat-electromenager","9":"product_cat-petit-electromenager","11":"first","12":"instock","13":"shipping-taxable","14":"purchasable","15":"product-type-simple"},"_links":{"self":[{"href":"https:\/\/daritek.com\/index.php?rest_route=\/wp\/v2\/product\/4052","targetHints":{"allow":["GET"]}}],"collection":[{"href":"https:\/\/daritek.com\/index.php?rest_route=\/wp\/v2\/product"}],"about":[{"href":"https:\/\/daritek.com\/index.php?rest_route=\/wp\/v2\/types\/product"}],"replies":[{"embeddable":true,"href":"https:\/\/daritek.com\/index.php?rest_route=%2Fwp%2Fv2%2Fcomments&post=4052"}],"wp:featuredmedia":[{"embeddable":true,"href":"https:\/\/daritek.com\/index.php?rest_route=\/wp\/v2\/media\/4053"}],"wp:attachment":[{"href":"https:\/\/daritek.com\/index.php?rest_route=%2Fwp%2Fv2%2Fmedia&parent=4052"}],"wp:term":[{"taxonomy":"product_brand","embeddable":true,"href":"https:\/\/daritek.com\/index.php?rest_route=%2Fwp%2Fv2%2Fproduct_brand&post=4052"},{"taxonomy":"product_cat","embeddable":true,"href":"https:\/\/daritek.com\/index.php?rest_route=%2Fwp%2Fv2%2Fproduct_cat&post=4052"},{"taxonomy":"product_tag","embeddable":true,"href":"https:\/\/daritek.com\/index.php?rest_route=%2Fwp%2Fv2%2Fproduct_tag&post=4052"}],"curies":[{"name":"wp","href":"https:\/\/api.w.org\/{rel}","templated":true}]}}