{"id":4074,"date":"2026-02-28T15:31:14","date_gmt":"2026-02-28T15:31:14","guid":{"rendered":"https:\/\/daritek.com\/?post_type=product&#038;p=4074"},"modified":"2026-02-28T15:35:13","modified_gmt":"2026-02-28T15:35:13","slug":"batteur-electrique-200w-5-vitesses-moulinex-easymax-hm2501b1","status":"publish","type":"product","link":"https:\/\/daritek.com\/?product=batteur-electrique-200w-5-vitesses-moulinex-easymax-hm2501b1","title":{"rendered":"Batteur \u00e9lectrique 200W 5 vitesses &#8211; Moulinex Easymax HM2501B1"},"content":{"rendered":"<h3>Batteur Electrique \u00e0 Main Moulinex Easymax HM2501B1<\/h3>\n<p><strong>Le batteur facile \u00e0 utiliser pour tous vos besoins quotidiens en mati\u00e8re de battage, de mixage et de fouettage<\/strong><\/p>\n<p>Pour des blancs d&rsquo;\u0153ufs battus \u00e0 la perfection, une cr\u00e8me fouett\u00e9e irr\u00e9sistible et bien plus encore, le batteur Easy Max de Moulinex garantit des r\u00e9sultats faciles jour apr\u00e8s jour, avec une puissance de 200 W et cinq vitesses, le tout dans un design compact dot\u00e9 d\u2019une poign\u00e9e ergonomique et d\u2019une commande \u00e0 bouton unique. Deux jeux de fouets polyvalents, des fouets en acier inoxydable parfaits pour les blancs d&rsquo;\u0153ufs et des fouets en plastique pour une mayonnaise impeccable et pour \u00e9mulsionner, mettent une infinit\u00e9 d\u2019options \u00e0 port\u00e9e de main. Easy Max : de superbes r\u00e9sultats, toujours \u00e0 port\u00e9e de main !<\/p>\n<p><img fetchpriority=\"high\" decoding=\"async\" class=\"alignnone size-medium wp-image-4076\" src=\"https:\/\/daritek.com\/wp-content\/uploads\/2026\/02\/gvc.product.image_.1734524652343.32edc1c2-2a97-4e92-a1f3-bae3bad4ea25-400x400.png\" alt=\"\" width=\"400\" height=\"400\" srcset=\"https:\/\/daritek.com\/wp-content\/uploads\/2026\/02\/gvc.product.image_.1734524652343.32edc1c2-2a97-4e92-a1f3-bae3bad4ea25-400x400.png 400w, https:\/\/daritek.com\/wp-content\/uploads\/2026\/02\/gvc.product.image_.1734524652343.32edc1c2-2a97-4e92-a1f3-bae3bad4ea25-280x280.png 280w, https:\/\/daritek.com\/wp-content\/uploads\/2026\/02\/gvc.product.image_.1734524652343.32edc1c2-2a97-4e92-a1f3-bae3bad4ea25-100x100.png 100w, https:\/\/daritek.com\/wp-content\/uploads\/2026\/02\/gvc.product.image_.1734524652343.32edc1c2-2a97-4e92-a1f3-bae3bad4ea25.png 500w\" sizes=\"(max-width: 400px) 100vw, 400px\" \/> <img decoding=\"async\" class=\"alignnone size-medium wp-image-4077\" src=\"https:\/\/daritek.com\/wp-content\/uploads\/2026\/02\/gvc.product.image_.1734524669152.016e5488-5687-4ff8-a92e-945faa95939f-400x400.png\" alt=\"\" width=\"400\" height=\"400\" srcset=\"https:\/\/daritek.com\/wp-content\/uploads\/2026\/02\/gvc.product.image_.1734524669152.016e5488-5687-4ff8-a92e-945faa95939f-400x400.png 400w, https:\/\/daritek.com\/wp-content\/uploads\/2026\/02\/gvc.product.image_.1734524669152.016e5488-5687-4ff8-a92e-945faa95939f-280x280.png 280w, https:\/\/daritek.com\/wp-content\/uploads\/2026\/02\/gvc.product.image_.1734524669152.016e5488-5687-4ff8-a92e-945faa95939f-100x100.png 100w, https:\/\/daritek.com\/wp-content\/uploads\/2026\/02\/gvc.product.image_.1734524669152.016e5488-5687-4ff8-a92e-945faa95939f.png 500w\" sizes=\"(max-width: 400px) 100vw, 400px\" \/><\/p>\n<p><img decoding=\"async\" class=\"alignnone size-medium wp-image-4078\" src=\"https:\/\/daritek.com\/wp-content\/uploads\/2026\/02\/gvc.product.image_.1734524678570.12833e03-cb94-4b0d-9ef6-394ac90aa08d-400x400.png\" alt=\"\" width=\"400\" height=\"400\" srcset=\"https:\/\/daritek.com\/wp-content\/uploads\/2026\/02\/gvc.product.image_.1734524678570.12833e03-cb94-4b0d-9ef6-394ac90aa08d-400x400.png 400w, https:\/\/daritek.com\/wp-content\/uploads\/2026\/02\/gvc.product.image_.1734524678570.12833e03-cb94-4b0d-9ef6-394ac90aa08d-280x280.png 280w, https:\/\/daritek.com\/wp-content\/uploads\/2026\/02\/gvc.product.image_.1734524678570.12833e03-cb94-4b0d-9ef6-394ac90aa08d-100x100.png 100w, https:\/\/daritek.com\/wp-content\/uploads\/2026\/02\/gvc.product.image_.1734524678570.12833e03-cb94-4b0d-9ef6-394ac90aa08d.png 500w\" sizes=\"(max-width: 400px) 100vw, 400px\" \/> <img loading=\"lazy\" decoding=\"async\" class=\"alignnone size-medium wp-image-4079\" src=\"https:\/\/daritek.com\/wp-content\/uploads\/2026\/02\/gvc.product.image_.1734524688520.de40b720-7600-4f92-a3f1-b1c10635c605-400x400.png\" alt=\"\" width=\"400\" height=\"400\" srcset=\"https:\/\/daritek.com\/wp-content\/uploads\/2026\/02\/gvc.product.image_.1734524688520.de40b720-7600-4f92-a3f1-b1c10635c605-400x400.png 400w, https:\/\/daritek.com\/wp-content\/uploads\/2026\/02\/gvc.product.image_.1734524688520.de40b720-7600-4f92-a3f1-b1c10635c605-280x280.png 280w, https:\/\/daritek.com\/wp-content\/uploads\/2026\/02\/gvc.product.image_.1734524688520.de40b720-7600-4f92-a3f1-b1c10635c605-100x100.png 100w, https:\/\/daritek.com\/wp-content\/uploads\/2026\/02\/gvc.product.image_.1734524688520.de40b720-7600-4f92-a3f1-b1c10635c605.png 500w\" sizes=\"(max-width: 400px) 100vw, 400px\" \/><\/p>\n<h3>Caract\u00e9ristiques techniques<\/h3>\n<table class=\"tech-specs\" style=\"width: 100%; border-collapse: collapse;\">\n<tbody>\n<tr>\n<th style=\"text-align: left; padding: 8px; border-bottom: 1px solid #eee;\">TYPE<\/th>\n<td style=\"padding: 8px; border-bottom: 1px solid #eee;\">Batteur \u00c0 Main<\/td>\n<\/tr>\n<tr>\n<th style=\"text-align: left; padding: 8px; border-bottom: 1px solid #eee;\">Marque<\/th>\n<td style=\"padding: 8px; border-bottom: 1px solid #eee;\">Moulinex<\/td>\n<\/tr>\n<tr>\n<th style=\"text-align: left; padding: 8px; border-bottom: 1px solid #eee;\">Model<\/th>\n<td style=\"padding: 8px; border-bottom: 1px solid #eee;\">Easymax<\/td>\n<\/tr>\n<tr>\n<th style=\"text-align: left; padding: 8px; border-bottom: 1px solid #eee;\">R\u00e9f\u00e9rence<\/th>\n<td style=\"padding: 8px; border-bottom: 1px solid #eee;\">HM2501B1<\/td>\n<\/tr>\n<tr>\n<th style=\"text-align: left; padding: 8px; border-bottom: 1px solid #eee;\">PUISSANCE<\/th>\n<td style=\"padding: 8px; border-bottom: 1px solid #eee;\">200W<\/td>\n<\/tr>\n<tr>\n<th style=\"text-align: left; padding: 8px; border-bottom: 1px solid #eee;\">Nombre De Vitesses<\/th>\n<td style=\"padding: 8px; border-bottom: 1px solid #eee;\">5 vitesses<\/td>\n<\/tr>\n<tr>\n<th style=\"text-align: left; padding: 8px; border-bottom: 1px solid #eee;\">Accessoires Inclus<\/th>\n<td style=\"padding: 8px; border-bottom: 1px solid #eee;\">Fouets En Inox et en Plastique<\/td>\n<\/tr>\n<tr>\n<th style=\"text-align: left; padding: 8px; border-bottom: 1px solid #eee;\">Matiere du corps<\/th>\n<td style=\"padding: 8px; border-bottom: 1px solid #eee;\">En plastique<\/td>\n<\/tr>\n<tr>\n<th style=\"text-align: left; padding: 8px; border-bottom: 1px solid #eee;\">Compatibles lave-vaisselle<\/th>\n<td style=\"padding: 8px; border-bottom: 1px solid #eee;\">Oui<\/td>\n<\/tr>\n<\/tbody>\n<\/table>\n","protected":false},"excerpt":{"rendered":"<ul>\n<li class=\"py-0 my-0 prose-p:pt-0 prose-p:mb-2 prose-p:my-0 [&amp;&gt;p]:pt-0 [&amp;&gt;p]:mb-2 [&amp;&gt;p]:my-0\">200 W + 5 vitesses : r\u00e9sultats rapides jour apr\u00e8s jour.<span class=\"inline-flex\" aria-label=\"Easy max, Batteur \u00e9lectrique, 5 vitesses, 2 jeux de fouets, 200 W ...\" data-state=\"closed\">\u200b<\/span><\/li>\n<li class=\"py-0 my-0 prose-p:pt-0 prose-p:mb-2 prose-p:my-0 [&amp;&gt;p]:pt-0 [&amp;&gt;p]:mb-2 [&amp;&gt;p]:my-0\">Commande \u00e0 bouton unique + poign\u00e9e ergonomique : utilisation simple et confortable.<span class=\"inline-flex\" aria-label=\"Easy max, Batteur \u00e9lectrique, 5 vitesses, 2 jeux de fouets, 200 W ...\" data-state=\"closed\">\u200b<\/span><\/li>\n<li class=\"py-0 my-0 prose-p:pt-0 prose-p:mb-2 prose-p:my-0 [&amp;&gt;p]:pt-0 [&amp;&gt;p]:mb-2 [&amp;&gt;p]:my-0\">2 jeux de fouets inclus : inox + plastique.<span class=\"inline-flex\" aria-label=\"Easy max, Batteur \u00e9lectrique, 5 vitesses, 2 jeux de fouets, 200 W ...\" data-state=\"closed\">\u200b<\/span><\/li>\n<li class=\"py-0 my-0 prose-p:pt-0 prose-p:mb-2 prose-p:my-0 [&amp;&gt;p]:pt-0 [&amp;&gt;p]:mb-2 [&amp;&gt;p]:my-0\">Compact : facile \u00e0 ranger et toujours \u00e0 port\u00e9e de main<\/li>\n<\/ul>\n","protected":false},"featured_media":4075,"comment_status":"open","ping_status":"closed","template":"","meta":{"_crdt_document":""},"product_brand":[100],"product_cat":[1762,84,265],"product_tag":[],"class_list":{"0":"post-4074","1":"product","2":"type-product","3":"status-publish","4":"has-post-thumbnail","6":"product_brand-moulinex","7":"product_cat-batteur-electrique","8":"product_cat-electromenager","9":"product_cat-petit-electromenager","11":"first","12":"outofstock","13":"shipping-taxable","14":"purchasable","15":"product-type-simple"},"_links":{"self":[{"href":"https:\/\/daritek.com\/index.php?rest_route=\/wp\/v2\/product\/4074","targetHints":{"allow":["GET"]}}],"collection":[{"href":"https:\/\/daritek.com\/index.php?rest_route=\/wp\/v2\/product"}],"about":[{"href":"https:\/\/daritek.com\/index.php?rest_route=\/wp\/v2\/types\/product"}],"replies":[{"embeddable":true,"href":"https:\/\/daritek.com\/index.php?rest_route=%2Fwp%2Fv2%2Fcomments&post=4074"}],"wp:featuredmedia":[{"embeddable":true,"href":"https:\/\/daritek.com\/index.php?rest_route=\/wp\/v2\/media\/4075"}],"wp:attachment":[{"href":"https:\/\/daritek.com\/index.php?rest_route=%2Fwp%2Fv2%2Fmedia&parent=4074"}],"wp:term":[{"taxonomy":"product_brand","embeddable":true,"href":"https:\/\/daritek.com\/index.php?rest_route=%2Fwp%2Fv2%2Fproduct_brand&post=4074"},{"taxonomy":"product_cat","embeddable":true,"href":"https:\/\/daritek.com\/index.php?rest_route=%2Fwp%2Fv2%2Fproduct_cat&post=4074"},{"taxonomy":"product_tag","embeddable":true,"href":"https:\/\/daritek.com\/index.php?rest_route=%2Fwp%2Fv2%2Fproduct_tag&post=4074"}],"curies":[{"name":"wp","href":"https:\/\/api.w.org\/{rel}","templated":true}]}}