{"id":4436,"date":"2026-03-03T13:43:04","date_gmt":"2026-03-03T13:43:04","guid":{"rendered":"https:\/\/daritek.com\/?post_type=product&#038;p=4436"},"modified":"2026-03-03T13:48:58","modified_gmt":"2026-03-03T13:48:58","slug":"batteur-a-main-5-vitesses-250w-clatronic-hm-3014","status":"publish","type":"product","link":"https:\/\/daritek.com\/?product=batteur-a-main-5-vitesses-250w-clatronic-hm-3014","title":{"rendered":"Batteur \u00c0 Main 5 Vitesses 250W Clatronic HM 3014"},"content":{"rendered":"<h3><strong>Batteur \u00e0 Main \u00e9lectrique &#8211; 250W Clatronic HM 3014<\/strong><\/h3>\n<p>D\u00e9couvrez le batteur Clatronic HM 3014, l&rsquo;alli\u00e9 parfait pour toutes vos pr\u00e9parations culinaires ! Avec son\u00a0<strong>moteur puissant de 250 watts<\/strong>, ce batteur vous offre une performance optimale pour m\u00e9langer, fouetter et p\u00e9trir en toute simplicit\u00e9. Gr\u00e2ce \u00e0 ses\u00a0<strong>5 niveaux de vitesse<\/strong>, vous avez un contr\u00f4le total sur la consistance de vos p\u00e2tes, cr\u00e8mes et autres pr\u00e9parations. Le\u00a0<strong>bouton d&rsquo;\u00e9jection<\/strong>\u00a0facilite le changement des accessoires, tandis que les\u00a0<strong>fouets et crochets \u00e0 p\u00e2te en acier inoxydable<\/strong>\u00a0garantissent une durabilit\u00e9 et une hygi\u00e8ne irr\u00e9prochables. Tous les accessoires sont\u00a0<strong>compatibles avec le lave-vaisselle<\/strong>, ce qui rend le nettoyage rapide et pratique. Fonctionnant sur\u00a0<strong>230 V, 50 Hz<\/strong>, ce batteur est con\u00e7u pour r\u00e9pondre \u00e0 vos besoins quotidiens en cuisine. Que vous soyez un amateur ou un passionn\u00e9 de p\u00e2tisserie, le batteur Clatronic HM 3014 est l&rsquo;outil indispensable pour des r\u00e9sultats professionnels \u00e0 la maison. Commandez d\u00e8s maintenant et simplifiez-vous la vie en cuisine !<\/p>\n<p><img fetchpriority=\"high\" decoding=\"async\" class=\"alignnone size-medium wp-image-4438\" src=\"https:\/\/daritek.com\/wp-content\/uploads\/2026\/03\/gvc.product.image_.1738090861092.a9ad5070-f75a-4a41-9657-db52da836cc0-400x400.jpeg\" alt=\"\" width=\"400\" height=\"400\" srcset=\"https:\/\/daritek.com\/wp-content\/uploads\/2026\/03\/gvc.product.image_.1738090861092.a9ad5070-f75a-4a41-9657-db52da836cc0-400x400.jpeg 400w, https:\/\/daritek.com\/wp-content\/uploads\/2026\/03\/gvc.product.image_.1738090861092.a9ad5070-f75a-4a41-9657-db52da836cc0-280x280.jpeg 280w, https:\/\/daritek.com\/wp-content\/uploads\/2026\/03\/gvc.product.image_.1738090861092.a9ad5070-f75a-4a41-9657-db52da836cc0-768x768.jpeg 768w, https:\/\/daritek.com\/wp-content\/uploads\/2026\/03\/gvc.product.image_.1738090861092.a9ad5070-f75a-4a41-9657-db52da836cc0-100x100.jpeg 100w, https:\/\/daritek.com\/wp-content\/uploads\/2026\/03\/gvc.product.image_.1738090861092.a9ad5070-f75a-4a41-9657-db52da836cc0.jpeg 800w\" sizes=\"(max-width: 400px) 100vw, 400px\" \/> <img decoding=\"async\" class=\"alignnone size-medium wp-image-4439\" src=\"https:\/\/daritek.com\/wp-content\/uploads\/2026\/03\/gvc.product.image_.1738090866917.fc987bae-cb78-45e9-a1de-10ace2847ac5-400x400.jpeg\" alt=\"\" width=\"400\" height=\"400\" srcset=\"https:\/\/daritek.com\/wp-content\/uploads\/2026\/03\/gvc.product.image_.1738090866917.fc987bae-cb78-45e9-a1de-10ace2847ac5-400x400.jpeg 400w, https:\/\/daritek.com\/wp-content\/uploads\/2026\/03\/gvc.product.image_.1738090866917.fc987bae-cb78-45e9-a1de-10ace2847ac5-280x280.jpeg 280w, https:\/\/daritek.com\/wp-content\/uploads\/2026\/03\/gvc.product.image_.1738090866917.fc987bae-cb78-45e9-a1de-10ace2847ac5-768x768.jpeg 768w, https:\/\/daritek.com\/wp-content\/uploads\/2026\/03\/gvc.product.image_.1738090866917.fc987bae-cb78-45e9-a1de-10ace2847ac5-100x100.jpeg 100w, https:\/\/daritek.com\/wp-content\/uploads\/2026\/03\/gvc.product.image_.1738090866917.fc987bae-cb78-45e9-a1de-10ace2847ac5.jpeg 800w\" sizes=\"(max-width: 400px) 100vw, 400px\" \/><\/p>\n<p><img decoding=\"async\" class=\"alignnone size-medium wp-image-4440\" src=\"https:\/\/daritek.com\/wp-content\/uploads\/2026\/03\/gvc.product.image_.1738090876408.1743cb27-965a-43e0-a090-2509cf6131c3-412x400.jpeg\" alt=\"\" width=\"412\" height=\"400\" srcset=\"https:\/\/daritek.com\/wp-content\/uploads\/2026\/03\/gvc.product.image_.1738090876408.1743cb27-965a-43e0-a090-2509cf6131c3-412x400.jpeg 412w, https:\/\/daritek.com\/wp-content\/uploads\/2026\/03\/gvc.product.image_.1738090876408.1743cb27-965a-43e0-a090-2509cf6131c3.jpeg 569w\" sizes=\"(max-width: 412px) 100vw, 412px\" \/> <img loading=\"lazy\" decoding=\"async\" class=\"alignnone size-medium wp-image-4441\" src=\"https:\/\/daritek.com\/wp-content\/uploads\/2026\/03\/gvc.product.image_.1738090881970.b330dc6d-424b-4996-9b9f-88b34b624717-400x400.jpeg\" alt=\"\" width=\"400\" height=\"400\" srcset=\"https:\/\/daritek.com\/wp-content\/uploads\/2026\/03\/gvc.product.image_.1738090881970.b330dc6d-424b-4996-9b9f-88b34b624717-400x400.jpeg 400w, https:\/\/daritek.com\/wp-content\/uploads\/2026\/03\/gvc.product.image_.1738090881970.b330dc6d-424b-4996-9b9f-88b34b624717-280x280.jpeg 280w, https:\/\/daritek.com\/wp-content\/uploads\/2026\/03\/gvc.product.image_.1738090881970.b330dc6d-424b-4996-9b9f-88b34b624717-768x768.jpeg 768w, https:\/\/daritek.com\/wp-content\/uploads\/2026\/03\/gvc.product.image_.1738090881970.b330dc6d-424b-4996-9b9f-88b34b624717-100x100.jpeg 100w, https:\/\/daritek.com\/wp-content\/uploads\/2026\/03\/gvc.product.image_.1738090881970.b330dc6d-424b-4996-9b9f-88b34b624717.jpeg 800w\" sizes=\"(max-width: 400px) 100vw, 400px\" \/><\/p>\n<h3>Caract\u00e9ristiques techniques<\/h3>\n<table class=\"tech-specs\" style=\"width: 100%; border-collapse: collapse;\">\n<tbody>\n<tr>\n<th style=\"text-align: left; padding: 8px; border-bottom: 1px solid #eee;\">TYPE<\/th>\n<td style=\"padding: 8px; border-bottom: 1px solid #eee;\">Batteur \u00c0 Main<\/td>\n<\/tr>\n<tr>\n<th style=\"text-align: left; padding: 8px; border-bottom: 1px solid #eee;\">Marque<\/th>\n<td style=\"padding: 8px; border-bottom: 1px solid #eee;\">Clatronic<\/td>\n<\/tr>\n<tr>\n<th style=\"text-align: left; padding: 8px; border-bottom: 1px solid #eee;\">R\u00e9f\u00e9rence<\/th>\n<td style=\"padding: 8px; border-bottom: 1px solid #eee;\">HM 3014<\/td>\n<\/tr>\n<tr>\n<th style=\"text-align: left; padding: 8px; border-bottom: 1px solid #eee;\">PUISSANCE<\/th>\n<td style=\"padding: 8px; border-bottom: 1px solid #eee;\">250W<\/td>\n<\/tr>\n<tr>\n<th style=\"text-align: left; padding: 8px; border-bottom: 1px solid #eee;\">Nombre De Vitesses<\/th>\n<td style=\"padding: 8px; border-bottom: 1px solid #eee;\">5 vitesses<\/td>\n<\/tr>\n<tr>\n<th style=\"text-align: left; padding: 8px; border-bottom: 1px solid #eee;\">Accessoires Inclus<\/th>\n<td style=\"padding: 8px; border-bottom: 1px solid #eee;\">Des Crochets et Fouets En Inox<\/td>\n<\/tr>\n<tr>\n<th style=\"text-align: left; padding: 8px; border-bottom: 1px solid #eee;\">Matiere du corps<\/th>\n<td style=\"padding: 8px; border-bottom: 1px solid #eee;\">En plastique<\/td>\n<\/tr>\n<tr>\n<th style=\"text-align: left; padding: 8px; border-bottom: 1px solid #eee;\">Compatibles lave-vaisselle<\/th>\n<td style=\"padding: 8px; border-bottom: 1px solid #eee;\">Oui<\/td>\n<\/tr>\n<\/tbody>\n<\/table>\n","protected":false},"excerpt":{"rendered":"<ul>\n<li>Batteur 2 en 1 (2 fouets et 2 crochets p\u00e9trisseurs)<\/li>\n<li>5 vitesses diff\u00e9rentes pour des r\u00e9sultats plus efficaces<\/li>\n<li>Bouton d\u2019\u00e9jection des fouets<\/li>\n<li>Moteur puissant de 250 watts<\/li>\n<li>Accessoires lavables au lave-vaisselle<\/li>\n<\/ul>\n","protected":false},"featured_media":4437,"comment_status":"open","ping_status":"closed","template":"","meta":{"_crdt_document":""},"product_brand":[590],"product_cat":[1762,84,265],"product_tag":[],"class_list":{"0":"post-4436","1":"product","2":"type-product","3":"status-publish","4":"has-post-thumbnail","6":"product_brand-clatronic","7":"product_cat-batteur-electrique","8":"product_cat-electromenager","9":"product_cat-petit-electromenager","11":"first","12":"instock","13":"sale","14":"shipping-taxable","15":"purchasable","16":"product-type-simple"},"_links":{"self":[{"href":"https:\/\/daritek.com\/index.php?rest_route=\/wp\/v2\/product\/4436","targetHints":{"allow":["GET"]}}],"collection":[{"href":"https:\/\/daritek.com\/index.php?rest_route=\/wp\/v2\/product"}],"about":[{"href":"https:\/\/daritek.com\/index.php?rest_route=\/wp\/v2\/types\/product"}],"replies":[{"embeddable":true,"href":"https:\/\/daritek.com\/index.php?rest_route=%2Fwp%2Fv2%2Fcomments&post=4436"}],"wp:featuredmedia":[{"embeddable":true,"href":"https:\/\/daritek.com\/index.php?rest_route=\/wp\/v2\/media\/4437"}],"wp:attachment":[{"href":"https:\/\/daritek.com\/index.php?rest_route=%2Fwp%2Fv2%2Fmedia&parent=4436"}],"wp:term":[{"taxonomy":"product_brand","embeddable":true,"href":"https:\/\/daritek.com\/index.php?rest_route=%2Fwp%2Fv2%2Fproduct_brand&post=4436"},{"taxonomy":"product_cat","embeddable":true,"href":"https:\/\/daritek.com\/index.php?rest_route=%2Fwp%2Fv2%2Fproduct_cat&post=4436"},{"taxonomy":"product_tag","embeddable":true,"href":"https:\/\/daritek.com\/index.php?rest_route=%2Fwp%2Fv2%2Fproduct_tag&post=4436"}],"curies":[{"name":"wp","href":"https:\/\/api.w.org\/{rel}","templated":true}]}}