{"id":4463,"date":"2026-03-03T14:16:37","date_gmt":"2026-03-03T14:16:37","guid":{"rendered":"https:\/\/daritek.com\/?post_type=product&#038;p=4463"},"modified":"2026-03-03T14:16:37","modified_gmt":"2026-03-03T14:16:37","slug":"batteur-electrique-450w-avec-4-accessoires-seb-prepline-ht411100","status":"publish","type":"product","link":"https:\/\/daritek.com\/?product=batteur-electrique-450w-avec-4-accessoires-seb-prepline-ht411100","title":{"rendered":"Batteur \u00e9lectrique 450W avec 4 accessoires &#8211; Seb Prep&rsquo;line HT411100"},"content":{"rendered":"<h3><strong>Batteur Electrique\u00a0Prep&rsquo;line 450W SEB\u00a0<\/strong><\/h3>\n<p>Le partenaire incontournable de vos p\u00e2tisseries !<\/p>\n<p>D\u00e9couvrez le plaisir des p\u00e2tisseries faites maison ! Que ce soit pour battre des blancs en neige a\u00e9r\u00e9s, fouetter de la cr\u00e8me, p\u00e9trir des p\u00e2tes lourdes ou mixer des soupes et des smoothies, votre batteur Prep\u2019line sera votre partenaire essentiel !<\/p>\n<p>Gr\u00e2ce \u00e0 son puissant moteur de 450 W, variez les 5 vitesses et le bouton Turbo pour adapter facilement \u00e0 votre pr\u00e9paration. Avec les fouets en m\u00e9tal, montez des blancs en neige, fouetter de la cr\u00e8me et m\u00e9langez vos p\u00e2tes \u00e0 g\u00e2teaux. Les crochets vous permettront de p\u00e9trir des p\u00e2tes lourdes telles que des p\u00e2tes \u00e0 pain ou p\u00e2tes \u00e0 pizza. Utilisez le pied mixeur amovible pour r\u00e9aliser des soupes, des pur\u00e9es ou des smoothies faits maison !<\/p>\n<ul>\n<li>Puissance : 450 W<\/li>\n<li>Vitesse : 5+turbo<\/li>\n<li>\u00c9jection des fouets +Gobelet doseur de 600 ml<\/li>\n<li>Fouets : pour les pr\u00e9parations d\u00e9licates (chantilly, sauces&#8230;)<\/li>\n<li>P\u00e9trins m\u00e9talliques \/ crochets pour p\u00e9trir la p\u00e2te ou tout type de p\u00e2te lourde<\/li>\n<li>Pied mixeur pour r\u00e9aliser soupes, velout\u00e9s, p\u00e2te \u00e0 cr\u00eape\u2026<\/li>\n<\/ul>\n<p><img fetchpriority=\"high\" decoding=\"async\" class=\"alignnone size-medium wp-image-4466\" src=\"https:\/\/daritek.com\/wp-content\/uploads\/2026\/03\/Digital-Tefal-Handmixer-Prepline-HT411138_Lifestye-01-tif-556x400.png\" alt=\"\" width=\"556\" height=\"400\" srcset=\"https:\/\/daritek.com\/wp-content\/uploads\/2026\/03\/Digital-Tefal-Handmixer-Prepline-HT411138_Lifestye-01-tif-556x400.png 556w, https:\/\/daritek.com\/wp-content\/uploads\/2026\/03\/Digital-Tefal-Handmixer-Prepline-HT411138_Lifestye-01-tif.png 616w\" sizes=\"(max-width: 556px) 100vw, 556px\" \/> <img decoding=\"async\" class=\"alignnone size-medium wp-image-4470\" src=\"https:\/\/daritek.com\/wp-content\/uploads\/2026\/03\/seb-4111001-400x400.jpg\" alt=\"\" width=\"400\" height=\"400\" srcset=\"https:\/\/daritek.com\/wp-content\/uploads\/2026\/03\/seb-4111001-400x400.jpg 400w, https:\/\/daritek.com\/wp-content\/uploads\/2026\/03\/seb-4111001-280x280.jpg 280w, https:\/\/daritek.com\/wp-content\/uploads\/2026\/03\/seb-4111001-100x100.jpg 100w, https:\/\/daritek.com\/wp-content\/uploads\/2026\/03\/seb-4111001.jpg 680w\" sizes=\"(max-width: 400px) 100vw, 400px\" \/><\/p>\n<p><img decoding=\"async\" class=\"alignnone size-medium wp-image-4471\" src=\"https:\/\/daritek.com\/wp-content\/uploads\/2026\/03\/seb-4111002-400x400.jpg\" alt=\"\" width=\"400\" height=\"400\" srcset=\"https:\/\/daritek.com\/wp-content\/uploads\/2026\/03\/seb-4111002-400x400.jpg 400w, https:\/\/daritek.com\/wp-content\/uploads\/2026\/03\/seb-4111002-280x280.jpg 280w, https:\/\/daritek.com\/wp-content\/uploads\/2026\/03\/seb-4111002-100x100.jpg 100w, https:\/\/daritek.com\/wp-content\/uploads\/2026\/03\/seb-4111002.jpg 680w\" sizes=\"(max-width: 400px) 100vw, 400px\" \/> <img loading=\"lazy\" decoding=\"async\" class=\"alignnone size-medium wp-image-4467\" src=\"https:\/\/daritek.com\/wp-content\/uploads\/2026\/03\/Digital-TE-PRODUITS-HANDMIXER-0-PREPLINE-HT410138-5_SPEEDS_-_TURBO_BUTTON-tif-294x400.png\" alt=\"\" width=\"294\" height=\"400\" srcset=\"https:\/\/daritek.com\/wp-content\/uploads\/2026\/03\/Digital-TE-PRODUITS-HANDMIXER-0-PREPLINE-HT410138-5_SPEEDS_-_TURBO_BUTTON-tif-294x400.png 294w, https:\/\/daritek.com\/wp-content\/uploads\/2026\/03\/Digital-TE-PRODUITS-HANDMIXER-0-PREPLINE-HT410138-5_SPEEDS_-_TURBO_BUTTON-tif.png 326w\" sizes=\"(max-width: 294px) 100vw, 294px\" \/><\/p>\n<h3>Caract\u00e9ristiques techniques<\/h3>\n<table class=\"tech-specs\" style=\"width: 100%; border-collapse: collapse;\">\n<tbody>\n<tr>\n<th style=\"text-align: left; padding: 8px; border-bottom: 1px solid #eee;\">TYPE<\/th>\n<td style=\"padding: 8px; border-bottom: 1px solid #eee;\">Batteur \u00c0 Main<\/td>\n<\/tr>\n<tr>\n<th style=\"text-align: left; padding: 8px; border-bottom: 1px solid #eee;\">Marque<\/th>\n<td style=\"padding: 8px; border-bottom: 1px solid #eee;\">Seb<\/td>\n<\/tr>\n<tr>\n<th style=\"text-align: left; padding: 8px; border-bottom: 1px solid #eee;\">R\u00e9f\u00e9rence<\/th>\n<td style=\"padding: 8px; border-bottom: 1px solid #eee;\">HT411100<\/td>\n<\/tr>\n<tr>\n<th style=\"text-align: left; padding: 8px; border-bottom: 1px solid #eee;\">PUISSANCE<\/th>\n<td style=\"padding: 8px; border-bottom: 1px solid #eee;\">450W<\/td>\n<\/tr>\n<tr>\n<th style=\"text-align: left; padding: 8px; border-bottom: 1px solid #eee;\">Nombre De Vitesses<\/th>\n<td style=\"padding: 8px; border-bottom: 1px solid #eee;\">5 vitesses + turbo<\/td>\n<\/tr>\n<tr>\n<th style=\"text-align: left; padding: 8px; border-bottom: 1px solid #eee;\">Accessoires Inclus<\/th>\n<td style=\"padding: 8px; border-bottom: 1px solid #eee;\">Des Crochets et Fouets En Inox &#8211; Pied Mixeur &#8211; Bol De Mixage<\/td>\n<\/tr>\n<tr>\n<th style=\"text-align: left; padding: 8px; border-bottom: 1px solid #eee;\">Capacit\u00e9 du bol<\/th>\n<td style=\"padding: 8px; border-bottom: 1px solid #eee;\">600ml<\/td>\n<\/tr>\n<tr>\n<th style=\"text-align: left; padding: 8px; border-bottom: 1px solid #eee;\">Compatibles lave-vaisselle<\/th>\n<td style=\"padding: 8px; border-bottom: 1px solid #eee;\">Oui<\/td>\n<\/tr>\n<\/tbody>\n<\/table>\n","protected":false},"excerpt":{"rendered":"<ul>\n<li>R\u00e9glage de vitesse 5+turbo<\/li>\n<li>les accessoires: 4<\/li>\n<li>Fouets, Crochets p\u00e9trisseurs, Pied mixeur, Bol<\/li>\n<li>\u00c9jection des fouets +Gobelet doseur de 600 ml<\/li>\n<li class=\"-pvxs\"><span class=\"-b\">Pays de production<\/span>: France<\/li>\n<\/ul>\n","protected":false},"featured_media":4464,"comment_status":"open","ping_status":"closed","template":"","meta":{"_crdt_document":""},"product_brand":[736],"product_cat":[1762,84,265],"product_tag":[],"class_list":{"0":"post-4463","1":"product","2":"type-product","3":"status-publish","4":"has-post-thumbnail","6":"product_brand-seb","7":"product_cat-batteur-electrique","8":"product_cat-electromenager","9":"product_cat-petit-electromenager","11":"first","12":"outofstock","13":"shipping-taxable","14":"purchasable","15":"product-type-simple"},"_links":{"self":[{"href":"https:\/\/daritek.com\/index.php?rest_route=\/wp\/v2\/product\/4463","targetHints":{"allow":["GET"]}}],"collection":[{"href":"https:\/\/daritek.com\/index.php?rest_route=\/wp\/v2\/product"}],"about":[{"href":"https:\/\/daritek.com\/index.php?rest_route=\/wp\/v2\/types\/product"}],"replies":[{"embeddable":true,"href":"https:\/\/daritek.com\/index.php?rest_route=%2Fwp%2Fv2%2Fcomments&post=4463"}],"wp:featuredmedia":[{"embeddable":true,"href":"https:\/\/daritek.com\/index.php?rest_route=\/wp\/v2\/media\/4464"}],"wp:attachment":[{"href":"https:\/\/daritek.com\/index.php?rest_route=%2Fwp%2Fv2%2Fmedia&parent=4463"}],"wp:term":[{"taxonomy":"product_brand","embeddable":true,"href":"https:\/\/daritek.com\/index.php?rest_route=%2Fwp%2Fv2%2Fproduct_brand&post=4463"},{"taxonomy":"product_cat","embeddable":true,"href":"https:\/\/daritek.com\/index.php?rest_route=%2Fwp%2Fv2%2Fproduct_cat&post=4463"},{"taxonomy":"product_tag","embeddable":true,"href":"https:\/\/daritek.com\/index.php?rest_route=%2Fwp%2Fv2%2Fproduct_tag&post=4463"}],"curies":[{"name":"wp","href":"https:\/\/api.w.org\/{rel}","templated":true}]}}