{"id":4614,"date":"2026-03-03T16:20:33","date_gmt":"2026-03-03T16:20:33","guid":{"rendered":"https:\/\/daritek.com\/?post_type=product&#038;p=4614"},"modified":"2026-03-03T16:54:18","modified_gmt":"2026-03-03T16:54:18","slug":"batteur-mixeur-electrique-500-w-5-vitesses-moulinex-prepmix-hm462110","status":"publish","type":"product","link":"https:\/\/daritek.com\/?product=batteur-mixeur-electrique-500-w-5-vitesses-moulinex-prepmix-hm462110","title":{"rendered":"Batteur Mixeur Electrique 500 W 5 Vitesses &#8211; Moulinex Prep&rsquo;Mix+ HM462110"},"content":{"rendered":"<h3><strong>Batteur Mixeur Moulinex Prep&rsquo;Mix+ HM462110 &#8211; 500W\u00a0: R\u00e9sultats polyvalents<\/strong><\/h3>\n<p>Rien ne vaut la cuisine faite maison, qu&rsquo;il s&rsquo;agisse des ar\u00f4mes all\u00e9chants ou de la satisfaction de voir vos amis et votre famille savourer vos cr\u00e9ations fra\u00eechement cuites. Avec Prep&rsquo;Mix+, Moulinex vous facilite la t\u00e2che\u00a0! Ce batteur \u00e9lectrique \u00e0 main garantit des r\u00e9sultats impeccables \u00e0 chaque fois\u00a0: 5 vitesses et fonction Turbo entra\u00een\u00e9es par un puissant moteur de 500\u00a0W pour un mixage exceptionnel, des fouets et des p\u00e9trins robustes en acier inoxydable pour r\u00e9aliser des pr\u00e9parations l\u00e9g\u00e8res et \u00e9paisses, et une s\u00e9rie de fonctions intelligentes pour plus de confort et de polyvalence.<\/p>\n<ul>\n<li>Puissance : 500 W<\/li>\n<li>Vitesse : 5+turbo<\/li>\n<li>\u00c9jection des fouets + Gobelet doseur<\/li>\n<li>Fouets : pour les pr\u00e9parations d\u00e9licates (chantilly, sauces&#8230;)<\/li>\n<li>P\u00e9trins m\u00e9talliques \/ crochets pour p\u00e9trir la p\u00e2te ou tout type de p\u00e2te lourde<\/li>\n<li>Pied mixeur en inox pour r\u00e9aliser soupes, velout\u00e9s, p\u00e2te \u00e0 cr\u00eape\u2026<\/li>\n<\/ul>\n<p><img fetchpriority=\"high\" decoding=\"async\" class=\"alignnone size-medium wp-image-4617\" src=\"https:\/\/daritek.com\/wp-content\/uploads\/2026\/03\/3-9-400x400.jpg\" alt=\"\" width=\"400\" height=\"400\" srcset=\"https:\/\/daritek.com\/wp-content\/uploads\/2026\/03\/3-9-400x400.jpg 400w, https:\/\/daritek.com\/wp-content\/uploads\/2026\/03\/3-9-280x280.jpg 280w, https:\/\/daritek.com\/wp-content\/uploads\/2026\/03\/3-9-100x100.jpg 100w, https:\/\/daritek.com\/wp-content\/uploads\/2026\/03\/3-9.jpg 680w\" sizes=\"(max-width: 400px) 100vw, 400px\" \/> <img decoding=\"async\" class=\"alignnone size-medium wp-image-4618\" src=\"https:\/\/daritek.com\/wp-content\/uploads\/2026\/03\/4-4-400x400.jpg\" alt=\"\" width=\"400\" height=\"400\" srcset=\"https:\/\/daritek.com\/wp-content\/uploads\/2026\/03\/4-4-400x400.jpg 400w, https:\/\/daritek.com\/wp-content\/uploads\/2026\/03\/4-4-280x280.jpg 280w, https:\/\/daritek.com\/wp-content\/uploads\/2026\/03\/4-4-100x100.jpg 100w, https:\/\/daritek.com\/wp-content\/uploads\/2026\/03\/4-4.jpg 680w\" sizes=\"(max-width: 400px) 100vw, 400px\" \/><\/p>\n<p><img decoding=\"async\" class=\"alignnone size-medium wp-image-4619\" src=\"https:\/\/daritek.com\/wp-content\/uploads\/2026\/03\/5-5-400x400.jpg\" alt=\"\" width=\"400\" height=\"400\" srcset=\"https:\/\/daritek.com\/wp-content\/uploads\/2026\/03\/5-5-400x400.jpg 400w, https:\/\/daritek.com\/wp-content\/uploads\/2026\/03\/5-5-280x280.jpg 280w, https:\/\/daritek.com\/wp-content\/uploads\/2026\/03\/5-5-100x100.jpg 100w, https:\/\/daritek.com\/wp-content\/uploads\/2026\/03\/5-5.jpg 680w\" sizes=\"(max-width: 400px) 100vw, 400px\" \/> <img loading=\"lazy\" decoding=\"async\" class=\"alignnone size-medium wp-image-4620\" src=\"https:\/\/daritek.com\/wp-content\/uploads\/2026\/03\/6-4-400x400.jpg\" alt=\"\" width=\"400\" height=\"400\" srcset=\"https:\/\/daritek.com\/wp-content\/uploads\/2026\/03\/6-4-400x400.jpg 400w, https:\/\/daritek.com\/wp-content\/uploads\/2026\/03\/6-4-280x280.jpg 280w, https:\/\/daritek.com\/wp-content\/uploads\/2026\/03\/6-4-100x100.jpg 100w, https:\/\/daritek.com\/wp-content\/uploads\/2026\/03\/6-4.jpg 680w\" sizes=\"(max-width: 400px) 100vw, 400px\" \/><\/p>\n<h3>Caract\u00e9ristiques techniques<\/h3>\n<table class=\"tech-specs\" style=\"width: 100%; border-collapse: collapse;\">\n<tbody>\n<tr>\n<th style=\"text-align: left; padding: 8px; border-bottom: 1px solid #eee;\">TYPE<\/th>\n<td style=\"padding: 8px; border-bottom: 1px solid #eee;\">Batteur \u00c0 Main<\/td>\n<\/tr>\n<tr>\n<th style=\"text-align: left; padding: 8px; border-bottom: 1px solid #eee;\">Marque<\/th>\n<td style=\"padding: 8px; border-bottom: 1px solid #eee;\">Moulinex<\/td>\n<\/tr>\n<tr>\n<th style=\"text-align: left; padding: 8px; border-bottom: 1px solid #eee;\">Modele<\/th>\n<td style=\"padding: 8px; border-bottom: 1px solid #eee;\">Prep&rsquo;Mix+<\/td>\n<\/tr>\n<tr>\n<th style=\"text-align: left; padding: 8px; border-bottom: 1px solid #eee;\">R\u00e9f\u00e9rence<\/th>\n<td style=\"padding: 8px; border-bottom: 1px solid #eee;\">HM462110<\/td>\n<\/tr>\n<tr>\n<th style=\"text-align: left; padding: 8px; border-bottom: 1px solid #eee;\">PUISSANCE<\/th>\n<td style=\"padding: 8px; border-bottom: 1px solid #eee;\">500W<\/td>\n<\/tr>\n<tr>\n<th style=\"text-align: left; padding: 8px; border-bottom: 1px solid #eee;\">Nombre De Vitesses<\/th>\n<td style=\"padding: 8px; border-bottom: 1px solid #eee;\">5 vitesses<\/td>\n<\/tr>\n<tr>\n<th style=\"text-align: left; padding: 8px; border-bottom: 1px solid #eee;\">Accessoires Inclus<\/th>\n<td style=\"padding: 8px; border-bottom: 1px solid #eee;\">Des Fouets et Crochet En Inox &#8211; Pied Mixeur &#8211; Gobelet doseur<\/td>\n<\/tr>\n<tr>\n<th style=\"text-align: left; padding: 8px; border-bottom: 1px solid #eee;\">Capacit\u00e9 du gobelet<\/th>\n<td style=\"padding: 8px; border-bottom: 1px solid #eee;\">800mL<\/td>\n<\/tr>\n<tr>\n<th style=\"text-align: left; padding: 8px; border-bottom: 1px solid #eee;\">Compatibles lave-vaisselle<\/th>\n<td style=\"padding: 8px; border-bottom: 1px solid #eee;\">Oui<\/td>\n<\/tr>\n<\/tbody>\n<\/table>\n","protected":false},"excerpt":{"rendered":"<ul>\n<li>Moteur puissant de 500 W offre 5 vitesses avec r\u00e9glage Turbo<\/li>\n<li>2 crochets p\u00e9trisseurs en acier inoxydable pour pr\u00e9parer des p\u00e2tes \u00e9paisses ou des p\u00e2tes \u00e0 pain, \u00e0 brioche, \u00e0 pizza, etc<\/li>\n<li>2 fouets en acier inoxydable pour battre parfaitement des blancs en neige, des cr\u00e8mes fouett\u00e9es, des p\u00e2tes \u00e0 g\u00e2teaux, etc<\/li>\n<li>Pied mixeur en inox pour r\u00e9aliser soupes, velout\u00e9s, p\u00e2te \u00e0 cr\u00eape\u2026<\/li>\n<li>Livr\u00e9 avec des fouets, des crochets p\u00e9trisseurs, Pied Mixeur et un tasse \u00e0 mesurer de 800 mL<\/li>\n<\/ul>\n","protected":false},"featured_media":4615,"comment_status":"open","ping_status":"closed","template":"","meta":{"_crdt_document":""},"product_brand":[100],"product_cat":[1762,84,295,265],"product_tag":[],"class_list":{"0":"post-4614","1":"product","2":"type-product","3":"status-publish","4":"has-post-thumbnail","6":"product_brand-moulinex","7":"product_cat-batteur-electrique","8":"product_cat-electromenager","9":"product_cat-mixeur-plongeant","10":"product_cat-petit-electromenager","12":"first","13":"instock","14":"sale","15":"shipping-taxable","16":"purchasable","17":"product-type-simple"},"jetpack_sharing_enabled":true,"_links":{"self":[{"href":"https:\/\/daritek.com\/index.php?rest_route=\/wp\/v2\/product\/4614","targetHints":{"allow":["GET"]}}],"collection":[{"href":"https:\/\/daritek.com\/index.php?rest_route=\/wp\/v2\/product"}],"about":[{"href":"https:\/\/daritek.com\/index.php?rest_route=\/wp\/v2\/types\/product"}],"replies":[{"embeddable":true,"href":"https:\/\/daritek.com\/index.php?rest_route=%2Fwp%2Fv2%2Fcomments&post=4614"}],"wp:featuredmedia":[{"embeddable":true,"href":"https:\/\/daritek.com\/index.php?rest_route=\/wp\/v2\/media\/4615"}],"wp:attachment":[{"href":"https:\/\/daritek.com\/index.php?rest_route=%2Fwp%2Fv2%2Fmedia&parent=4614"}],"wp:term":[{"taxonomy":"product_brand","embeddable":true,"href":"https:\/\/daritek.com\/index.php?rest_route=%2Fwp%2Fv2%2Fproduct_brand&post=4614"},{"taxonomy":"product_cat","embeddable":true,"href":"https:\/\/daritek.com\/index.php?rest_route=%2Fwp%2Fv2%2Fproduct_cat&post=4614"},{"taxonomy":"product_tag","embeddable":true,"href":"https:\/\/daritek.com\/index.php?rest_route=%2Fwp%2Fv2%2Fproduct_tag&post=4614"}],"curies":[{"name":"wp","href":"https:\/\/api.w.org\/{rel}","templated":true}]}}