{"id":4700,"date":"2026-03-05T13:15:10","date_gmt":"2026-03-05T13:15:10","guid":{"rendered":"https:\/\/daritek.com\/?post_type=product&#038;p=4700"},"modified":"2026-03-05T13:15:10","modified_gmt":"2026-03-05T13:15:10","slug":"batteur-electrique-a-main-600w-silencieux-moulinex-powermix-silence-hm650e10","status":"publish","type":"product","link":"https:\/\/daritek.com\/?product=batteur-electrique-a-main-600w-silencieux-moulinex-powermix-silence-hm650e10","title":{"rendered":"Batteur \u00c9lectrique \u00c0 Main 600W Silencieux &#8211;  Moulinex PowerMix Silence HM650E10"},"content":{"rendered":"<h3>Batteur \u00c9lectrique \u00c0 Main 600W avec Moteur silencieux Multi Vitesses et Turbo &#8211; Fouets Et Crochets en Inox &#8211; Moulinex PowerMix Silence HM650E10<\/h3>\n<p>Le meilleur des deux mondes ! Le batteur Powermix Silence de Moulinex offre des performances sans compromis, dans le plus grand des silences, faisant de ce mod\u00e8le le batteur le plus silencieux et le plus puissant.<\/p>\n<ul>\n<li>Technologie Silence600 : Moteur ultra- silencieux pour un confort d&rsquo;utilisation maximal.<\/li>\n<li>Variateur de vitesse et Turbo<\/li>\n<li>Puissance de 600 watt<\/li>\n<li>Position stable au repos permettant de garder un plan de travail propre<\/li>\n<li>Poign\u00e9e ergonomique<\/li>\n<li>Bouton d&rsquo;\u00e9jection automatique des accessoires<\/li>\n<li>2 fouets + 2 crochets p\u00e9trisseurs en inox<\/li>\n<li>Les accessoires sont compatibles au lave-vaisselle.<\/li>\n<\/ul>\n<p>Le batteur PowerMix Silence HM650E10 de Moulinex est votre partenaire id\u00e9al en cuisine. Le batteur le plus puissant et silencieux de la gamme Moulinex, con\u00e7u pour tous vos besoins culinaires !<\/p>\n<p><img fetchpriority=\"high\" decoding=\"async\" class=\"alignnone size-medium wp-image-4703\" src=\"https:\/\/daritek.com\/wp-content\/uploads\/2026\/03\/photo_5820986863400372497_y-400x400.jpg\" alt=\"\" width=\"400\" height=\"400\" srcset=\"https:\/\/daritek.com\/wp-content\/uploads\/2026\/03\/photo_5820986863400372497_y-400x400.jpg 400w, https:\/\/daritek.com\/wp-content\/uploads\/2026\/03\/photo_5820986863400372497_y-800x800.jpg 800w, https:\/\/daritek.com\/wp-content\/uploads\/2026\/03\/photo_5820986863400372497_y-280x280.jpg 280w, https:\/\/daritek.com\/wp-content\/uploads\/2026\/03\/photo_5820986863400372497_y-768x768.jpg 768w, https:\/\/daritek.com\/wp-content\/uploads\/2026\/03\/photo_5820986863400372497_y-1000x1000.jpg 1000w, https:\/\/daritek.com\/wp-content\/uploads\/2026\/03\/photo_5820986863400372497_y-100x100.jpg 100w, https:\/\/daritek.com\/wp-content\/uploads\/2026\/03\/photo_5820986863400372497_y.jpg 1080w\" sizes=\"(max-width: 400px) 100vw, 400px\" \/> <img decoding=\"async\" class=\"alignnone size-medium wp-image-4702\" src=\"https:\/\/daritek.com\/wp-content\/uploads\/2026\/03\/photo_5820986863400372496_y-400x400.jpg\" alt=\"\" width=\"400\" height=\"400\" srcset=\"https:\/\/daritek.com\/wp-content\/uploads\/2026\/03\/photo_5820986863400372496_y-400x400.jpg 400w, https:\/\/daritek.com\/wp-content\/uploads\/2026\/03\/photo_5820986863400372496_y-800x800.jpg 800w, https:\/\/daritek.com\/wp-content\/uploads\/2026\/03\/photo_5820986863400372496_y-280x280.jpg 280w, https:\/\/daritek.com\/wp-content\/uploads\/2026\/03\/photo_5820986863400372496_y-768x768.jpg 768w, https:\/\/daritek.com\/wp-content\/uploads\/2026\/03\/photo_5820986863400372496_y-1000x1000.jpg 1000w, https:\/\/daritek.com\/wp-content\/uploads\/2026\/03\/photo_5820986863400372496_y-100x100.jpg 100w, https:\/\/daritek.com\/wp-content\/uploads\/2026\/03\/photo_5820986863400372496_y.jpg 1080w\" sizes=\"(max-width: 400px) 100vw, 400px\" \/><\/p>\n<p><img decoding=\"async\" class=\"alignnone size-medium wp-image-4704\" src=\"https:\/\/daritek.com\/wp-content\/uploads\/2026\/03\/photo_5820986863400372498_y-400x400.jpg\" alt=\"\" width=\"400\" height=\"400\" srcset=\"https:\/\/daritek.com\/wp-content\/uploads\/2026\/03\/photo_5820986863400372498_y-400x400.jpg 400w, https:\/\/daritek.com\/wp-content\/uploads\/2026\/03\/photo_5820986863400372498_y-800x800.jpg 800w, https:\/\/daritek.com\/wp-content\/uploads\/2026\/03\/photo_5820986863400372498_y-280x280.jpg 280w, https:\/\/daritek.com\/wp-content\/uploads\/2026\/03\/photo_5820986863400372498_y-768x768.jpg 768w, https:\/\/daritek.com\/wp-content\/uploads\/2026\/03\/photo_5820986863400372498_y-1000x1000.jpg 1000w, https:\/\/daritek.com\/wp-content\/uploads\/2026\/03\/photo_5820986863400372498_y-100x100.jpg 100w, https:\/\/daritek.com\/wp-content\/uploads\/2026\/03\/photo_5820986863400372498_y.jpg 1080w\" sizes=\"(max-width: 400px) 100vw, 400px\" \/> <img loading=\"lazy\" decoding=\"async\" class=\"alignnone size-medium wp-image-4705\" src=\"https:\/\/daritek.com\/wp-content\/uploads\/2026\/03\/photo_5820986863400372499_y-400x400.jpg\" alt=\"\" width=\"400\" height=\"400\" srcset=\"https:\/\/daritek.com\/wp-content\/uploads\/2026\/03\/photo_5820986863400372499_y-400x400.jpg 400w, https:\/\/daritek.com\/wp-content\/uploads\/2026\/03\/photo_5820986863400372499_y-801x800.jpg 801w, https:\/\/daritek.com\/wp-content\/uploads\/2026\/03\/photo_5820986863400372499_y-280x280.jpg 280w, https:\/\/daritek.com\/wp-content\/uploads\/2026\/03\/photo_5820986863400372499_y-768x767.jpg 768w, https:\/\/daritek.com\/wp-content\/uploads\/2026\/03\/photo_5820986863400372499_y-1000x999.jpg 1000w, https:\/\/daritek.com\/wp-content\/uploads\/2026\/03\/photo_5820986863400372499_y-100x100.jpg 100w, https:\/\/daritek.com\/wp-content\/uploads\/2026\/03\/photo_5820986863400372499_y.jpg 1081w\" sizes=\"(max-width: 400px) 100vw, 400px\" \/><\/p>\n<p><img loading=\"lazy\" decoding=\"async\" class=\"alignnone size-medium wp-image-4706\" src=\"https:\/\/daritek.com\/wp-content\/uploads\/2026\/03\/photo_5820986863400372500_y-400x400.jpg\" alt=\"\" width=\"400\" height=\"400\" srcset=\"https:\/\/daritek.com\/wp-content\/uploads\/2026\/03\/photo_5820986863400372500_y-400x400.jpg 400w, https:\/\/daritek.com\/wp-content\/uploads\/2026\/03\/photo_5820986863400372500_y-801x800.jpg 801w, https:\/\/daritek.com\/wp-content\/uploads\/2026\/03\/photo_5820986863400372500_y-280x280.jpg 280w, https:\/\/daritek.com\/wp-content\/uploads\/2026\/03\/photo_5820986863400372500_y-768x767.jpg 768w, https:\/\/daritek.com\/wp-content\/uploads\/2026\/03\/photo_5820986863400372500_y-1000x999.jpg 1000w, https:\/\/daritek.com\/wp-content\/uploads\/2026\/03\/photo_5820986863400372500_y-100x100.jpg 100w, https:\/\/daritek.com\/wp-content\/uploads\/2026\/03\/photo_5820986863400372500_y.jpg 1081w\" sizes=\"(max-width: 400px) 100vw, 400px\" \/> <img loading=\"lazy\" decoding=\"async\" class=\"alignnone size-medium wp-image-4707\" src=\"https:\/\/daritek.com\/wp-content\/uploads\/2026\/03\/photo_5820986863400372501_y-400x400.jpg\" alt=\"\" width=\"400\" height=\"400\" srcset=\"https:\/\/daritek.com\/wp-content\/uploads\/2026\/03\/photo_5820986863400372501_y-400x400.jpg 400w, https:\/\/daritek.com\/wp-content\/uploads\/2026\/03\/photo_5820986863400372501_y-800x800.jpg 800w, https:\/\/daritek.com\/wp-content\/uploads\/2026\/03\/photo_5820986863400372501_y-280x280.jpg 280w, https:\/\/daritek.com\/wp-content\/uploads\/2026\/03\/photo_5820986863400372501_y-768x768.jpg 768w, https:\/\/daritek.com\/wp-content\/uploads\/2026\/03\/photo_5820986863400372501_y-1000x1000.jpg 1000w, https:\/\/daritek.com\/wp-content\/uploads\/2026\/03\/photo_5820986863400372501_y-100x100.jpg 100w, https:\/\/daritek.com\/wp-content\/uploads\/2026\/03\/photo_5820986863400372501_y.jpg 1217w\" sizes=\"(max-width: 400px) 100vw, 400px\" \/><\/p>\n<h3>Caract\u00e9ristiques techniques<\/h3>\n<table class=\"tech-specs\" style=\"width: 100%; border-collapse: collapse;\">\n<tbody>\n<tr>\n<th style=\"text-align: left; padding: 8px; border-bottom: 1px solid #eee;\">TYPE<\/th>\n<td style=\"padding: 8px; border-bottom: 1px solid #eee;\">Batteur \u00c0 Main<\/td>\n<\/tr>\n<tr>\n<th style=\"text-align: left; padding: 8px; border-bottom: 1px solid #eee;\">Marque<\/th>\n<td style=\"padding: 8px; border-bottom: 1px solid #eee;\">Moulinex<\/td>\n<\/tr>\n<tr>\n<th style=\"text-align: left; padding: 8px; border-bottom: 1px solid #eee;\">R\u00e9f\u00e9rence<\/th>\n<td style=\"padding: 8px; border-bottom: 1px solid #eee;\">PowerMix Silence<\/td>\n<\/tr>\n<tr>\n<th style=\"text-align: left; padding: 8px; border-bottom: 1px solid #eee;\">R\u00e9f\u00e9rence<\/th>\n<td style=\"padding: 8px; border-bottom: 1px solid #eee;\">HM650E10<\/td>\n<\/tr>\n<tr>\n<th style=\"text-align: left; padding: 8px; border-bottom: 1px solid #eee;\">PUISSANCE<\/th>\n<td style=\"padding: 8px; border-bottom: 1px solid #eee;\">600W<\/td>\n<\/tr>\n<tr>\n<th style=\"text-align: left; padding: 8px; border-bottom: 1px solid #eee;\">Nombre De Vitesses<\/th>\n<td style=\"padding: 8px; border-bottom: 1px solid #eee;\">Multi vitesse + Turbo<\/td>\n<\/tr>\n<tr>\n<th style=\"text-align: left; padding: 8px; border-bottom: 1px solid #eee;\">Accessoires Inclus<\/th>\n<td style=\"padding: 8px; border-bottom: 1px solid #eee;\">Des Fouets et Crochets En Inox<\/td>\n<\/tr>\n<tr>\n<th style=\"text-align: left; padding: 8px; border-bottom: 1px solid #eee;\">Moteur Silencieux<\/th>\n<td style=\"padding: 8px; border-bottom: 1px solid #eee;\">Oui<\/td>\n<\/tr>\n<tr>\n<th style=\"text-align: left; padding: 8px; border-bottom: 1px solid #eee;\">Compatibles lave-vaisselle<\/th>\n<td style=\"padding: 8px; border-bottom: 1px solid #eee;\">Oui<\/td>\n<\/tr>\n<\/tbody>\n<\/table>\n","protected":false},"excerpt":{"rendered":"<ul>\n<li>Puissance de 600W\u00a0: Performance optimis\u00e9e pour un m\u00e9lange efficace.<\/li>\n<li>Technologie Silence600\u00a0: Ultra-silencieux pour un confort d\u2019utilisation.<\/li>\n<li>Fouets et crochets en acier inoxydable\u00a0: R\u00e9sultats parfaits pour toutes vos pr\u00e9parations.<\/li>\n<li>Poign\u00e9e ergonomique\u00a0: Confort optimal lors de l\u2019utilisation prolong\u00e9e.<\/li>\n<\/ul>\n","protected":false},"featured_media":4701,"comment_status":"open","ping_status":"closed","template":"","meta":{"_crdt_document":""},"product_brand":[100],"product_cat":[1762,84,265],"product_tag":[],"class_list":{"0":"post-4700","1":"product","2":"type-product","3":"status-publish","4":"has-post-thumbnail","6":"product_brand-moulinex","7":"product_cat-batteur-electrique","8":"product_cat-electromenager","9":"product_cat-petit-electromenager","11":"first","12":"instock","13":"sale","14":"shipping-taxable","15":"purchasable","16":"product-type-simple"},"jetpack_sharing_enabled":true,"_links":{"self":[{"href":"https:\/\/daritek.com\/index.php?rest_route=\/wp\/v2\/product\/4700","targetHints":{"allow":["GET"]}}],"collection":[{"href":"https:\/\/daritek.com\/index.php?rest_route=\/wp\/v2\/product"}],"about":[{"href":"https:\/\/daritek.com\/index.php?rest_route=\/wp\/v2\/types\/product"}],"replies":[{"embeddable":true,"href":"https:\/\/daritek.com\/index.php?rest_route=%2Fwp%2Fv2%2Fcomments&post=4700"}],"wp:featuredmedia":[{"embeddable":true,"href":"https:\/\/daritek.com\/index.php?rest_route=\/wp\/v2\/media\/4701"}],"wp:attachment":[{"href":"https:\/\/daritek.com\/index.php?rest_route=%2Fwp%2Fv2%2Fmedia&parent=4700"}],"wp:term":[{"taxonomy":"product_brand","embeddable":true,"href":"https:\/\/daritek.com\/index.php?rest_route=%2Fwp%2Fv2%2Fproduct_brand&post=4700"},{"taxonomy":"product_cat","embeddable":true,"href":"https:\/\/daritek.com\/index.php?rest_route=%2Fwp%2Fv2%2Fproduct_cat&post=4700"},{"taxonomy":"product_tag","embeddable":true,"href":"https:\/\/daritek.com\/index.php?rest_route=%2Fwp%2Fv2%2Fproduct_tag&post=4700"}],"curies":[{"name":"wp","href":"https:\/\/api.w.org\/{rel}","templated":true}]}}