{"id":4809,"date":"2026-03-05T17:50:39","date_gmt":"2026-03-05T17:50:39","guid":{"rendered":"https:\/\/daritek.com\/?post_type=product&#038;p=4809"},"modified":"2026-03-05T17:50:39","modified_gmt":"2026-03-05T17:50:39","slug":"batteur-electrique-a-main-300w-5-vitesses-moulinex-quickmix-hm3101b1","status":"publish","type":"product","link":"https:\/\/daritek.com\/?product=batteur-electrique-a-main-300w-5-vitesses-moulinex-quickmix-hm3101b1","title":{"rendered":"Batteur \u00c9lectrique \u00c0 Main 300W 5 Vitesses &#8211; Moulinex QuickMix HM3101B1"},"content":{"rendered":"<h3><strong>Batteur \u00c9lectrique \u00c0 Main 300W 5 vitesses et Turbo &#8211; Moulinex QuickMix HM3101B1<\/strong><\/h3>\n<p><strong>D\u00e9couvrez le plaisir des p\u00e2tisseries maison. Blancs en neige ultra a\u00e9r\u00e9s, cr\u00e8me fouett\u00e9e et Chantilly, p\u00e2te \u00e0 pain&#8230; votre batteur est le partenaire incontournable de vos p\u00e2tisseries !<\/strong><\/p>\n<p>Puissant et polyvalent, Quickmix est le batteur \u00e0 main \u00e9lectrique qui concr\u00e9tise rapidement et simplement toutes vos envies de p\u00e2tisserie ! Son puissant moteur de 300 watts, ses 5 vitesses de rotation et sa fonction turbo vous garantissent une parfaite ma\u00eetrise, quelle que soit la recette. Avec ses 2 jeux d\u2019accessoires en inox &#8211; fouets pour les p\u00e2tes \u00e0 g\u00e2teaux, blancs en neige et cr\u00e8mes fouett\u00e9es et p\u00e9trins pour p\u00e9trir sans effort p\u00e2tes \u00e0 pizza ou \u00e0 pain &#8211; le batteur \u00e0 main Quickmix est l\u2019aide p\u00e2tissier dont vous r\u00eaviez. Pour des r\u00e9sultats immanquablement parfaits !<\/p>\n<ul>\n<li><strong>Vitesses :\u00a0<\/strong>Gr\u00e2ce \u00e0 ses 5 vitesses et sa fonction Turbo, il r\u00e9pondra \u00e0 tous vos besoins !<\/li>\n<li><strong>Pour des r\u00e9sultats incomparables :\u00a0<\/strong>Fouets en acier inoxydable pour pr\u00e9parer facilement des appareils \u00e0 g\u00e2teau, des p\u00e2tes, monter des blancs en neige ou encore fouetter de la cr\u00e8me.<\/li>\n<li><strong>Pour p\u00e9trir des p\u00e2tes sans effort :\u00a0<\/strong>Crochets \u00e0 p\u00e9trir en acier inoxydable pour p\u00e9trir sans effort vos p\u00e2tes \u00e0 pizza et p\u00e2tes \u00e0 pain.<\/li>\n<\/ul>\n<p>Ce mixeur Moulinex est l\u2019accessoire parfait pour votre cuisine. Commandez d\u00e8s maintenant<\/p>\n<p><img fetchpriority=\"high\" decoding=\"async\" class=\"alignnone size-medium wp-image-4811\" src=\"https:\/\/daritek.com\/wp-content\/uploads\/2026\/03\/gvc.product.image_.1761158423069.840e9eb3-b29b-4b6a-8c92-c61f77b42022-400x400.png\" alt=\"\" width=\"400\" height=\"400\" srcset=\"https:\/\/daritek.com\/wp-content\/uploads\/2026\/03\/gvc.product.image_.1761158423069.840e9eb3-b29b-4b6a-8c92-c61f77b42022-400x400.png 400w, https:\/\/daritek.com\/wp-content\/uploads\/2026\/03\/gvc.product.image_.1761158423069.840e9eb3-b29b-4b6a-8c92-c61f77b42022-800x800.png 800w, https:\/\/daritek.com\/wp-content\/uploads\/2026\/03\/gvc.product.image_.1761158423069.840e9eb3-b29b-4b6a-8c92-c61f77b42022-280x280.png 280w, https:\/\/daritek.com\/wp-content\/uploads\/2026\/03\/gvc.product.image_.1761158423069.840e9eb3-b29b-4b6a-8c92-c61f77b42022-768x768.png 768w, https:\/\/daritek.com\/wp-content\/uploads\/2026\/03\/gvc.product.image_.1761158423069.840e9eb3-b29b-4b6a-8c92-c61f77b42022-1536x1536.png 1536w, https:\/\/daritek.com\/wp-content\/uploads\/2026\/03\/gvc.product.image_.1761158423069.840e9eb3-b29b-4b6a-8c92-c61f77b42022-1000x1000.png 1000w, https:\/\/daritek.com\/wp-content\/uploads\/2026\/03\/gvc.product.image_.1761158423069.840e9eb3-b29b-4b6a-8c92-c61f77b42022-100x100.png 100w, https:\/\/daritek.com\/wp-content\/uploads\/2026\/03\/gvc.product.image_.1761158423069.840e9eb3-b29b-4b6a-8c92-c61f77b42022.png 2000w\" sizes=\"(max-width: 400px) 100vw, 400px\" \/> <img decoding=\"async\" class=\"alignnone size-medium wp-image-4814\" src=\"https:\/\/daritek.com\/wp-content\/uploads\/2026\/03\/gvc.product.image_.1761158411304.be2bbd40-cdad-4063-afda-5b21e089ae3b-400x400.png\" alt=\"\" width=\"400\" height=\"400\" srcset=\"https:\/\/daritek.com\/wp-content\/uploads\/2026\/03\/gvc.product.image_.1761158411304.be2bbd40-cdad-4063-afda-5b21e089ae3b-400x400.png 400w, https:\/\/daritek.com\/wp-content\/uploads\/2026\/03\/gvc.product.image_.1761158411304.be2bbd40-cdad-4063-afda-5b21e089ae3b-800x800.png 800w, https:\/\/daritek.com\/wp-content\/uploads\/2026\/03\/gvc.product.image_.1761158411304.be2bbd40-cdad-4063-afda-5b21e089ae3b-280x280.png 280w, https:\/\/daritek.com\/wp-content\/uploads\/2026\/03\/gvc.product.image_.1761158411304.be2bbd40-cdad-4063-afda-5b21e089ae3b-768x768.png 768w, https:\/\/daritek.com\/wp-content\/uploads\/2026\/03\/gvc.product.image_.1761158411304.be2bbd40-cdad-4063-afda-5b21e089ae3b-1536x1536.png 1536w, https:\/\/daritek.com\/wp-content\/uploads\/2026\/03\/gvc.product.image_.1761158411304.be2bbd40-cdad-4063-afda-5b21e089ae3b-1000x1000.png 1000w, https:\/\/daritek.com\/wp-content\/uploads\/2026\/03\/gvc.product.image_.1761158411304.be2bbd40-cdad-4063-afda-5b21e089ae3b-100x100.png 100w, https:\/\/daritek.com\/wp-content\/uploads\/2026\/03\/gvc.product.image_.1761158411304.be2bbd40-cdad-4063-afda-5b21e089ae3b.png 2000w\" sizes=\"(max-width: 400px) 100vw, 400px\" \/><\/p>\n<p><img decoding=\"async\" class=\"alignnone size-medium wp-image-4813\" src=\"https:\/\/daritek.com\/wp-content\/uploads\/2026\/03\/gvc.product.image_.1761158415830.c1984412-666b-4b21-a8d3-dc4ed4378e1b-400x400.png\" alt=\"\" width=\"400\" height=\"400\" srcset=\"https:\/\/daritek.com\/wp-content\/uploads\/2026\/03\/gvc.product.image_.1761158415830.c1984412-666b-4b21-a8d3-dc4ed4378e1b-400x400.png 400w, https:\/\/daritek.com\/wp-content\/uploads\/2026\/03\/gvc.product.image_.1761158415830.c1984412-666b-4b21-a8d3-dc4ed4378e1b-800x800.png 800w, https:\/\/daritek.com\/wp-content\/uploads\/2026\/03\/gvc.product.image_.1761158415830.c1984412-666b-4b21-a8d3-dc4ed4378e1b-280x280.png 280w, https:\/\/daritek.com\/wp-content\/uploads\/2026\/03\/gvc.product.image_.1761158415830.c1984412-666b-4b21-a8d3-dc4ed4378e1b-768x768.png 768w, https:\/\/daritek.com\/wp-content\/uploads\/2026\/03\/gvc.product.image_.1761158415830.c1984412-666b-4b21-a8d3-dc4ed4378e1b-1536x1536.png 1536w, https:\/\/daritek.com\/wp-content\/uploads\/2026\/03\/gvc.product.image_.1761158415830.c1984412-666b-4b21-a8d3-dc4ed4378e1b-1000x1000.png 1000w, https:\/\/daritek.com\/wp-content\/uploads\/2026\/03\/gvc.product.image_.1761158415830.c1984412-666b-4b21-a8d3-dc4ed4378e1b-100x100.png 100w, https:\/\/daritek.com\/wp-content\/uploads\/2026\/03\/gvc.product.image_.1761158415830.c1984412-666b-4b21-a8d3-dc4ed4378e1b.png 2000w\" sizes=\"(max-width: 400px) 100vw, 400px\" \/> <img loading=\"lazy\" decoding=\"async\" class=\"alignnone size-medium wp-image-4815\" src=\"https:\/\/daritek.com\/wp-content\/uploads\/2026\/03\/gvc.product.image_.1761158428737.3672de9d-8125-4069-bf53-4a3b85527fdb-400x400.png\" alt=\"\" width=\"400\" height=\"400\" srcset=\"https:\/\/daritek.com\/wp-content\/uploads\/2026\/03\/gvc.product.image_.1761158428737.3672de9d-8125-4069-bf53-4a3b85527fdb-400x400.png 400w, https:\/\/daritek.com\/wp-content\/uploads\/2026\/03\/gvc.product.image_.1761158428737.3672de9d-8125-4069-bf53-4a3b85527fdb-800x800.png 800w, https:\/\/daritek.com\/wp-content\/uploads\/2026\/03\/gvc.product.image_.1761158428737.3672de9d-8125-4069-bf53-4a3b85527fdb-280x280.png 280w, https:\/\/daritek.com\/wp-content\/uploads\/2026\/03\/gvc.product.image_.1761158428737.3672de9d-8125-4069-bf53-4a3b85527fdb-768x768.png 768w, https:\/\/daritek.com\/wp-content\/uploads\/2026\/03\/gvc.product.image_.1761158428737.3672de9d-8125-4069-bf53-4a3b85527fdb-1536x1536.png 1536w, https:\/\/daritek.com\/wp-content\/uploads\/2026\/03\/gvc.product.image_.1761158428737.3672de9d-8125-4069-bf53-4a3b85527fdb-1000x1000.png 1000w, https:\/\/daritek.com\/wp-content\/uploads\/2026\/03\/gvc.product.image_.1761158428737.3672de9d-8125-4069-bf53-4a3b85527fdb-100x100.png 100w, https:\/\/daritek.com\/wp-content\/uploads\/2026\/03\/gvc.product.image_.1761158428737.3672de9d-8125-4069-bf53-4a3b85527fdb.png 2000w\" sizes=\"(max-width: 400px) 100vw, 400px\" \/><\/p>\n<h3>Caract\u00e9ristiques techniques<\/h3>\n<table class=\"tech-specs\" style=\"width: 100%; border-collapse: collapse;\">\n<tbody>\n<tr>\n<th style=\"text-align: left; padding: 8px; border-bottom: 1px solid #eee;\">TYPE<\/th>\n<td style=\"padding: 8px; border-bottom: 1px solid #eee;\">Batteur \u00c0 Main<\/td>\n<\/tr>\n<tr>\n<th style=\"text-align: left; padding: 8px; border-bottom: 1px solid #eee;\">Marque<\/th>\n<td style=\"padding: 8px; border-bottom: 1px solid #eee;\">Moulinex<\/td>\n<\/tr>\n<tr>\n<th style=\"text-align: left; padding: 8px; border-bottom: 1px solid #eee;\">Modele<\/th>\n<td style=\"padding: 8px; border-bottom: 1px solid #eee;\">QuickMix<\/td>\n<\/tr>\n<tr>\n<th style=\"text-align: left; padding: 8px; border-bottom: 1px solid #eee;\">R\u00e9f\u00e9rence<\/th>\n<td style=\"padding: 8px; border-bottom: 1px solid #eee;\">HM3101B1<\/td>\n<\/tr>\n<tr>\n<th style=\"text-align: left; padding: 8px; border-bottom: 1px solid #eee;\">PUISSANCE<\/th>\n<td style=\"padding: 8px; border-bottom: 1px solid #eee;\">300W<\/td>\n<\/tr>\n<tr>\n<th style=\"text-align: left; padding: 8px; border-bottom: 1px solid #eee;\">Nombre De Vitesses<\/th>\n<td style=\"padding: 8px; border-bottom: 1px solid #eee;\">5 vitesses et Turbo<\/td>\n<\/tr>\n<tr>\n<th style=\"text-align: left; padding: 8px; border-bottom: 1px solid #eee;\">Accessoires Inclus<\/th>\n<td style=\"padding: 8px; border-bottom: 1px solid #eee;\">Des Fouets et Crochets En Inox<\/td>\n<\/tr>\n<tr>\n<th style=\"text-align: left; padding: 8px; border-bottom: 1px solid #eee;\">Couleur<\/th>\n<td style=\"padding: 8px; border-bottom: 1px solid #eee;\">Blanc<\/td>\n<\/tr>\n<tr>\n<th style=\"text-align: left; padding: 8px; border-bottom: 1px solid #eee;\">Compatibles lave-vaisselle<\/th>\n<td style=\"padding: 8px; border-bottom: 1px solid #eee;\">Oui<\/td>\n<\/tr>\n<\/tbody>\n<\/table>\n","protected":false},"excerpt":{"rendered":"<ul>\n<li>Puissance: 300W \u2013 Id\u00e9al pour un mixage puissant et rapide<\/li>\n<li>Vitesse: 5 vitesses + fonction Turbo \u2013 Pour un contr\u00f4le pr\u00e9cis de la texture<\/li>\n<li>Mat\u00e9riaux: Accesoires en inox \u2013 R\u00e9sistants et faciles \u00e0 nettoyer<\/li>\n<li>Accessoires fournis: 2 fouets et 2 crochets pour la diversit\u00e9 des pr\u00e9parations<\/li>\n<li>Couleur: Blanc Neige \u2013 \u00c9l\u00e9gant et moderne<\/li>\n<\/ul>\n","protected":false},"featured_media":4810,"comment_status":"open","ping_status":"closed","template":"","meta":{"_crdt_document":""},"product_brand":[100],"product_cat":[1762,84,265],"product_tag":[],"class_list":{"0":"post-4809","1":"product","2":"type-product","3":"status-publish","4":"has-post-thumbnail","6":"product_brand-moulinex","7":"product_cat-batteur-electrique","8":"product_cat-electromenager","9":"product_cat-petit-electromenager","11":"first","12":"instock","13":"sale","14":"shipping-taxable","15":"purchasable","16":"product-type-simple"},"_links":{"self":[{"href":"https:\/\/daritek.com\/index.php?rest_route=\/wp\/v2\/product\/4809","targetHints":{"allow":["GET"]}}],"collection":[{"href":"https:\/\/daritek.com\/index.php?rest_route=\/wp\/v2\/product"}],"about":[{"href":"https:\/\/daritek.com\/index.php?rest_route=\/wp\/v2\/types\/product"}],"replies":[{"embeddable":true,"href":"https:\/\/daritek.com\/index.php?rest_route=%2Fwp%2Fv2%2Fcomments&post=4809"}],"wp:featuredmedia":[{"embeddable":true,"href":"https:\/\/daritek.com\/index.php?rest_route=\/wp\/v2\/media\/4810"}],"wp:attachment":[{"href":"https:\/\/daritek.com\/index.php?rest_route=%2Fwp%2Fv2%2Fmedia&parent=4809"}],"wp:term":[{"taxonomy":"product_brand","embeddable":true,"href":"https:\/\/daritek.com\/index.php?rest_route=%2Fwp%2Fv2%2Fproduct_brand&post=4809"},{"taxonomy":"product_cat","embeddable":true,"href":"https:\/\/daritek.com\/index.php?rest_route=%2Fwp%2Fv2%2Fproduct_cat&post=4809"},{"taxonomy":"product_tag","embeddable":true,"href":"https:\/\/daritek.com\/index.php?rest_route=%2Fwp%2Fv2%2Fproduct_tag&post=4809"}],"curies":[{"name":"wp","href":"https:\/\/api.w.org\/{rel}","templated":true}]}}