{"id":4823,"date":"2026-03-06T13:02:32","date_gmt":"2026-03-06T13:02:32","guid":{"rendered":"https:\/\/daritek.com\/?post_type=product&#038;p=4823"},"modified":"2026-03-06T13:08:35","modified_gmt":"2026-03-06T13:08:35","slug":"batteur-electrique-a-main-300w-5-vitesses-moulinex-quickmix-hm3108b1","status":"publish","type":"product","link":"https:\/\/daritek.com\/?product=batteur-electrique-a-main-300w-5-vitesses-moulinex-quickmix-hm3108b1","title":{"rendered":"Batteur \u00c9lectrique \u00c0 Main 300W 5 Vitesses &#8211; Moulinex QuickMix HM3108B1"},"content":{"rendered":"<h3><strong>Batteur \u00c9lectrique \u00c0 Main 300W 5 vitesses et Turbo &#8211; QuickMix HM3108B1<\/strong><\/h3>\n<p><iframe title=\"\u041c\u0438\u043a\u0441\u0435\u0440 Moulinex Quick Mix HM3108B1\" width=\"1020\" height=\"574\" src=\"https:\/\/www.youtube.com\/embed\/tHdWgnOOiS8?feature=oembed\" frameborder=\"0\" allow=\"accelerometer; autoplay; clipboard-write; encrypted-media; gyroscope; picture-in-picture; web-share\" referrerpolicy=\"strict-origin-when-cross-origin\" allowfullscreen><\/iframe><\/p>\n<p><strong>D\u00e9couvrez le plaisir des p\u00e2tisseries maison gr\u00e2ce \u00e0 votre batteur Quick Mix.\u00a0<\/strong><\/p>\n<p>Quick Mix est le batteur \u00e9lectrique polyvalent et puissant qui permet de faire des g\u00e2teaux rapidement et facilement ! Son puissant moteur de 300 W, ses 5 vitesses et sa fonction turbo permettent un contr\u00f4le parfait, quelle que soit la recette. Dot\u00e9 d&rsquo;un jeu de fouets en acier inoxydable et d&rsquo;une paire de crochets p\u00e9trisseurs pour les p\u00e2tes, les pr\u00e9parations pour g\u00e2teaux, les \u0153ufs et la cr\u00e8me, le batteur Quick Mix est le compagnon id\u00e9al pour la p\u00e2tisserie. Des r\u00e9sultats parfaits \u00e0 chaque fois !<\/p>\n<ul>\n<li><strong>Rapide et puissant :\u00a0<\/strong>Avec une puissance de 300 W, la r\u00e9alisation de vos pr\u00e9parations\u00a0n&rsquo;a jamais \u00e9t\u00e9 aussi rapide et facile.<\/li>\n<li><strong>Robuste et efficace :\u00a0<\/strong>Obtenez d&rsquo;excellents r\u00e9sultats avec une paire de fouets robustes en acier inoxydable et une paire de crochets p\u00e9trisseurs\u00a0de haute qualit\u00e9.<\/li>\n<li><strong>Poign\u00e9e ergonomique :\u00a0<\/strong>La conception de la poign\u00e9e vous\u00a0garantit le confort, la commodit\u00e9 et la facilit\u00e9.<\/li>\n<li><strong>Contr\u00f4le facile :\u00a0<\/strong>Le contr\u00f4le de la vitesse facile permet de cuisiner en toute commodit\u00e9 et le bouton Turbo garantit des r\u00e9sultats encore\u00a0plus rapides.<\/li>\n<li><strong>Confort d&rsquo;utilisation :\u00a0<\/strong>Branchement facile\u00a0gr\u00e2ce \u00e0 son cordon\u00a0qui vous permet de vous d\u00e9placer librement.<\/li>\n<\/ul>\n<p>Ce mixeur Moulinex est l\u2019accessoire parfait pour votre cuisine. Commandez d\u00e8s maintenant<\/p>\n<p><img fetchpriority=\"high\" decoding=\"async\" class=\"alignnone size-medium wp-image-4828\" src=\"https:\/\/daritek.com\/wp-content\/uploads\/2026\/03\/photo_6042070605613435748_x-400x400.jpg\" alt=\"\" width=\"400\" height=\"400\" srcset=\"https:\/\/daritek.com\/wp-content\/uploads\/2026\/03\/photo_6042070605613435748_x-400x400.jpg 400w, https:\/\/daritek.com\/wp-content\/uploads\/2026\/03\/photo_6042070605613435748_x-280x280.jpg 280w, https:\/\/daritek.com\/wp-content\/uploads\/2026\/03\/photo_6042070605613435748_x-100x100.jpg 100w, https:\/\/daritek.com\/wp-content\/uploads\/2026\/03\/photo_6042070605613435748_x.jpg 569w\" sizes=\"(max-width: 400px) 100vw, 400px\" \/> <img decoding=\"async\" class=\"alignnone size-medium wp-image-4826\" src=\"https:\/\/daritek.com\/wp-content\/uploads\/2026\/03\/photo_6042070605613435746_x-400x400.jpg\" alt=\"\" width=\"400\" height=\"400\" srcset=\"https:\/\/daritek.com\/wp-content\/uploads\/2026\/03\/photo_6042070605613435746_x-400x400.jpg 400w, https:\/\/daritek.com\/wp-content\/uploads\/2026\/03\/photo_6042070605613435746_x-280x280.jpg 280w, https:\/\/daritek.com\/wp-content\/uploads\/2026\/03\/photo_6042070605613435746_x-100x100.jpg 100w, https:\/\/daritek.com\/wp-content\/uploads\/2026\/03\/photo_6042070605613435746_x.jpg 569w\" sizes=\"(max-width: 400px) 100vw, 400px\" \/><\/p>\n<p><img decoding=\"async\" class=\"alignnone size-medium wp-image-4827\" src=\"https:\/\/daritek.com\/wp-content\/uploads\/2026\/03\/photo_6042070605613435747_x-400x400.jpg\" alt=\"\" width=\"400\" height=\"400\" srcset=\"https:\/\/daritek.com\/wp-content\/uploads\/2026\/03\/photo_6042070605613435747_x-400x400.jpg 400w, https:\/\/daritek.com\/wp-content\/uploads\/2026\/03\/photo_6042070605613435747_x-280x280.jpg 280w, https:\/\/daritek.com\/wp-content\/uploads\/2026\/03\/photo_6042070605613435747_x-100x100.jpg 100w, https:\/\/daritek.com\/wp-content\/uploads\/2026\/03\/photo_6042070605613435747_x.jpg 569w\" sizes=\"(max-width: 400px) 100vw, 400px\" \/> <img loading=\"lazy\" decoding=\"async\" class=\"alignnone size-medium wp-image-4829\" src=\"https:\/\/daritek.com\/wp-content\/uploads\/2026\/03\/photo_6042070605613435750_x-400x400.jpg\" alt=\"\" width=\"400\" height=\"400\" srcset=\"https:\/\/daritek.com\/wp-content\/uploads\/2026\/03\/photo_6042070605613435750_x-400x400.jpg 400w, https:\/\/daritek.com\/wp-content\/uploads\/2026\/03\/photo_6042070605613435750_x-280x280.jpg 280w, https:\/\/daritek.com\/wp-content\/uploads\/2026\/03\/photo_6042070605613435750_x-100x100.jpg 100w, https:\/\/daritek.com\/wp-content\/uploads\/2026\/03\/photo_6042070605613435750_x.jpg 569w\" sizes=\"(max-width: 400px) 100vw, 400px\" \/><\/p>\n<h3>Caract\u00e9ristiques techniques<\/h3>\n<table class=\"tech-specs\" style=\"width: 100%; border-collapse: collapse;\">\n<tbody>\n<tr>\n<th style=\"text-align: left; padding: 8px; border-bottom: 1px solid #eee;\">TYPE<\/th>\n<td style=\"padding: 8px; border-bottom: 1px solid #eee;\">Batteur \u00c0 Main<\/td>\n<\/tr>\n<tr>\n<th style=\"text-align: left; padding: 8px; border-bottom: 1px solid #eee;\">Marque<\/th>\n<td style=\"padding: 8px; border-bottom: 1px solid #eee;\">Moulinex<\/td>\n<\/tr>\n<tr>\n<th style=\"text-align: left; padding: 8px; border-bottom: 1px solid #eee;\">Modele<\/th>\n<td style=\"padding: 8px; border-bottom: 1px solid #eee;\">QuickMix<\/td>\n<\/tr>\n<tr>\n<th style=\"text-align: left; padding: 8px; border-bottom: 1px solid #eee;\">R\u00e9f\u00e9rence<\/th>\n<td style=\"padding: 8px; border-bottom: 1px solid #eee;\">HM3108B1<\/td>\n<\/tr>\n<tr>\n<th style=\"text-align: left; padding: 8px; border-bottom: 1px solid #eee;\">PUISSANCE<\/th>\n<td style=\"padding: 8px; border-bottom: 1px solid #eee;\">300W<\/td>\n<\/tr>\n<tr>\n<th style=\"text-align: left; padding: 8px; border-bottom: 1px solid #eee;\">Nombre De Vitesses<\/th>\n<td style=\"padding: 8px; border-bottom: 1px solid #eee;\">5 vitesses et Turbo<\/td>\n<\/tr>\n<tr>\n<th style=\"text-align: left; padding: 8px; border-bottom: 1px solid #eee;\">Accessoires Inclus<\/th>\n<td style=\"padding: 8px; border-bottom: 1px solid #eee;\">Des Fouets et Crochets En Inox<\/td>\n<\/tr>\n<tr>\n<th style=\"text-align: left; padding: 8px; border-bottom: 1px solid #eee;\">Couleur<\/th>\n<td style=\"padding: 8px; border-bottom: 1px solid #eee;\">Noir<\/td>\n<\/tr>\n<tr>\n<th style=\"text-align: left; padding: 8px; border-bottom: 1px solid #eee;\">Compatibles lave-vaisselle<\/th>\n<td style=\"padding: 8px; border-bottom: 1px solid #eee;\">Oui<\/td>\n<\/tr>\n<\/tbody>\n<\/table>\n","protected":false},"excerpt":{"rendered":"<ul>\n<li>Puissance: 300W \u2013 Id\u00e9al pour un mixage puissant et rapide<\/li>\n<li>Vitesse: 5 vitesses + fonction Turbo \u2013 Pour un contr\u00f4le pr\u00e9cis de la texture<\/li>\n<li>Mat\u00e9riaux: Accesoires en inox \u2013 R\u00e9sistants et faciles \u00e0 nettoyer<\/li>\n<li>Accessoires fournis: 2 fouets et 2 crochets pour la diversit\u00e9 des pr\u00e9parations<\/li>\n<li>Couleur: Noir \u2013 \u00c9l\u00e9gant et moderne<\/li>\n<\/ul>\n","protected":false},"featured_media":4824,"comment_status":"open","ping_status":"closed","template":"","meta":{"_crdt_document":""},"product_brand":[100],"product_cat":[1762,84,265],"product_tag":[],"class_list":{"0":"post-4823","1":"product","2":"type-product","3":"status-publish","4":"has-post-thumbnail","6":"product_brand-moulinex","7":"product_cat-batteur-electrique","8":"product_cat-electromenager","9":"product_cat-petit-electromenager","11":"first","12":"instock","13":"sale","14":"shipping-taxable","15":"purchasable","16":"product-type-simple"},"_links":{"self":[{"href":"https:\/\/daritek.com\/index.php?rest_route=\/wp\/v2\/product\/4823","targetHints":{"allow":["GET"]}}],"collection":[{"href":"https:\/\/daritek.com\/index.php?rest_route=\/wp\/v2\/product"}],"about":[{"href":"https:\/\/daritek.com\/index.php?rest_route=\/wp\/v2\/types\/product"}],"replies":[{"embeddable":true,"href":"https:\/\/daritek.com\/index.php?rest_route=%2Fwp%2Fv2%2Fcomments&post=4823"}],"wp:featuredmedia":[{"embeddable":true,"href":"https:\/\/daritek.com\/index.php?rest_route=\/wp\/v2\/media\/4824"}],"wp:attachment":[{"href":"https:\/\/daritek.com\/index.php?rest_route=%2Fwp%2Fv2%2Fmedia&parent=4823"}],"wp:term":[{"taxonomy":"product_brand","embeddable":true,"href":"https:\/\/daritek.com\/index.php?rest_route=%2Fwp%2Fv2%2Fproduct_brand&post=4823"},{"taxonomy":"product_cat","embeddable":true,"href":"https:\/\/daritek.com\/index.php?rest_route=%2Fwp%2Fv2%2Fproduct_cat&post=4823"},{"taxonomy":"product_tag","embeddable":true,"href":"https:\/\/daritek.com\/index.php?rest_route=%2Fwp%2Fv2%2Fproduct_tag&post=4823"}],"curies":[{"name":"wp","href":"https:\/\/api.w.org\/{rel}","templated":true}]}}