{"id":4972,"date":"2026-03-07T16:15:41","date_gmt":"2026-03-07T16:15:41","guid":{"rendered":"https:\/\/daritek.com\/?post_type=product&#038;p=4972"},"modified":"2026-03-23T23:51:21","modified_gmt":"2026-03-23T23:51:21","slug":"robot-petrin-multifonctions-1500w-5l-8-vitesses-silvercrest-tm1101a05","status":"publish","type":"product","link":"https:\/\/daritek.com\/?product=robot-petrin-multifonctions-1500w-5l-8-vitesses-silvercrest-tm1101a05","title":{"rendered":"Robot P\u00e9trin Multifonctions 1500W 5L 8 Vitesses &#8211; SilverCrest TM1101A05"},"content":{"rendered":"<h3><strong>Robot P\u00e9trin Multifonctions 5L 1500W SilverCrest TM-1101A05<\/strong><\/h3>\n<p>P\u00e9trissage puissant de toutes sortes d\u2019ingr\u00e9dients, avec le puissant p\u00e9trin avec r\u00e9glage \u00e9lectronique de la vitesse en continu et un \u00e9quipement puissant, vous pouvez pr\u00e9parer la p\u00e2te parfaite (environ 2,5kg) en un rien de temps, gr\u00e2ce \u00e0 sa puissance de 1500 Watts, le grand bol en acier inoxydable d\u2019une capacit\u00e9 de 5 litres suffisamment d\u2019espace pour vos ingr\u00e9dients. Protection anti-\u00e9claboussures transparente avec trou de remplissage, de sorte que vous pouvez ajouter d\u2019autres ingr\u00e9dients pendant le fonctionnement, le couvercle est amovible au lave-vaisselle pour un nettoyage facile. Dispose de pieds robustes pour maintenir la machine pendant que vous travaillez.<\/p>\n<ul>\n<li>Robot multifonctions p\u00e9trin et fouet de 1500 W.<\/li>\n<li>Bol en acier fin de 5 L.<\/li>\n<li>Crochet en aluminium moul\u00e9, Fouet en acier inoxydable,<\/li>\n<li>Contr\u00f4le \u00e9lectronique de la vitesse ( 8 Vitesses )<\/li>\n<li>Position stable gr\u00e2ce aux pieds ventouses.<\/li>\n<\/ul>\n<p><img fetchpriority=\"high\" decoding=\"async\" class=\"alignnone size-medium wp-image-4978\" src=\"https:\/\/daritek.com\/wp-content\/uploads\/2026\/03\/gvc.product.image_.1734984758992.be41d937-19be-42dc-b329-956aabb68aa5-400x400.png\" alt=\"\" width=\"400\" height=\"400\" srcset=\"https:\/\/daritek.com\/wp-content\/uploads\/2026\/03\/gvc.product.image_.1734984758992.be41d937-19be-42dc-b329-956aabb68aa5-400x400.png 400w, https:\/\/daritek.com\/wp-content\/uploads\/2026\/03\/gvc.product.image_.1734984758992.be41d937-19be-42dc-b329-956aabb68aa5-280x280.png 280w, https:\/\/daritek.com\/wp-content\/uploads\/2026\/03\/gvc.product.image_.1734984758992.be41d937-19be-42dc-b329-956aabb68aa5-100x100.png 100w, https:\/\/daritek.com\/wp-content\/uploads\/2026\/03\/gvc.product.image_.1734984758992.be41d937-19be-42dc-b329-956aabb68aa5.png 500w\" sizes=\"(max-width: 400px) 100vw, 400px\" \/> <img decoding=\"async\" class=\"alignnone size-medium wp-image-4979\" src=\"https:\/\/daritek.com\/wp-content\/uploads\/2026\/03\/gvc.product.image_.1734984255581.20f92d89-beea-4527-ac6a-d823737e80bb-400x400.png\" alt=\"\" width=\"400\" height=\"400\" srcset=\"https:\/\/daritek.com\/wp-content\/uploads\/2026\/03\/gvc.product.image_.1734984255581.20f92d89-beea-4527-ac6a-d823737e80bb-400x400.png 400w, https:\/\/daritek.com\/wp-content\/uploads\/2026\/03\/gvc.product.image_.1734984255581.20f92d89-beea-4527-ac6a-d823737e80bb-280x280.png 280w, https:\/\/daritek.com\/wp-content\/uploads\/2026\/03\/gvc.product.image_.1734984255581.20f92d89-beea-4527-ac6a-d823737e80bb-100x100.png 100w, https:\/\/daritek.com\/wp-content\/uploads\/2026\/03\/gvc.product.image_.1734984255581.20f92d89-beea-4527-ac6a-d823737e80bb.png 500w\" sizes=\"(max-width: 400px) 100vw, 400px\" \/><\/p>\n<h3>Caract\u00e9ristiques techniques<\/h3>\n<table class=\"tech-specs\" style=\"width: 100%; border-collapse: collapse;\">\n<tbody>\n<tr>\n<th style=\"text-align: left; padding: 8px; border-bottom: 1px solid #eee;\">TYPE<\/th>\n<td style=\"padding: 8px; border-bottom: 1px solid #eee;\">P\u00e9trin<\/td>\n<\/tr>\n<tr>\n<th style=\"text-align: left; padding: 8px; border-bottom: 1px solid #eee;\">Marque<\/th>\n<td style=\"padding: 8px; border-bottom: 1px solid #eee;\">SilverCrest<\/td>\n<\/tr>\n<tr>\n<th style=\"text-align: left; padding: 8px; border-bottom: 1px solid #eee;\">R\u00e9f\u00e9rence<\/th>\n<td style=\"padding: 8px; border-bottom: 1px solid #eee;\">TM1101A05<\/td>\n<\/tr>\n<tr>\n<th style=\"text-align: left; padding: 8px; border-bottom: 1px solid #eee;\">PUISSANCE<\/th>\n<td style=\"padding: 8px; border-bottom: 1px solid #eee;\">1500W<\/td>\n<\/tr>\n<tr>\n<th style=\"text-align: left; padding: 8px; border-bottom: 1px solid #eee;\">Capacit\u00e9 Du Bol<\/th>\n<td style=\"padding: 8px; border-bottom: 1px solid #eee;\">5 Litres 2.5kg<\/td>\n<\/tr>\n<tr>\n<th style=\"text-align: left; padding: 8px; border-bottom: 1px solid #eee;\">Nombre De Vitesses<\/th>\n<td style=\"padding: 8px; border-bottom: 1px solid #eee;\">8 Vitesses<\/td>\n<\/tr>\n<tr>\n<th style=\"text-align: left; padding: 8px; border-bottom: 1px solid #eee;\">Nombre D&rsquo;accessoires<\/th>\n<td style=\"padding: 8px; border-bottom: 1px solid #eee;\">3 Accessoires<\/td>\n<\/tr>\n<tr>\n<th style=\"text-align: left; padding: 8px; border-bottom: 1px solid #eee;\">Compatibles lave-vaisselle<\/th>\n<td style=\"padding: 8px; border-bottom: 1px solid #eee;\">Oui<\/td>\n<\/tr>\n<\/tbody>\n<\/table>\n","protected":false},"excerpt":{"rendered":"<ul class=\"marker:text-quiet list-disc\">\n<li class=\"py-0 my-0 prose-p:pt-0 prose-p:mb-2 prose-p:my-0 [&amp;&gt;p]:pt-0 [&amp;&gt;p]:mb-2 [&amp;&gt;p]:my-0\">1500 W : robot puissant pour p\u00e9trir, fouetter et mixer efficacement<span class=\"inline-flex\" aria-label=\"D\u00e9tails du Robot P\u00e9trin Multifonctions 1500 W- 5 L -TM-1101A05- Bleu\" data-state=\"closed\">\u200b<\/span><\/li>\n<li class=\"py-0 my-0 prose-p:pt-0 prose-p:mb-2 prose-p:my-0 [&amp;&gt;p]:pt-0 [&amp;&gt;p]:mb-2 [&amp;&gt;p]:my-0\">Bol inox 5 L (2,5 kg) : adapt\u00e9 aux pr\u00e9parations familiales<span class=\"inline-flex\" aria-label=\"D\u00e9tails du Robot P\u00e9trin Multifonctions 1500 W- 5 L -TM-1101A05- Bleu\" data-state=\"closed\">\u200b<\/span><\/li>\n<li class=\"py-0 my-0 prose-p:pt-0 prose-p:mb-2 prose-p:my-0 [&amp;&gt;p]:pt-0 [&amp;&gt;p]:mb-2 [&amp;&gt;p]:my-0\">8 vitesses r\u00e9glables : pour diff\u00e9rentes applications<span class=\"inline-flex\" aria-label=\"D\u00e9tails du Robot P\u00e9trin Multifonctions 1500 W- 5 L -TM-1101A05- Bleu\" data-state=\"closed\">\u200b<\/span><\/li>\n<li class=\"py-0 my-0 prose-p:pt-0 prose-p:mb-2 prose-p:my-0 [&amp;&gt;p]:pt-0 [&amp;&gt;p]:mb-2 [&amp;&gt;p]:my-0\">Couvercle transparent anti\u2011\u00e9claboussures avec ouverture de remplissage<span class=\"inline-flex\" aria-label=\"D\u00e9tails du Robot P\u00e9trin Multifonctions 1500 W- 5 L -TM-1101A05- Bleu\" data-state=\"closed\">\u200b<\/span><\/li>\n<li class=\"py-0 my-0 prose-p:pt-0 prose-p:mb-2 prose-p:my-0 [&amp;&gt;p]:pt-0 [&amp;&gt;p]:mb-2 [&amp;&gt;p]:my-0\">Syst\u00e8me d\u2019engrenage enti\u00e8rement m\u00e9tallique + bo\u00eete de vitesses robuste<span class=\"inline-flex\" aria-label=\"D\u00e9tails du Robot P\u00e9trin Multifonctions 1500 W- 5 L -TM-1101A05- Bleu\" data-state=\"closed\">\u200b<\/span><\/li>\n<li class=\"py-0 my-0 prose-p:pt-0 prose-p:mb-2 prose-p:my-0 [&amp;&gt;p]:pt-0 [&amp;&gt;p]:mb-2 [&amp;&gt;p]:my-0\">3 Accessoires : mixeur\/p\u00e9trin\/fouet, crochets en aluminium, base antid\u00e9rapante, nettoyage facile<\/li>\n<\/ul>\n","protected":false},"featured_media":4975,"comment_status":"open","ping_status":"closed","template":"","meta":{"_crdt_document":""},"product_brand":[740],"product_cat":[84,265,323],"product_tag":[],"class_list":{"0":"post-4972","1":"product","2":"type-product","3":"status-publish","4":"has-post-thumbnail","6":"product_brand-silvercrest","7":"product_cat-electromenager","8":"product_cat-petit-electromenager","9":"product_cat-petrin","11":"first","12":"instock","13":"sale","14":"shipping-taxable","15":"purchasable","16":"product-type-variable"},"jetpack_sharing_enabled":true,"_links":{"self":[{"href":"https:\/\/daritek.com\/index.php?rest_route=\/wp\/v2\/product\/4972","targetHints":{"allow":["GET"]}}],"collection":[{"href":"https:\/\/daritek.com\/index.php?rest_route=\/wp\/v2\/product"}],"about":[{"href":"https:\/\/daritek.com\/index.php?rest_route=\/wp\/v2\/types\/product"}],"replies":[{"embeddable":true,"href":"https:\/\/daritek.com\/index.php?rest_route=%2Fwp%2Fv2%2Fcomments&post=4972"}],"wp:featuredmedia":[{"embeddable":true,"href":"https:\/\/daritek.com\/index.php?rest_route=\/wp\/v2\/media\/4975"}],"wp:attachment":[{"href":"https:\/\/daritek.com\/index.php?rest_route=%2Fwp%2Fv2%2Fmedia&parent=4972"}],"wp:term":[{"taxonomy":"product_brand","embeddable":true,"href":"https:\/\/daritek.com\/index.php?rest_route=%2Fwp%2Fv2%2Fproduct_brand&post=4972"},{"taxonomy":"product_cat","embeddable":true,"href":"https:\/\/daritek.com\/index.php?rest_route=%2Fwp%2Fv2%2Fproduct_cat&post=4972"},{"taxonomy":"product_tag","embeddable":true,"href":"https:\/\/daritek.com\/index.php?rest_route=%2Fwp%2Fv2%2Fproduct_tag&post=4972"}],"curies":[{"name":"wp","href":"https:\/\/api.w.org\/{rel}","templated":true}]}}