{"id":5054,"date":"2026-03-12T14:03:09","date_gmt":"2026-03-12T14:03:09","guid":{"rendered":"https:\/\/daritek.com\/?post_type=product&#038;p=5054"},"modified":"2026-03-23T23:48:36","modified_gmt":"2026-03-23T23:48:36","slug":"robot-petrin-multifonctions-1100w-5l-clatronic-km-3711","status":"publish","type":"product","link":"https:\/\/daritek.com\/?product=robot-petrin-multifonctions-1100w-5l-clatronic-km-3711","title":{"rendered":"Robot P\u00e9trin Multifonctions 1100W 5L Clatronic KM 3711"},"content":{"rendered":"<h3><strong>Robot P\u00e9trin Multifonctions 1100W 5L Clatronic KM 3711<\/strong><\/h3>\n<p><iframe title=\"Clatronic KM 3711 robotg\u00e9p\" width=\"1020\" height=\"574\" src=\"https:\/\/www.youtube.com\/embed\/6BgMP8O00ic?feature=oembed\" frameborder=\"0\" allow=\"accelerometer; autoplay; clipboard-write; encrypted-media; gyroscope; picture-in-picture; web-share\" referrerpolicy=\"strict-origin-when-cross-origin\" allowfullscreen><\/iframe><\/p>\n<p>Le robot p\u00e9trin KM 3711 de Clatronic\u00a0comporte trois crochets p\u00e9trisseurs (fouet en acier inoxydable pour les biscuits mous et les blancs d\u2019\u0153ufs l\u00e9gers, crochet p\u00e9trisseur en fonte d\u2019aluminium \u2013 par exemple pour les p\u00e2tes lourdes comme la levure ou la p\u00e2te \u00e0 pain et crochet de cuisson et d\u2019agitation en fonte d\u2019aluminium \u2013 Remuer uniform\u00e9ment de grandes quantit\u00e9s de p\u00e2te).\u00a0Pour une hygi\u00e8ne parfaite et un nettoyage ais\u00e9, les \u00e9l\u00e9ments sont compatibles lave-vaisselle.<\/p>\n<p>Ce robot p\u00e9trin multifonctions se compose d\u2019un bol en acier inoxydable d\u2019une capacit\u00e9 de 5 L<span class=\"a-list-item\">\u00a0pour un maximum de 3 kilos de pr\u00e9paration de pate, capacit\u00e9 suffisante pour m\u00e9langer la p\u00e2te jusqu\u2019\u00e0 7 douzaines de biscuits, 2 miches de pain, 2 g\u00e2teaux de 8 pouces, id\u00e9al pour faire de petits lots de desserts, de m\u00e9langes \u00e0 g\u00e2teaux et de gla\u00e7age, avec 4 pieds ventouses antid\u00e9rapants, fixez le mixeur \u00e9lectrique \u00e0 la table et maintenez-le en place sans secouer. Contr\u00f4le de vitesse \u00e9lectronique variable, avec\u00a0<\/span><span class=\"a-list-item\">le nombre de vitesse propos\u00e9 vous pourrez p\u00e9trir et fouetter les ingr\u00e9dients rapidement et facilement.<\/span><\/p>\n<p><span class=\"a-list-item\">\u00a0Avec son moteur puissant il vous facilite le travail que vous lui lancez avec un moteur \u00e0 courant alternatif de 350W et peut fournir une puissance allant jusqu\u2019\u00e0 1100W, la protection int\u00e9gr\u00e9e contre les surcharges arr\u00eatera automatiquement le moteur pour l\u2019emp\u00eacher de br\u00fbler.<\/span><\/p>\n<p><img fetchpriority=\"high\" decoding=\"async\" class=\"alignnone size-medium wp-image-5069\" src=\"https:\/\/daritek.com\/wp-content\/uploads\/2026\/03\/km_3711_g_1_4-400x400.jpg\" alt=\"\" width=\"400\" height=\"400\" srcset=\"https:\/\/daritek.com\/wp-content\/uploads\/2026\/03\/km_3711_g_1_4-400x400.jpg 400w, https:\/\/daritek.com\/wp-content\/uploads\/2026\/03\/km_3711_g_1_4-800x800.jpg 800w, https:\/\/daritek.com\/wp-content\/uploads\/2026\/03\/km_3711_g_1_4-280x280.jpg 280w, https:\/\/daritek.com\/wp-content\/uploads\/2026\/03\/km_3711_g_1_4-768x768.jpg 768w, https:\/\/daritek.com\/wp-content\/uploads\/2026\/03\/km_3711_g_1_4-1000x1000.jpg 1000w, https:\/\/daritek.com\/wp-content\/uploads\/2026\/03\/km_3711_g_1_4-100x100.jpg 100w, https:\/\/daritek.com\/wp-content\/uploads\/2026\/03\/km_3711_g_1_4.jpg 1200w\" sizes=\"(max-width: 400px) 100vw, 400px\" \/> <img decoding=\"async\" class=\"alignnone size-medium wp-image-5070\" src=\"https:\/\/daritek.com\/wp-content\/uploads\/2026\/03\/61CXOfZ7R9L._AC_SL1200_-403x400.jpg\" alt=\"\" width=\"403\" height=\"400\" srcset=\"https:\/\/daritek.com\/wp-content\/uploads\/2026\/03\/61CXOfZ7R9L._AC_SL1200_-403x400.jpg 403w, https:\/\/daritek.com\/wp-content\/uploads\/2026\/03\/61CXOfZ7R9L._AC_SL1200_-806x800.jpg 806w, https:\/\/daritek.com\/wp-content\/uploads\/2026\/03\/61CXOfZ7R9L._AC_SL1200_-768x762.jpg 768w, https:\/\/daritek.com\/wp-content\/uploads\/2026\/03\/61CXOfZ7R9L._AC_SL1200_-1000x992.jpg 1000w, https:\/\/daritek.com\/wp-content\/uploads\/2026\/03\/61CXOfZ7R9L._AC_SL1200_-100x100.jpg 100w, https:\/\/daritek.com\/wp-content\/uploads\/2026\/03\/61CXOfZ7R9L._AC_SL1200_.jpg 1178w\" sizes=\"(max-width: 403px) 100vw, 403px\" \/><\/p>\n<p><img decoding=\"async\" class=\"alignnone size-medium wp-image-5071\" src=\"https:\/\/daritek.com\/wp-content\/uploads\/2026\/03\/61bCYJq70LL._AC_SL1200_-403x400.jpg\" alt=\"\" width=\"403\" height=\"400\" srcset=\"https:\/\/daritek.com\/wp-content\/uploads\/2026\/03\/61bCYJq70LL._AC_SL1200_-403x400.jpg 403w, https:\/\/daritek.com\/wp-content\/uploads\/2026\/03\/61bCYJq70LL._AC_SL1200_-806x800.jpg 806w, https:\/\/daritek.com\/wp-content\/uploads\/2026\/03\/61bCYJq70LL._AC_SL1200_-768x762.jpg 768w, https:\/\/daritek.com\/wp-content\/uploads\/2026\/03\/61bCYJq70LL._AC_SL1200_-1000x992.jpg 1000w, https:\/\/daritek.com\/wp-content\/uploads\/2026\/03\/61bCYJq70LL._AC_SL1200_-100x100.jpg 100w, https:\/\/daritek.com\/wp-content\/uploads\/2026\/03\/61bCYJq70LL._AC_SL1200_.jpg 1178w\" sizes=\"(max-width: 403px) 100vw, 403px\" \/> <img loading=\"lazy\" decoding=\"async\" class=\"alignnone size-medium wp-image-5072\" src=\"https:\/\/daritek.com\/wp-content\/uploads\/2026\/03\/Robot-Petrin-Multifonctions-1100W-5L-Clatronic-KM-3711_4.png-1-400x400.webp\" alt=\"\" width=\"400\" height=\"400\" srcset=\"https:\/\/daritek.com\/wp-content\/uploads\/2026\/03\/Robot-Petrin-Multifonctions-1100W-5L-Clatronic-KM-3711_4.png-1-400x400.webp 400w, https:\/\/daritek.com\/wp-content\/uploads\/2026\/03\/Robot-Petrin-Multifonctions-1100W-5L-Clatronic-KM-3711_4.png-1-800x800.webp 800w, https:\/\/daritek.com\/wp-content\/uploads\/2026\/03\/Robot-Petrin-Multifonctions-1100W-5L-Clatronic-KM-3711_4.png-1-280x280.webp 280w, https:\/\/daritek.com\/wp-content\/uploads\/2026\/03\/Robot-Petrin-Multifonctions-1100W-5L-Clatronic-KM-3711_4.png-1-768x768.webp 768w, https:\/\/daritek.com\/wp-content\/uploads\/2026\/03\/Robot-Petrin-Multifonctions-1100W-5L-Clatronic-KM-3711_4.png-1-100x100.webp 100w, https:\/\/daritek.com\/wp-content\/uploads\/2026\/03\/Robot-Petrin-Multifonctions-1100W-5L-Clatronic-KM-3711_4.png-1.webp 1000w\" sizes=\"(max-width: 400px) 100vw, 400px\" \/><\/p>\n<h3>Caract\u00e9ristiques techniques<\/h3>\n<table class=\"tech-specs\" style=\"width: 100%; border-collapse: collapse;\">\n<tbody>\n<tr>\n<th style=\"text-align: left; padding: 8px; border-bottom: 1px solid #eee;\">TYPE<\/th>\n<td style=\"padding: 8px; border-bottom: 1px solid #eee;\">P\u00e9trin<\/td>\n<\/tr>\n<tr>\n<th style=\"text-align: left; padding: 8px; border-bottom: 1px solid #eee;\">Marque<\/th>\n<td style=\"padding: 8px; border-bottom: 1px solid #eee;\">Clatronic<\/td>\n<\/tr>\n<tr>\n<th style=\"text-align: left; padding: 8px; border-bottom: 1px solid #eee;\">R\u00e9f\u00e9rence<\/th>\n<td style=\"padding: 8px; border-bottom: 1px solid #eee;\">KM 3646<\/td>\n<\/tr>\n<tr>\n<th style=\"text-align: left; padding: 8px; border-bottom: 1px solid #eee;\">PUISSANCE<\/th>\n<td style=\"padding: 8px; border-bottom: 1px solid #eee;\">1100W<\/td>\n<\/tr>\n<tr>\n<th style=\"text-align: left; padding: 8px; border-bottom: 1px solid #eee;\">Capacit\u00e9<\/th>\n<td style=\"padding: 8px; border-bottom: 1px solid #eee;\">5 Litres<\/td>\n<\/tr>\n<tr>\n<th style=\"text-align: left; padding: 8px; border-bottom: 1px solid #eee;\">Vitesses<\/th>\n<td style=\"padding: 8px; border-bottom: 1px solid #eee;\">Vitesse Variable<\/td>\n<\/tr>\n<tr>\n<th style=\"text-align: left; padding: 8px; border-bottom: 1px solid #eee;\">Nombre D&rsquo;accessoires<\/th>\n<td style=\"padding: 8px; border-bottom: 1px solid #eee;\">3 Accessoires<\/td>\n<\/tr>\n<tr>\n<th style=\"text-align: left; padding: 8px; border-bottom: 1px solid #eee;\">Compatibles lave-vaisselle<\/th>\n<td style=\"padding: 8px; border-bottom: 1px solid #eee;\">Oui<\/td>\n<\/tr>\n<\/tbody>\n<\/table>\n","protected":false},"excerpt":{"rendered":"<ul>\n<li>P\u00e9trin haute performance avec une puissance de 1100 W<\/li>\n<li>Bol en acier inoxydable de 5 litres<\/li>\n<li>Contr\u00f4le de vitesse \u00e9lectronique variable<\/li>\n<li>Bras multifonction pivotant \u00e0 35\u00b0<\/li>\n<li>Particuli\u00e8rement facile \u00e0 utiliser et \u00e0 nettoyer<\/li>\n<\/ul>\n","protected":false},"featured_media":5062,"comment_status":"open","ping_status":"closed","template":"","meta":{"_crdt_document":""},"product_brand":[590],"product_cat":[84,265,323],"product_tag":[],"class_list":{"0":"post-5054","1":"product","2":"type-product","3":"status-publish","4":"has-post-thumbnail","6":"product_brand-clatronic","7":"product_cat-electromenager","8":"product_cat-petit-electromenager","9":"product_cat-petrin","11":"first","12":"instock","13":"sale","14":"shipping-taxable","15":"purchasable","16":"product-type-variable"},"jetpack_sharing_enabled":true,"_links":{"self":[{"href":"https:\/\/daritek.com\/index.php?rest_route=\/wp\/v2\/product\/5054","targetHints":{"allow":["GET"]}}],"collection":[{"href":"https:\/\/daritek.com\/index.php?rest_route=\/wp\/v2\/product"}],"about":[{"href":"https:\/\/daritek.com\/index.php?rest_route=\/wp\/v2\/types\/product"}],"replies":[{"embeddable":true,"href":"https:\/\/daritek.com\/index.php?rest_route=%2Fwp%2Fv2%2Fcomments&post=5054"}],"wp:featuredmedia":[{"embeddable":true,"href":"https:\/\/daritek.com\/index.php?rest_route=\/wp\/v2\/media\/5062"}],"wp:attachment":[{"href":"https:\/\/daritek.com\/index.php?rest_route=%2Fwp%2Fv2%2Fmedia&parent=5054"}],"wp:term":[{"taxonomy":"product_brand","embeddable":true,"href":"https:\/\/daritek.com\/index.php?rest_route=%2Fwp%2Fv2%2Fproduct_brand&post=5054"},{"taxonomy":"product_cat","embeddable":true,"href":"https:\/\/daritek.com\/index.php?rest_route=%2Fwp%2Fv2%2Fproduct_cat&post=5054"},{"taxonomy":"product_tag","embeddable":true,"href":"https:\/\/daritek.com\/index.php?rest_route=%2Fwp%2Fv2%2Fproduct_tag&post=5054"}],"curies":[{"name":"wp","href":"https:\/\/api.w.org\/{rel}","templated":true}]}}