{"id":5132,"date":"2026-03-12T15:58:00","date_gmt":"2026-03-12T15:58:00","guid":{"rendered":"https:\/\/daritek.com\/?post_type=product&#038;p=5132"},"modified":"2026-03-23T23:44:38","modified_gmt":"2026-03-23T23:44:38","slug":"robot-petrin-1300w-7l-3-kg-robuste-fast-chef","status":"publish","type":"product","link":"https:\/\/daritek.com\/?product=robot-petrin-1300w-7l-3-kg-robuste-fast-chef","title":{"rendered":"Robot P\u00e9trin 1300W 7L 3 KG Robuste Fast chef"},"content":{"rendered":"<h3><strong>Robot P\u00e9trin Robuste Fast Chef &#8211; 7L 3 KG, 1300W<\/strong><\/h3>\n<p>Offrez-vous le compagnon id\u00e9al pour r\u00e9ussir toutes vos pr\u00e9parations culinaires gr\u00e2ce au\u00a0<strong>robot p\u00e9trin Robuste<\/strong>\u00a0! Con\u00e7u pour les amateurs comme pour les professionnels, ce robot allie\u00a0<strong>puissance, grande capacit\u00e9, et facilit\u00e9 d\u2019utilisation<\/strong>.<\/p>\n<p>Avec le robot p\u00e9trin multifonctions Fast Chef de Robuste, comprenant un grand bol en acier inoxydable de 7 litres pour environ 3 kg, vous pouvez pr\u00e9parer une p\u00e2te parfaite ou d\u2019autres aliments en un rien de temps. Gr\u00e2ce \u00e0 une puissance constante gr\u00e2ce \u00e0 une commande de vitesse \u00e9lectronique en fonction de la charge, \u00e0 un moteur professionnel longue dur\u00e9e, le puissant p\u00e9trin produit des r\u00e9sultats en fonction de vos besoins. Le\u00a0FastChef se distingue \u00e9galement par son look attrayant et ses applications chrom\u00e9es de haute qualit\u00e9 et attirera vraiment l\u2019attention dans votre cuisine.<\/p>\n<p>Avec le bras multifonction, qui peut \u00eatre pivot\u00e9 \u00e0 35\u00b0, y compris le m\u00e9canisme de d\u00e9verrouillage, vous pouvez rapidement et facilement changer d\u2019outil ou retirer le bol de l\u2019appareil. La machine s\u2019arr\u00eate lors du levage du bras gr\u00e2ce \u00e0 son circuit de s\u00e9curit\u00e9.<\/p>\n<p>A l\u2019aide du crochet d\u2019agitation en aluminium moul\u00e9 sous pression, vous obtenez un excellent outil pour m\u00e9langer des quantit\u00e9s encore plus grandes de p\u00e2te uniform\u00e9ment et bien (par exemple, p\u00e2te bris\u00e9e ou p\u00e2te crumble).<\/p>\n<p>Avec un moteur professionnel puissant et longue dur\u00e9e 1300 W. 3 types de crochets pour pr\u00e9parer des diff\u00e9rents types des p\u00e2tes (Crochet en aluminium moul\u00e9 pour la p\u00e2te lourde comme la p\u00e2te \u00e0 levure ou la p\u00e2te \u00e0 pain. Crochet en aluminium moul\u00e9 sous pression pour p\u00e2te l\u00e9g\u00e8re comme la p\u00e2te \u00e0 p\u00e2tisserie courte, la p\u00e2te \u00e0 crumble ou le m\u00e9lange \u00e9ponge. Fouet en acier inoxydable pour fouetter le blanc d\u2019\u0153uf, la cr\u00e8me, la meringue et bien d\u2019autres). Facile \u00e0 utiliser et \u00e0 nettoyer et un support stable gr\u00e2ce aux pieds \u00e0 ventouse.<\/p>\n<p><img fetchpriority=\"high\" decoding=\"async\" class=\"alignnone size-medium wp-image-5154\" src=\"https:\/\/daritek.com\/wp-content\/uploads\/2026\/03\/gvc.product.image_.1738170859355.0aa1c98c-2e22-464d-8b62-2f641a0af353-1-400x400.png\" alt=\"\" width=\"400\" height=\"400\" srcset=\"https:\/\/daritek.com\/wp-content\/uploads\/2026\/03\/gvc.product.image_.1738170859355.0aa1c98c-2e22-464d-8b62-2f641a0af353-1-400x400.png 400w, https:\/\/daritek.com\/wp-content\/uploads\/2026\/03\/gvc.product.image_.1738170859355.0aa1c98c-2e22-464d-8b62-2f641a0af353-1-280x280.png 280w, https:\/\/daritek.com\/wp-content\/uploads\/2026\/03\/gvc.product.image_.1738170859355.0aa1c98c-2e22-464d-8b62-2f641a0af353-1-100x100.png 100w, https:\/\/daritek.com\/wp-content\/uploads\/2026\/03\/gvc.product.image_.1738170859355.0aa1c98c-2e22-464d-8b62-2f641a0af353-1.png 500w\" sizes=\"(max-width: 400px) 100vw, 400px\" \/> <img decoding=\"async\" class=\"alignnone size-medium wp-image-5152\" src=\"https:\/\/daritek.com\/wp-content\/uploads\/2026\/03\/gvc.product.image_.1738170999415.c630e62f-bf36-49cf-9414-d75b787fc5da-1-400x400.png\" alt=\"\" width=\"400\" height=\"400\" srcset=\"https:\/\/daritek.com\/wp-content\/uploads\/2026\/03\/gvc.product.image_.1738170999415.c630e62f-bf36-49cf-9414-d75b787fc5da-1-400x400.png 400w, https:\/\/daritek.com\/wp-content\/uploads\/2026\/03\/gvc.product.image_.1738170999415.c630e62f-bf36-49cf-9414-d75b787fc5da-1-280x280.png 280w, https:\/\/daritek.com\/wp-content\/uploads\/2026\/03\/gvc.product.image_.1738170999415.c630e62f-bf36-49cf-9414-d75b787fc5da-1-100x100.png 100w, https:\/\/daritek.com\/wp-content\/uploads\/2026\/03\/gvc.product.image_.1738170999415.c630e62f-bf36-49cf-9414-d75b787fc5da-1.png 500w\" sizes=\"(max-width: 400px) 100vw, 400px\" \/><\/p>\n<p><img decoding=\"async\" class=\"alignnone size-medium wp-image-5153\" src=\"https:\/\/daritek.com\/wp-content\/uploads\/2026\/03\/gvc.product.image_.1738170947183.2c9d25b8-dae9-4be1-8381-6e574b9cb869-1-400x400.png\" alt=\"\" width=\"400\" height=\"400\" srcset=\"https:\/\/daritek.com\/wp-content\/uploads\/2026\/03\/gvc.product.image_.1738170947183.2c9d25b8-dae9-4be1-8381-6e574b9cb869-1-400x400.png 400w, https:\/\/daritek.com\/wp-content\/uploads\/2026\/03\/gvc.product.image_.1738170947183.2c9d25b8-dae9-4be1-8381-6e574b9cb869-1-280x280.png 280w, https:\/\/daritek.com\/wp-content\/uploads\/2026\/03\/gvc.product.image_.1738170947183.2c9d25b8-dae9-4be1-8381-6e574b9cb869-1-100x100.png 100w, https:\/\/daritek.com\/wp-content\/uploads\/2026\/03\/gvc.product.image_.1738170947183.2c9d25b8-dae9-4be1-8381-6e574b9cb869-1.png 500w\" sizes=\"(max-width: 400px) 100vw, 400px\" \/> <img loading=\"lazy\" decoding=\"async\" class=\"alignnone size-medium wp-image-5156\" src=\"https:\/\/daritek.com\/wp-content\/uploads\/2026\/03\/Gemini_Generated_Image_1shuwi1shuwi1shu-1-400x400.png\" alt=\"\" width=\"400\" height=\"400\" srcset=\"https:\/\/daritek.com\/wp-content\/uploads\/2026\/03\/Gemini_Generated_Image_1shuwi1shuwi1shu-1-400x400.png 400w, https:\/\/daritek.com\/wp-content\/uploads\/2026\/03\/Gemini_Generated_Image_1shuwi1shuwi1shu-1-800x800.png 800w, https:\/\/daritek.com\/wp-content\/uploads\/2026\/03\/Gemini_Generated_Image_1shuwi1shuwi1shu-1-280x280.png 280w, https:\/\/daritek.com\/wp-content\/uploads\/2026\/03\/Gemini_Generated_Image_1shuwi1shuwi1shu-1-768x768.png 768w, https:\/\/daritek.com\/wp-content\/uploads\/2026\/03\/Gemini_Generated_Image_1shuwi1shuwi1shu-1-1536x1536.png 1536w, https:\/\/daritek.com\/wp-content\/uploads\/2026\/03\/Gemini_Generated_Image_1shuwi1shuwi1shu-1-1000x1000.png 1000w, https:\/\/daritek.com\/wp-content\/uploads\/2026\/03\/Gemini_Generated_Image_1shuwi1shuwi1shu-1-100x100.png 100w, https:\/\/daritek.com\/wp-content\/uploads\/2026\/03\/Gemini_Generated_Image_1shuwi1shuwi1shu-1.png 2048w\" sizes=\"(max-width: 400px) 100vw, 400px\" \/><\/p>\n<h3>Caract\u00e9ristiques techniques<\/h3>\n<table class=\"tech-specs\" style=\"width: 100%; border-collapse: collapse;\">\n<tbody>\n<tr>\n<th style=\"text-align: left; padding: 8px; border-bottom: 1px solid #eee;\">TYPE<\/th>\n<td style=\"padding: 8px; border-bottom: 1px solid #eee;\">P\u00e9trin<\/td>\n<\/tr>\n<tr>\n<th style=\"text-align: left; padding: 8px; border-bottom: 1px solid #eee;\">Marque<\/th>\n<td style=\"padding: 8px; border-bottom: 1px solid #eee;\">Robuste<\/td>\n<\/tr>\n<tr>\n<th style=\"text-align: left; padding: 8px; border-bottom: 1px solid #eee;\">R\u00e9f\u00e9rence<\/th>\n<td style=\"padding: 8px; border-bottom: 1px solid #eee;\">Fast Chef<\/td>\n<\/tr>\n<tr>\n<th style=\"text-align: left; padding: 8px; border-bottom: 1px solid #eee;\">PUISSANCE<\/th>\n<td style=\"padding: 8px; border-bottom: 1px solid #eee;\">1300W<\/td>\n<\/tr>\n<tr>\n<th style=\"text-align: left; padding: 8px; border-bottom: 1px solid #eee;\">Capacit\u00e9<\/th>\n<td style=\"padding: 8px; border-bottom: 1px solid #eee;\">7 Litres ( 3kg )<\/td>\n<\/tr>\n<tr>\n<th style=\"text-align: left; padding: 8px; border-bottom: 1px solid #eee;\">Vitesses<\/th>\n<td style=\"padding: 8px; border-bottom: 1px solid #eee;\">8 Vitesses<\/td>\n<\/tr>\n<tr>\n<th style=\"text-align: left; padding: 8px; border-bottom: 1px solid #eee;\">Nombre D&rsquo;accessoires<\/th>\n<td style=\"padding: 8px; border-bottom: 1px solid #eee;\">3 Accessoires<\/td>\n<\/tr>\n<tr>\n<th style=\"text-align: left; padding: 8px; border-bottom: 1px solid #eee;\">Compatibles lave-vaisselle<\/th>\n<td style=\"padding: 8px; border-bottom: 1px solid #eee;\">Oui<\/td>\n<\/tr>\n<\/tbody>\n<\/table>\n","protected":false},"excerpt":{"rendered":"<ul>\n<li>Puissance du robot 1300 watts<\/li>\n<li>Mixeur\/P\u00e9trin\/Fouet<\/li>\n<li>Crochets d&rsquo;agitation en aluminium pour diff\u00e9rentes p\u00e2tes.<\/li>\n<li>8 vitesses r\u00e9glables pour convenir \u00e0 une vari\u00e9t\u00e9 d&rsquo;applications.<\/li>\n<li>Bol en acier inoxydable de 7 litres (3 kg)<\/li>\n<li>Couvercle transparent anti \u00e9claboussures avec ouverture de remplissage<\/li>\n<\/ul>\n","protected":false},"featured_media":5154,"comment_status":"open","ping_status":"closed","template":"","meta":{"_crdt_document":""},"product_brand":[724],"product_cat":[84,265,323],"product_tag":[],"class_list":{"0":"post-5132","1":"product","2":"type-product","3":"status-publish","4":"has-post-thumbnail","6":"product_brand-robuste","7":"product_cat-electromenager","8":"product_cat-petit-electromenager","9":"product_cat-petrin","11":"first","12":"instock","13":"sale","14":"shipping-taxable","15":"purchasable","16":"product-type-variable"},"_links":{"self":[{"href":"https:\/\/daritek.com\/index.php?rest_route=\/wp\/v2\/product\/5132","targetHints":{"allow":["GET"]}}],"collection":[{"href":"https:\/\/daritek.com\/index.php?rest_route=\/wp\/v2\/product"}],"about":[{"href":"https:\/\/daritek.com\/index.php?rest_route=\/wp\/v2\/types\/product"}],"replies":[{"embeddable":true,"href":"https:\/\/daritek.com\/index.php?rest_route=%2Fwp%2Fv2%2Fcomments&post=5132"}],"wp:featuredmedia":[{"embeddable":true,"href":"https:\/\/daritek.com\/index.php?rest_route=\/wp\/v2\/media\/5154"}],"wp:attachment":[{"href":"https:\/\/daritek.com\/index.php?rest_route=%2Fwp%2Fv2%2Fmedia&parent=5132"}],"wp:term":[{"taxonomy":"product_brand","embeddable":true,"href":"https:\/\/daritek.com\/index.php?rest_route=%2Fwp%2Fv2%2Fproduct_brand&post=5132"},{"taxonomy":"product_cat","embeddable":true,"href":"https:\/\/daritek.com\/index.php?rest_route=%2Fwp%2Fv2%2Fproduct_cat&post=5132"},{"taxonomy":"product_tag","embeddable":true,"href":"https:\/\/daritek.com\/index.php?rest_route=%2Fwp%2Fv2%2Fproduct_tag&post=5132"}],"curies":[{"name":"wp","href":"https:\/\/api.w.org\/{rel}","templated":true}]}}