{"id":5961,"date":"2026-03-18T12:05:38","date_gmt":"2026-03-18T12:05:38","guid":{"rendered":"https:\/\/daritek.com\/?post_type=product&#038;p=5961"},"modified":"2026-03-18T12:05:38","modified_gmt":"2026-03-18T12:05:38","slug":"machine-a-pates-3-en-1-multifonctions-sonashi-spm-151","status":"publish","type":"product","link":"https:\/\/daritek.com\/?product=machine-a-pates-3-en-1-multifonctions-sonashi-spm-151","title":{"rendered":"Machine A Pates 3 En 1 Multifonctions &#8211; Sonashi SPM-151"},"content":{"rendered":"<h3><strong>Machine \u00e0 P\u00e2tes SONASHI \u2013 R\u00e9f. SPM-151 : L&rsquo;art des p\u00e2tes chez vous !<\/strong><\/h3>\n<p>Offrez \u00e0 votre cuisine une touche d&rsquo;authenticit\u00e9 italienne avec la\u00a0<strong>machine \u00e0 p\u00e2tes SONASHI SPM-151<\/strong>, un appareil robuste, \u00e9l\u00e9gant et facile \u00e0 utiliser. Que vous soyez un amateur de cuisine maison ou un passionn\u00e9 de gastronomie, cette machine est votre alli\u00e9e pour pr\u00e9parer des p\u00e2tes fra\u00eeches en un clin d&rsquo;\u0153il.<\/p>\n<ul>\n<li><strong>9 r\u00e9glages de coupe<\/strong>\u00a0: personnalisez l&rsquo;\u00e9paisseur de vos p\u00e2tes, de\u00a0<strong>0,5 mm \u00e0 3 cm<\/strong>, selon vos envies.<\/li>\n<li><strong>Polyvalence<\/strong>\u00a0: id\u00e9ale pour r\u00e9aliser tagliatelles, lasagnes, spaghettis, raviolis, et bien plus encore.<\/li>\n<li><strong>Structure solide<\/strong>\u00a0: con\u00e7ue en\u00a0<strong>m\u00e9tal r\u00e9sistant \u00e0 la rouille<\/strong>\u00a0pour une durabilit\u00e9 exceptionnelle.<\/li>\n<li><strong>Fait main et finition soign\u00e9e<\/strong>\u00a0: pour des r\u00e9sultats professionnels \u00e0 la maison.<\/li>\n<li><strong>Pieds antid\u00e9rapants<\/strong>\u00a0: stabilit\u00e9 parfaite pendant l\u2019utilisation.<\/li>\n<li><strong>Entretien facile<\/strong>\u00a0: simple \u00e0 nettoyer, \u00e0 ranger et \u00e0 transporter.<\/li>\n<\/ul>\n<p><strong>Pourquoi choisir la SONASHI SPM-151 ?<\/strong><\/p>\n<p>Cette machine \u00e0 p\u00e2tes allie\u00a0<strong>performance<\/strong>,\u00a0<strong>design \u00e9l\u00e9gant<\/strong>\u00a0et\u00a0<strong>facilit\u00e9 d&rsquo;utilisation<\/strong>. Un indispensable pour tous les amoureux de cuisine maison qui souhaitent savourer des p\u00e2tes fra\u00eeches, saines et savoureuses, \u00e0 tout moment.<\/p>\n<p><img fetchpriority=\"high\" decoding=\"async\" class=\"alignnone size-medium wp-image-5964\" src=\"https:\/\/daritek.com\/wp-content\/uploads\/2026\/03\/1-2025-06-17T134420.683-400x400.webp\" alt=\"\" width=\"400\" height=\"400\" srcset=\"https:\/\/daritek.com\/wp-content\/uploads\/2026\/03\/1-2025-06-17T134420.683-400x400.webp 400w, https:\/\/daritek.com\/wp-content\/uploads\/2026\/03\/1-2025-06-17T134420.683-280x280.webp 280w, https:\/\/daritek.com\/wp-content\/uploads\/2026\/03\/1-2025-06-17T134420.683-100x100.webp 100w, https:\/\/daritek.com\/wp-content\/uploads\/2026\/03\/1-2025-06-17T134420.683.webp 500w\" sizes=\"(max-width: 400px) 100vw, 400px\" \/> <img decoding=\"async\" class=\"alignnone size-medium wp-image-5965\" src=\"https:\/\/daritek.com\/wp-content\/uploads\/2026\/03\/1-2025-06-17T132025.652-400x400.webp\" alt=\"\" width=\"400\" height=\"400\" srcset=\"https:\/\/daritek.com\/wp-content\/uploads\/2026\/03\/1-2025-06-17T132025.652-400x400.webp 400w, https:\/\/daritek.com\/wp-content\/uploads\/2026\/03\/1-2025-06-17T132025.652-280x280.webp 280w, https:\/\/daritek.com\/wp-content\/uploads\/2026\/03\/1-2025-06-17T132025.652-100x100.webp 100w, https:\/\/daritek.com\/wp-content\/uploads\/2026\/03\/1-2025-06-17T132025.652.webp 500w\" sizes=\"(max-width: 400px) 100vw, 400px\" \/><\/p>\n<h3>Caract\u00e9ristiques techniques<\/h3>\n<table class=\"tech-specs\" style=\"width: 100%; border-collapse: collapse;\">\n<tbody>\n<tr>\n<th style=\"text-align: left; padding: 8px; border-bottom: 1px solid #eee;\">TYPE<\/th>\n<td style=\"padding: 8px; border-bottom: 1px solid #eee;\">Machine a Pates<\/td>\n<\/tr>\n<tr>\n<th style=\"text-align: left; padding: 8px; border-bottom: 1px solid #eee;\">Marque<\/th>\n<td style=\"padding: 8px; border-bottom: 1px solid #eee;\">Sonashi<\/td>\n<\/tr>\n<tr>\n<th style=\"text-align: left; padding: 8px; border-bottom: 1px solid #eee;\">R\u00e9f\u00e9rence<\/th>\n<td style=\"padding: 8px; border-bottom: 1px solid #eee;\">SPM-151<\/td>\n<\/tr>\n<tr>\n<th style=\"text-align: left; padding: 8px; border-bottom: 1px solid #eee;\">R\u00c9GLAGES DE L\u2019\u00c9PAISSEUR<\/th>\n<td style=\"padding: 8px; border-bottom: 1px solid #eee;\">9 Positions<\/td>\n<\/tr>\n<tr>\n<th style=\"text-align: left; padding: 8px; border-bottom: 1px solid #eee;\">\u00c9PAISSEUR DES P\u00c2TES<\/th>\n<td style=\"padding: 8px; border-bottom: 1px solid #eee;\">0.5 \u2013 30 mm<\/td>\n<\/tr>\n<tr>\n<th style=\"text-align: left; padding: 8px; border-bottom: 1px solid #eee;\">COUTEAUX<\/th>\n<td style=\"padding: 8px; border-bottom: 1px solid #eee;\">1.5 \u2013 6.5 mm<\/td>\n<\/tr>\n<\/tbody>\n<\/table>\n","protected":false},"excerpt":{"rendered":"<ul>\n<li>9 r\u00e9glages de poign\u00e9e.<\/li>\n<li>Dispose de pieds antid\u00e9rapants.<\/li>\n<li>Pour une utilisation manuelle partout.<\/li>\n<li>Deux couteaux 1.5\/ 6.5 mm en Aluminium.<\/li>\n<li>\u00c9paisseur des p\u00e2tes: Entre 0.5 \u2013 30 mm.<\/li>\n<\/ul>\n","protected":false},"featured_media":5962,"comment_status":"open","ping_status":"closed","template":"","meta":{"_crdt_document":""},"product_brand":[756],"product_cat":[393,71],"product_tag":[],"class_list":{"0":"post-5961","1":"product","2":"type-product","3":"status-publish","4":"has-post-thumbnail","6":"product_brand-sonashi","7":"product_cat-cuisine-arts-culinaires","8":"product_cat-maison-cuisine","10":"first","11":"instock","12":"shipping-taxable","13":"purchasable","14":"product-type-simple"},"jetpack_sharing_enabled":true,"_links":{"self":[{"href":"https:\/\/daritek.com\/index.php?rest_route=\/wp\/v2\/product\/5961","targetHints":{"allow":["GET"]}}],"collection":[{"href":"https:\/\/daritek.com\/index.php?rest_route=\/wp\/v2\/product"}],"about":[{"href":"https:\/\/daritek.com\/index.php?rest_route=\/wp\/v2\/types\/product"}],"replies":[{"embeddable":true,"href":"https:\/\/daritek.com\/index.php?rest_route=%2Fwp%2Fv2%2Fcomments&post=5961"}],"wp:featuredmedia":[{"embeddable":true,"href":"https:\/\/daritek.com\/index.php?rest_route=\/wp\/v2\/media\/5962"}],"wp:attachment":[{"href":"https:\/\/daritek.com\/index.php?rest_route=%2Fwp%2Fv2%2Fmedia&parent=5961"}],"wp:term":[{"taxonomy":"product_brand","embeddable":true,"href":"https:\/\/daritek.com\/index.php?rest_route=%2Fwp%2Fv2%2Fproduct_brand&post=5961"},{"taxonomy":"product_cat","embeddable":true,"href":"https:\/\/daritek.com\/index.php?rest_route=%2Fwp%2Fv2%2Fproduct_cat&post=5961"},{"taxonomy":"product_tag","embeddable":true,"href":"https:\/\/daritek.com\/index.php?rest_route=%2Fwp%2Fv2%2Fproduct_tag&post=5961"}],"curies":[{"name":"wp","href":"https:\/\/api.w.org\/{rel}","templated":true}]}}