{"id":6417,"date":"2026-03-24T14:47:03","date_gmt":"2026-03-24T14:47:03","guid":{"rendered":"https:\/\/daritek.com\/?post_type=product&#038;p=6417"},"modified":"2026-03-24T14:55:27","modified_gmt":"2026-03-24T14:55:27","slug":"presse-agrumes-electrique-bosch-800-ml-25-w-mcp3500n","status":"publish","type":"product","link":"https:\/\/daritek.com\/?product=presse-agrumes-electrique-bosch-800-ml-25-w-mcp3500n","title":{"rendered":"Presse Agrumes Electrique Bosch 800 mL 25 W &#8211; MCP3500N"},"content":{"rendered":"<h3><strong>Presse-Agrumes \u00c9lectrique Bosch \u2013 800mL 25W<\/strong><\/h3>\n<p>Simplifiez vos jus avec le presse-agrumes Bosch . Avec sa capacit\u00e9 de 800 mL et son contr\u00f4le de pulpe ajustable, pr\u00e9parez rapidement des jus adapt\u00e9s \u00e0 vos go\u00fbts. Son c\u00f4ne universel presse facilement petits et grands agrumes, en exploitant chaque goutte gr\u00e2ce \u00e0 son mouvement bidirectionnel.<\/p>\n<p>Pratique et hygi\u00e9nique, il est \u00e9quip\u00e9 d\u2019un couvercle anti-poussi\u00e8re, d\u2019un rangement pour c\u00e2ble, et ses pi\u00e8ces passent au lave-vaisselle. Sans BPA, il garantit une utilisation saine et s\u00fbre. Parfait pour des jus frais, simples et rapides \u00e0 savourer !<\/p>\n<ul>\n<li>Extraction de jus facile et pratique avec d\u00e9marrage automatique<\/li>\n<li>Grand r\u00e9cipient \u00e0 jus amovible de 800 mL avec indicateur de quantit\u00e9 de jus<\/li>\n<li>C\u00f4ne de pressage simple pour gros et petits fruits<\/li>\n<li>Pi\u00e8ces en plastique sans BPA pour une pr\u00e9paration saine et s\u00fbre<\/li>\n<li>Facile \u00e0 nettoyer avec rangement pratique des c\u00e2bles et couvercle anti-poussi\u00e8re<\/li>\n<\/ul>\n<p><img fetchpriority=\"high\" decoding=\"async\" class=\"alignnone size-medium wp-image-6422\" src=\"https:\/\/daritek.com\/wp-content\/uploads\/2026\/03\/gvc.product.image_.1732100852271.d32c2132-23d1-4952-b1b3-6b16acd2abae-400x400.jpeg\" alt=\"\" width=\"400\" height=\"400\" srcset=\"https:\/\/daritek.com\/wp-content\/uploads\/2026\/03\/gvc.product.image_.1732100852271.d32c2132-23d1-4952-b1b3-6b16acd2abae-400x400.jpeg 400w, https:\/\/daritek.com\/wp-content\/uploads\/2026\/03\/gvc.product.image_.1732100852271.d32c2132-23d1-4952-b1b3-6b16acd2abae-800x800.jpeg 800w, https:\/\/daritek.com\/wp-content\/uploads\/2026\/03\/gvc.product.image_.1732100852271.d32c2132-23d1-4952-b1b3-6b16acd2abae-280x280.jpeg 280w, https:\/\/daritek.com\/wp-content\/uploads\/2026\/03\/gvc.product.image_.1732100852271.d32c2132-23d1-4952-b1b3-6b16acd2abae-768x768.jpeg 768w, https:\/\/daritek.com\/wp-content\/uploads\/2026\/03\/gvc.product.image_.1732100852271.d32c2132-23d1-4952-b1b3-6b16acd2abae-100x100.jpeg 100w, https:\/\/daritek.com\/wp-content\/uploads\/2026\/03\/gvc.product.image_.1732100852271.d32c2132-23d1-4952-b1b3-6b16acd2abae.jpeg 1000w\" sizes=\"(max-width: 400px) 100vw, 400px\" \/> <img decoding=\"async\" class=\"alignnone size-medium wp-image-6421\" src=\"https:\/\/daritek.com\/wp-content\/uploads\/2026\/03\/gvc.product.image_.1732100850744.c8a2ac27-eac7-470f-8850-494e749c5794-400x400.jpeg\" alt=\"\" width=\"400\" height=\"400\" srcset=\"https:\/\/daritek.com\/wp-content\/uploads\/2026\/03\/gvc.product.image_.1732100850744.c8a2ac27-eac7-470f-8850-494e749c5794-400x400.jpeg 400w, https:\/\/daritek.com\/wp-content\/uploads\/2026\/03\/gvc.product.image_.1732100850744.c8a2ac27-eac7-470f-8850-494e749c5794-800x800.jpeg 800w, https:\/\/daritek.com\/wp-content\/uploads\/2026\/03\/gvc.product.image_.1732100850744.c8a2ac27-eac7-470f-8850-494e749c5794-280x280.jpeg 280w, https:\/\/daritek.com\/wp-content\/uploads\/2026\/03\/gvc.product.image_.1732100850744.c8a2ac27-eac7-470f-8850-494e749c5794-768x768.jpeg 768w, https:\/\/daritek.com\/wp-content\/uploads\/2026\/03\/gvc.product.image_.1732100850744.c8a2ac27-eac7-470f-8850-494e749c5794-100x100.jpeg 100w, https:\/\/daritek.com\/wp-content\/uploads\/2026\/03\/gvc.product.image_.1732100850744.c8a2ac27-eac7-470f-8850-494e749c5794.jpeg 1000w\" sizes=\"(max-width: 400px) 100vw, 400px\" \/> <img decoding=\"async\" class=\"alignnone size-medium wp-image-6420\" src=\"https:\/\/daritek.com\/wp-content\/uploads\/2026\/03\/gvc.product.image_.1732100848260.1fd6deb3-7d84-48c6-9578-25cc2fe335fb-400x400.jpeg\" alt=\"\" width=\"400\" height=\"400\" srcset=\"https:\/\/daritek.com\/wp-content\/uploads\/2026\/03\/gvc.product.image_.1732100848260.1fd6deb3-7d84-48c6-9578-25cc2fe335fb-400x400.jpeg 400w, https:\/\/daritek.com\/wp-content\/uploads\/2026\/03\/gvc.product.image_.1732100848260.1fd6deb3-7d84-48c6-9578-25cc2fe335fb-800x800.jpeg 800w, https:\/\/daritek.com\/wp-content\/uploads\/2026\/03\/gvc.product.image_.1732100848260.1fd6deb3-7d84-48c6-9578-25cc2fe335fb-280x280.jpeg 280w, https:\/\/daritek.com\/wp-content\/uploads\/2026\/03\/gvc.product.image_.1732100848260.1fd6deb3-7d84-48c6-9578-25cc2fe335fb-768x768.jpeg 768w, https:\/\/daritek.com\/wp-content\/uploads\/2026\/03\/gvc.product.image_.1732100848260.1fd6deb3-7d84-48c6-9578-25cc2fe335fb-100x100.jpeg 100w, https:\/\/daritek.com\/wp-content\/uploads\/2026\/03\/gvc.product.image_.1732100848260.1fd6deb3-7d84-48c6-9578-25cc2fe335fb.jpeg 1000w\" sizes=\"(max-width: 400px) 100vw, 400px\" \/> <img loading=\"lazy\" decoding=\"async\" class=\"alignnone size-medium wp-image-6419\" src=\"https:\/\/daritek.com\/wp-content\/uploads\/2026\/03\/gvc.product.image_.1732100846301.8c6c8e06-5335-493f-9df3-40aeb00e630d-400x400.jpeg\" alt=\"\" width=\"400\" height=\"400\" srcset=\"https:\/\/daritek.com\/wp-content\/uploads\/2026\/03\/gvc.product.image_.1732100846301.8c6c8e06-5335-493f-9df3-40aeb00e630d-400x400.jpeg 400w, https:\/\/daritek.com\/wp-content\/uploads\/2026\/03\/gvc.product.image_.1732100846301.8c6c8e06-5335-493f-9df3-40aeb00e630d-800x800.jpeg 800w, https:\/\/daritek.com\/wp-content\/uploads\/2026\/03\/gvc.product.image_.1732100846301.8c6c8e06-5335-493f-9df3-40aeb00e630d-280x280.jpeg 280w, https:\/\/daritek.com\/wp-content\/uploads\/2026\/03\/gvc.product.image_.1732100846301.8c6c8e06-5335-493f-9df3-40aeb00e630d-768x768.jpeg 768w, https:\/\/daritek.com\/wp-content\/uploads\/2026\/03\/gvc.product.image_.1732100846301.8c6c8e06-5335-493f-9df3-40aeb00e630d-100x100.jpeg 100w, https:\/\/daritek.com\/wp-content\/uploads\/2026\/03\/gvc.product.image_.1732100846301.8c6c8e06-5335-493f-9df3-40aeb00e630d.jpeg 1000w\" sizes=\"(max-width: 400px) 100vw, 400px\" \/><\/p>\n<h3>Caract\u00e9ristiques techniques<\/h3>\n<table class=\"tech-specs\" style=\"width: 100%; border-collapse: collapse;\">\n<tbody>\n<tr>\n<th style=\"text-align: left; padding: 8px; border-bottom: 1px solid #eee;\">TYPE<\/th>\n<td style=\"padding: 8px; border-bottom: 1px solid #eee;\">Presse Agrumes Electrique<\/td>\n<\/tr>\n<tr>\n<th style=\"text-align: left; padding: 8px; border-bottom: 1px solid #eee;\">Marque<\/th>\n<td style=\"padding: 8px; border-bottom: 1px solid #eee;\">Bosch<\/td>\n<\/tr>\n<tr>\n<th style=\"text-align: left; padding: 8px; border-bottom: 1px solid #eee;\">R\u00e9f\u00e9rence<\/th>\n<td style=\"padding: 8px; border-bottom: 1px solid #eee;\">MCP3500N<\/td>\n<\/tr>\n<tr>\n<th style=\"text-align: left; padding: 8px; border-bottom: 1px solid #eee;\">Puissance<\/th>\n<td style=\"padding: 8px; border-bottom: 1px solid #eee;\">25 W<\/td>\n<\/tr>\n<tr>\n<th style=\"text-align: left; padding: 8px; border-bottom: 1px solid #eee;\">Capacit\u00e9<\/th>\n<td style=\"padding: 8px; border-bottom: 1px solid #eee;\">800 mL<\/td>\n<\/tr>\n<tr>\n<th style=\"text-align: left; padding: 8px; border-bottom: 1px solid #eee;\">Nombre de c\u00f4nes<\/th>\n<td style=\"padding: 8px; border-bottom: 1px solid #eee;\">01<\/td>\n<\/tr>\n<tr>\n<th style=\"text-align: left; padding: 8px; border-bottom: 1px solid #eee;\">Mati\u00e8re du corps<\/th>\n<td style=\"padding: 8px; border-bottom: 1px solid #eee;\">Plastique<\/td>\n<\/tr>\n<tr>\n<th style=\"text-align: left; padding: 8px; border-bottom: 1px solid #eee;\">Couleur<\/th>\n<td style=\"padding: 8px; border-bottom: 1px solid #eee;\">Blanc\/Jaune<\/td>\n<\/tr>\n<\/tbody>\n<\/table>\n","protected":false},"excerpt":{"rendered":"<ul>\n<li data-section-id=\"5tllxy\" data-start=\"75\" data-end=\"146\"><strong data-start=\"77\" data-end=\"95\">Puissance 25 W<\/strong> : extraction efficace du jus en toute simplicit\u00e9<\/li>\n<li data-section-id=\"5fnawb\" data-start=\"147\" data-end=\"207\"><strong data-start=\"149\" data-end=\"167\">C\u00f4ne universel<\/strong> : adapt\u00e9 aux petits et grands agrumes<\/li>\n<li data-section-id=\"2bzfr1\" data-start=\"208\" data-end=\"282\"><strong data-start=\"210\" data-end=\"234\">Rotation double sens<\/strong> : meilleure extraction pour un maximum de jus<\/li>\n<li data-section-id=\"3rm2il\" data-start=\"283\" data-end=\"359\"><strong data-start=\"285\" data-end=\"313\">R\u00e9servoir 0,8 L amovible<\/strong> : capacit\u00e9 pratique pour un usage quotidien<\/li>\n<li data-section-id=\"1ns1y16\" data-start=\"360\" data-end=\"430\"><strong data-start=\"362\" data-end=\"384\">Utilisation facile<\/strong> : d\u00e9marrage automatique par simple pression<\/li>\n<li data-section-id=\"1hslwpp\" data-start=\"431\" data-end=\"518\" data-is-last-node=\"\"><strong data-start=\"433\" data-end=\"455\">Entretien pratique<\/strong> : d\u00e9montable, compatible lave-vaisselle et rangement du cordon<\/li>\n<\/ul>\n","protected":false},"featured_media":6418,"comment_status":"open","ping_status":"closed","template":"","meta":{"_crdt_document":""},"product_brand":[570],"product_cat":[84,265,301],"product_tag":[],"class_list":{"0":"post-6417","1":"product","2":"type-product","3":"status-publish","4":"has-post-thumbnail","6":"product_brand-bosch","7":"product_cat-electromenager","8":"product_cat-petit-electromenager","9":"product_cat-presse-agrumes-et-centrifugeuse","11":"first","12":"outofstock","13":"shipping-taxable","14":"purchasable","15":"product-type-simple"},"_links":{"self":[{"href":"https:\/\/daritek.com\/index.php?rest_route=\/wp\/v2\/product\/6417","targetHints":{"allow":["GET"]}}],"collection":[{"href":"https:\/\/daritek.com\/index.php?rest_route=\/wp\/v2\/product"}],"about":[{"href":"https:\/\/daritek.com\/index.php?rest_route=\/wp\/v2\/types\/product"}],"replies":[{"embeddable":true,"href":"https:\/\/daritek.com\/index.php?rest_route=%2Fwp%2Fv2%2Fcomments&post=6417"}],"wp:featuredmedia":[{"embeddable":true,"href":"https:\/\/daritek.com\/index.php?rest_route=\/wp\/v2\/media\/6418"}],"wp:attachment":[{"href":"https:\/\/daritek.com\/index.php?rest_route=%2Fwp%2Fv2%2Fmedia&parent=6417"}],"wp:term":[{"taxonomy":"product_brand","embeddable":true,"href":"https:\/\/daritek.com\/index.php?rest_route=%2Fwp%2Fv2%2Fproduct_brand&post=6417"},{"taxonomy":"product_cat","embeddable":true,"href":"https:\/\/daritek.com\/index.php?rest_route=%2Fwp%2Fv2%2Fproduct_cat&post=6417"},{"taxonomy":"product_tag","embeddable":true,"href":"https:\/\/daritek.com\/index.php?rest_route=%2Fwp%2Fv2%2Fproduct_tag&post=6417"}],"curies":[{"name":"wp","href":"https:\/\/api.w.org\/{rel}","templated":true}]}}