{"id":6974,"date":"2026-04-01T19:55:32","date_gmt":"2026-04-01T19:55:32","guid":{"rendered":"https:\/\/daritek.com\/?post_type=product&#038;p=6974"},"modified":"2026-04-01T19:55:32","modified_gmt":"2026-04-01T19:55:32","slug":"panineuse-et-grill-electrique-robuste-1000-w-tasty","status":"publish","type":"product","link":"https:\/\/daritek.com\/?product=panineuse-et-grill-electrique-robuste-1000-w-tasty","title":{"rendered":"Panineuse Et Grill Electrique Robuste 1000 W &#8211; Tasty"},"content":{"rendered":"<h3><strong>Panineuse Et Grill Electrique 1000 W &#8211; Robuste Tasty<\/strong><\/h3>\n<p>Le barbecue est le plaisir de toute famille, surtout pendant l&rsquo;\u00e9t\u00e9 ou la chaleur nous oblige \u00e0 faire des repas aussi rapide que bon! Pr\u00e9parez de la viande, du poisson, des l\u00e9gumes et m\u00eame de d\u00e9licieux paninis avec le grill \u00e0 viande multifonction\u00a0\u00a0TASTY De Chez ROBUSTE. Faites griller vos pr\u00e9parations rapidement et facilement : ce grill multifonction a une puissance de 1000W. Et avec sa fonction panini authentique, vous pr\u00e9parez des paninis bien croustillants. Rangez facilement votre appareil dans votre armoire gr\u00e2ce \u00e0 son syst\u00e8me de rangement\u00a0 pratique. Ne vous cassez plus la t\u00eate avec les BBQ traditionnel. optez pour une grill multifonction pour griller vos viandes faire votre BBQ et aussi vos panini et sandwich!<\/p>\n<ul>\n<li>Faire des grillades comme sur de la pierre de granit avec deux plaques de grill Bio-Plus granit de haute qualit\u00e9<\/li>\n<li>Faire des grillades sans ajouter d\u2019huile ni de graisse, rien n\u2019attache gr\u00e2ce au rev\u00eatement antiadh\u00e9sif<\/li>\n<li>Grill les deux cotes en m\u00eame temps, \u00e9conomie d\u2019\u00e9nergie et de temps<\/li>\n<li>Puissance de chauffe extra forte de 1000W<\/li>\n<li>R\u00e9glage innovant de inclinaison de la plaque sup\u00e9rieur<\/li>\n<li>R\u00e9cipient de r\u00e9cup\u00e9ration des graisses int\u00e8gre dans le boiter<\/li>\n<li>C\u00e2ble \u00e9lectrique d\u2019un m\u00e8tre pour un maximum de flexibilit\u00e9<\/li>\n<\/ul>\n<p><img fetchpriority=\"high\" decoding=\"async\" class=\"alignnone size-medium wp-image-6976\" src=\"https:\/\/daritek.com\/wp-content\/uploads\/2026\/04\/gvc.product.image_.1725013347458.316e79c1-9995-4434-8db2-fb5f0c4c3945-400x400.jpeg\" alt=\"\" width=\"400\" height=\"400\" srcset=\"https:\/\/daritek.com\/wp-content\/uploads\/2026\/04\/gvc.product.image_.1725013347458.316e79c1-9995-4434-8db2-fb5f0c4c3945-400x400.jpeg 400w, https:\/\/daritek.com\/wp-content\/uploads\/2026\/04\/gvc.product.image_.1725013347458.316e79c1-9995-4434-8db2-fb5f0c4c3945-280x280.jpeg 280w, https:\/\/daritek.com\/wp-content\/uploads\/2026\/04\/gvc.product.image_.1725013347458.316e79c1-9995-4434-8db2-fb5f0c4c3945-100x100.jpeg 100w, https:\/\/daritek.com\/wp-content\/uploads\/2026\/04\/gvc.product.image_.1725013347458.316e79c1-9995-4434-8db2-fb5f0c4c3945.jpeg 600w\" sizes=\"(max-width: 400px) 100vw, 400px\" \/> <img decoding=\"async\" class=\"alignnone size-medium wp-image-6977\" src=\"https:\/\/daritek.com\/wp-content\/uploads\/2026\/04\/gvc.product.image_.1725013351774.2bac4399-ffac-433a-a368-6d9437e6f32e-400x400.jpeg\" alt=\"\" width=\"400\" height=\"400\" srcset=\"https:\/\/daritek.com\/wp-content\/uploads\/2026\/04\/gvc.product.image_.1725013351774.2bac4399-ffac-433a-a368-6d9437e6f32e-400x400.jpeg 400w, https:\/\/daritek.com\/wp-content\/uploads\/2026\/04\/gvc.product.image_.1725013351774.2bac4399-ffac-433a-a368-6d9437e6f32e-280x280.jpeg 280w, https:\/\/daritek.com\/wp-content\/uploads\/2026\/04\/gvc.product.image_.1725013351774.2bac4399-ffac-433a-a368-6d9437e6f32e-100x100.jpeg 100w, https:\/\/daritek.com\/wp-content\/uploads\/2026\/04\/gvc.product.image_.1725013351774.2bac4399-ffac-433a-a368-6d9437e6f32e.jpeg 600w\" sizes=\"(max-width: 400px) 100vw, 400px\" \/><\/p>\n<h3>Caract\u00e9ristiques techniques<\/h3>\n<table class=\"tech-specs\" style=\"width: 100%; border-collapse: collapse;\">\n<tbody>\n<tr>\n<th style=\"text-align: left; padding: 8px; border-bottom: 1px solid #eee;\">TYPE<\/th>\n<td style=\"padding: 8px; border-bottom: 1px solid #eee;\">Panineuse et Grill<\/td>\n<\/tr>\n<tr>\n<th style=\"text-align: left; padding: 8px; border-bottom: 1px solid #eee;\">Marque<\/th>\n<td style=\"padding: 8px; border-bottom: 1px solid #eee;\">Robuste<\/td>\n<\/tr>\n<tr>\n<th style=\"text-align: left; padding: 8px; border-bottom: 1px solid #eee;\">R\u00e9f\u00e9rence<\/th>\n<td style=\"padding: 8px; border-bottom: 1px solid #eee;\">Tasty<\/td>\n<\/tr>\n<tr>\n<th style=\"text-align: left; padding: 8px; border-bottom: 1px solid #eee;\">Puissance<\/th>\n<td style=\"padding: 8px; border-bottom: 1px solid #eee;\">1000 W<\/td>\n<\/tr>\n<tr>\n<th style=\"text-align: left; padding: 8px; border-bottom: 1px solid #eee;\">Ouverture 180\u00b0<\/th>\n<td style=\"padding: 8px; border-bottom: 1px solid #eee;\">Non<\/td>\n<\/tr>\n<tr>\n<th style=\"text-align: left; padding: 8px; border-bottom: 1px solid #eee;\">R\u00e9glage de Temp\u00e9rature<\/th>\n<td style=\"padding: 8px; border-bottom: 1px solid #eee;\">Non<\/td>\n<\/tr>\n<tr>\n<th style=\"text-align: left; padding: 8px; border-bottom: 1px solid #eee;\">Minuterie<\/th>\n<td style=\"padding: 8px; border-bottom: 1px solid #eee;\">Non<\/td>\n<\/tr>\n<tr>\n<th style=\"text-align: left; padding: 8px; border-bottom: 1px solid #eee;\">Mati\u00e8re du corps<\/th>\n<td style=\"padding: 8px; border-bottom: 1px solid #eee;\">Plastique \/ Inox<\/td>\n<\/tr>\n<tr>\n<th style=\"text-align: left; padding: 8px; border-bottom: 1px solid #eee;\">Couleur<\/th>\n<td style=\"padding: 8px; border-bottom: 1px solid #eee;\">Noir<\/td>\n<\/tr>\n<\/tbody>\n<\/table>\n","protected":false},"excerpt":{"rendered":"<ul>\n<li data-section-id=\"19gh0qq\" data-start=\"52\" data-end=\"152\"><strong data-start=\"313\" data-end=\"333\">Puissance 1000 W<\/strong> : chauffe rapide et performance optimale<\/li>\n<li data-section-id=\"19gh0qq\" data-start=\"52\" data-end=\"152\"><strong data-start=\"54\" data-end=\"87\">Plaques Bio-Plus effet granit<\/strong> : cuisson type pierre naturelle pour des grillades savoureuses<\/li>\n<li data-section-id=\"1rvnvkm\" data-start=\"153\" data-end=\"233\"><strong data-start=\"155\" data-end=\"181\">Rev\u00eatement antiadh\u00e9sif<\/strong> : cuisson sans huile, sans accroche et plus saine<\/li>\n<li data-section-id=\"jy5wmk\" data-start=\"234\" data-end=\"310\"><strong data-start=\"236\" data-end=\"270\">Cuisson double face simultan\u00e9e<\/strong> : gain de temps et \u00e9conomie d\u2019\u00e9nergie<\/li>\n<li data-section-id=\"2kdren\" data-start=\"377\" data-end=\"457\"><strong data-start=\"379\" data-end=\"411\">Plaque sup\u00e9rieure inclinable<\/strong> : adaptation selon l\u2019\u00e9paisseur des aliments<\/li>\n<li data-section-id=\"kcjhh\" data-start=\"458\" data-end=\"567\" data-is-last-node=\"\"><strong data-start=\"460\" data-end=\"484\">Praticit\u00e9 et confort<\/strong> : bac r\u00e9cup\u00e9rateur de graisses int\u00e9gr\u00e9 et c\u00e2ble d\u20191 m\u00e8tre pour plus de flexibilit\u00e9<\/li>\n<\/ul>\n","protected":false},"featured_media":6975,"comment_status":"open","ping_status":"closed","template":"","meta":{"_crdt_document":""},"product_brand":[724],"product_cat":[84,265,319],"product_tag":[],"class_list":{"0":"post-6974","1":"product","2":"type-product","3":"status-publish","4":"has-post-thumbnail","6":"product_brand-robuste","7":"product_cat-electromenager","8":"product_cat-petit-electromenager","9":"product_cat-presse-a-sandwich-et-grill","11":"first","12":"instock","13":"sale","14":"shipping-taxable","15":"purchasable","16":"product-type-simple"},"jetpack_sharing_enabled":true,"_links":{"self":[{"href":"https:\/\/daritek.com\/index.php?rest_route=\/wp\/v2\/product\/6974","targetHints":{"allow":["GET"]}}],"collection":[{"href":"https:\/\/daritek.com\/index.php?rest_route=\/wp\/v2\/product"}],"about":[{"href":"https:\/\/daritek.com\/index.php?rest_route=\/wp\/v2\/types\/product"}],"replies":[{"embeddable":true,"href":"https:\/\/daritek.com\/index.php?rest_route=%2Fwp%2Fv2%2Fcomments&post=6974"}],"wp:featuredmedia":[{"embeddable":true,"href":"https:\/\/daritek.com\/index.php?rest_route=\/wp\/v2\/media\/6975"}],"wp:attachment":[{"href":"https:\/\/daritek.com\/index.php?rest_route=%2Fwp%2Fv2%2Fmedia&parent=6974"}],"wp:term":[{"taxonomy":"product_brand","embeddable":true,"href":"https:\/\/daritek.com\/index.php?rest_route=%2Fwp%2Fv2%2Fproduct_brand&post=6974"},{"taxonomy":"product_cat","embeddable":true,"href":"https:\/\/daritek.com\/index.php?rest_route=%2Fwp%2Fv2%2Fproduct_cat&post=6974"},{"taxonomy":"product_tag","embeddable":true,"href":"https:\/\/daritek.com\/index.php?rest_route=%2Fwp%2Fv2%2Fproduct_tag&post=6974"}],"curies":[{"name":"wp","href":"https:\/\/api.w.org\/{rel}","templated":true}]}}