{"id":7573,"date":"2026-04-12T17:24:30","date_gmt":"2026-04-12T17:24:30","guid":{"rendered":"https:\/\/daritek.com\/?post_type=product&#038;p=7573"},"modified":"2026-04-12T17:24:30","modified_gmt":"2026-04-12T17:24:30","slug":"defroisseur-vapeur-elite99-a-main-1500-w-elt-5026","status":"publish","type":"product","link":"https:\/\/daritek.com\/?product=defroisseur-vapeur-elite99-a-main-1500-w-elt-5026","title":{"rendered":"D\u00e9froisseur Vapeur Elite99 \u00e0 Main 1500 W &#8211; ELT-5026"},"content":{"rendered":"<h3><strong>D\u00e9froisseur vapeur 1500W Elite99 ELT-5026<\/strong><\/h3>\n<p>Un nouvel appareil essentiel pour vos v\u00eatements\u00a0 lisse les rides de vos v\u00eatements. Il est con\u00e7u pour un fonctionnement rapide et pratique, et sa taille compacte est facile \u00e0 ranger ou \u00e0 ranger dans une valise. UTILISATION AVEC EAU DE ROBINET Quand vous ne pouvez pas \u2013 ou ne voulez pas \u2013 installer le fer et la planche \u00e0 repasser juste pour enlever quelques rides l\u00e9g\u00e8res, le vapeur de tissu tenu dans la main est une excellente alternative.<br \/>\nIl \u00e9limine les rides des v\u00eatements, des rideaux, des nappes et de tous les autres articles textiles qui peuvent \u00eatre suspendus verticalement<strong>.<\/strong><\/p>\n<p><strong>Attachement combin\u00e9:<\/strong><\/p>\n<ul>\n<li>Embout brosse textile: m\u00e9thode douce et efficace pour \u00e9liminer les plis des textiles<\/li>\n<li>Attache anti-peluches: pour lisser et \u00e9liminer les peluches<\/li>\n<\/ul>\n<p>La vapeur douce augmente la dur\u00e9e de vie de vos vetements.<\/p>\n<p>Gain de temps par rapport au repassage traditionnel.<\/p>\n<p>Convient \u00e9galement aux tissus d\u00e9licats.<\/p>\n<p>Temps de chauffe rapide gr\u00e2ce au puissant \u00e9l\u00e9ment chauffant.<\/p>\n<ul>\n<li>Puissance: 1500 watts<\/li>\n<li>2en1 repassage vapeur vertical et horizontal possible<\/li>\n<li>Brosse vapeur pour repasser \u00e0 la vapeur, lisser et enlever les peluches<\/li>\n<li>Semelle Superglide anti-rayures avec d&rsquo;excellentes propri\u00e9t\u00e9s de glisse<\/li>\n<li>Pr\u00eat \u00e0 l&#8217;emploi en 30 secondes environ<\/li>\n<li>R\u00e9servoir d&rsquo;eau (amovible) d&rsquo;une capacit\u00e9 de 300 ml permettant de repasser \u00e0 la vapeur jusqu&rsquo;\u00e0 6 vetements en une seule fois<\/li>\n<li>Jusqu&rsquo;\u00e0 15 minutes d&rsquo;autonomie avec un seul remplissage du r\u00e9servoir<\/li>\n<li>Poign\u00e9e ergonomique<\/li>\n<li>7 trous de sortie de vapeur pour un lissage rapide et en douceur des textiles<\/li>\n<li>Bouton ON \/ OFF<\/li>\n<li>Voyant lumineux<\/li>\n<li>Protection contre la surchauffe<\/li>\n<\/ul>\n<p><img fetchpriority=\"high\" decoding=\"async\" class=\"alignnone size-medium wp-image-7577\" src=\"https:\/\/daritek.com\/wp-content\/uploads\/2026\/04\/Gemini_Generated_Image_foaq9rfoaq9rfoaq-400x400.png\" alt=\"\" width=\"400\" height=\"400\" srcset=\"https:\/\/daritek.com\/wp-content\/uploads\/2026\/04\/Gemini_Generated_Image_foaq9rfoaq9rfoaq-400x400.png 400w, https:\/\/daritek.com\/wp-content\/uploads\/2026\/04\/Gemini_Generated_Image_foaq9rfoaq9rfoaq-800x800.png 800w, https:\/\/daritek.com\/wp-content\/uploads\/2026\/04\/Gemini_Generated_Image_foaq9rfoaq9rfoaq-280x280.png 280w, https:\/\/daritek.com\/wp-content\/uploads\/2026\/04\/Gemini_Generated_Image_foaq9rfoaq9rfoaq-768x768.png 768w, https:\/\/daritek.com\/wp-content\/uploads\/2026\/04\/Gemini_Generated_Image_foaq9rfoaq9rfoaq-1536x1536.png 1536w, https:\/\/daritek.com\/wp-content\/uploads\/2026\/04\/Gemini_Generated_Image_foaq9rfoaq9rfoaq-1000x1000.png 1000w, https:\/\/daritek.com\/wp-content\/uploads\/2026\/04\/Gemini_Generated_Image_foaq9rfoaq9rfoaq-100x100.png 100w, https:\/\/daritek.com\/wp-content\/uploads\/2026\/04\/Gemini_Generated_Image_foaq9rfoaq9rfoaq.png 2048w\" sizes=\"(max-width: 400px) 100vw, 400px\" \/><\/p>\n<p><strong>Caract\u00e9ristiques techniques\u202f:<\/strong><\/p>\n<table class=\"tech-specs\" style=\"width: 100%; border-collapse: collapse;\">\n<tbody>\n<tr>\n<th style=\"text-align: left; padding: 8px; border-bottom: 1px solid #eee;\">Type de produit<\/th>\n<td style=\"padding: 8px; border-bottom: 1px solid #eee;\">D\u00e9froisseur vapeur \u00e0 main<\/td>\n<\/tr>\n<tr>\n<th style=\"text-align: left; padding: 8px; border-bottom: 1px solid #eee;\">Marque<\/th>\n<td style=\"padding: 8px; border-bottom: 1px solid #eee;\">Elite99<\/td>\n<\/tr>\n<tr>\n<th style=\"text-align: left; padding: 8px; border-bottom: 1px solid #eee;\">R\u00e9f\u00e9rence<\/th>\n<td style=\"padding: 8px; border-bottom: 1px solid #eee;\">ELT-5026<\/td>\n<\/tr>\n<tr>\n<th style=\"text-align: left; padding: 8px; border-bottom: 1px solid #eee;\">Puissance<\/th>\n<td style=\"padding: 8px; border-bottom: 1px solid #eee;\">1500 W<\/td>\n<\/tr>\n<tr>\n<th style=\"text-align: left; padding: 8px; border-bottom: 1px solid #eee;\">R\u00e9servoir d&rsquo;eau<\/th>\n<td style=\"padding: 8px; border-bottom: 1px solid #eee;\">300ml<\/td>\n<\/tr>\n<tr>\n<th style=\"text-align: left; padding: 8px; border-bottom: 1px solid #eee;\">Temps de chauffe<\/th>\n<td style=\"padding: 8px; border-bottom: 1px solid #eee;\">30 secondes<\/td>\n<\/tr>\n<tr>\n<th style=\"text-align: left; padding: 8px; border-bottom: 1px solid #eee;\">Protection contre la surchauffe<\/th>\n<td style=\"padding: 8px; border-bottom: 1px solid #eee;\">Oui<\/td>\n<\/tr>\n<\/tbody>\n<\/table>\n","protected":false},"excerpt":{"rendered":"<ul class=\"marker:text-quiet list-disc pl-8\">\n<li class=\"py-0 my-0 prose-p:pt-0 prose-p:mb-2 prose-p:my-0 [&amp;&gt;p]:pt-0 [&amp;&gt;p]:mb-2 [&amp;&gt;p]:my-0\">Puissance de\u00a0<span class=\"katex\"><span class=\"katex-mathml\">1500<\/span><\/span>\u00a0watts pour un repassage vapeur efficace.<\/li>\n<li class=\"py-0 my-0 prose-p:pt-0 prose-p:mb-2 prose-p:my-0 [&amp;&gt;p]:pt-0 [&amp;&gt;p]:mb-2 [&amp;&gt;p]:my-0\">Utilisation\u00a0<span class=\"katex\"><span class=\"katex-mathml\">2<\/span><\/span>\u00a0en\u00a0<span class=\"katex\"><span class=\"katex-mathml\">1<\/span><\/span>\u00a0: repassage vertical et horizontal.<\/li>\n<li class=\"py-0 my-0 prose-p:pt-0 prose-p:mb-2 prose-p:my-0 [&amp;&gt;p]:pt-0 [&amp;&gt;p]:mb-2 [&amp;&gt;p]:my-0\">Brosse vapeur pour lisser, d\u00e9froisser et enlever les peluches.<\/li>\n<li class=\"py-0 my-0 prose-p:pt-0 prose-p:mb-2 prose-p:my-0 [&amp;&gt;p]:pt-0 [&amp;&gt;p]:mb-2 [&amp;&gt;p]:my-0\">Pr\u00eat \u00e0 l\u2019emploi en environ\u00a0<span class=\"katex\"><span class=\"katex-mathml\">30<\/span><\/span>\u00a0secondes, avec jusqu\u2019\u00e0\u00a0<span class=\"katex\"><span class=\"katex-mathml\">15<\/span><\/span>\u00a0minutes d\u2019autonomie.<\/li>\n<li class=\"py-0 my-0 prose-p:pt-0 prose-p:mb-2 prose-p:my-0 [&amp;&gt;p]:pt-0 [&amp;&gt;p]:mb-2 [&amp;&gt;p]:my-0\">R\u00e9servoir amovible de\u00a0<span class=\"katex\"><span class=\"katex-mathml\">300<\/span><\/span>\u00a0ml pour repasser jusqu\u2019\u00e0\u00a0<span class=\"katex\"><span class=\"katex-mathml\">6<\/span><\/span>\u00a0v\u00eatements en une fois.<\/li>\n<li class=\"py-0 my-0 prose-p:pt-0 prose-p:mb-2 prose-p:my-0 [&amp;&gt;p]:pt-0 [&amp;&gt;p]:mb-2 [&amp;&gt;p]:my-0\">Semelle anti-rayures, poign\u00e9e ergonomique et protection contre la surchauffe.<\/li>\n<\/ul>\n","protected":false},"featured_media":7575,"comment_status":"open","ping_status":"closed","template":"","meta":{"_crdt_document":""},"product_brand":[602],"product_cat":[377,84,369],"product_tag":[],"class_list":{"0":"post-7573","1":"product","2":"type-product","3":"status-publish","4":"has-post-thumbnail","6":"product_brand-elite99","7":"product_cat-defroisseurs-vapeur-verticaux","8":"product_cat-electromenager","9":"product_cat-fers-centrales-vapeur-et-accessoires","11":"first","12":"instock","13":"sale","14":"shipping-taxable","15":"purchasable","16":"product-type-simple"},"_links":{"self":[{"href":"https:\/\/daritek.com\/index.php?rest_route=\/wp\/v2\/product\/7573","targetHints":{"allow":["GET"]}}],"collection":[{"href":"https:\/\/daritek.com\/index.php?rest_route=\/wp\/v2\/product"}],"about":[{"href":"https:\/\/daritek.com\/index.php?rest_route=\/wp\/v2\/types\/product"}],"replies":[{"embeddable":true,"href":"https:\/\/daritek.com\/index.php?rest_route=%2Fwp%2Fv2%2Fcomments&post=7573"}],"wp:featuredmedia":[{"embeddable":true,"href":"https:\/\/daritek.com\/index.php?rest_route=\/wp\/v2\/media\/7575"}],"wp:attachment":[{"href":"https:\/\/daritek.com\/index.php?rest_route=%2Fwp%2Fv2%2Fmedia&parent=7573"}],"wp:term":[{"taxonomy":"product_brand","embeddable":true,"href":"https:\/\/daritek.com\/index.php?rest_route=%2Fwp%2Fv2%2Fproduct_brand&post=7573"},{"taxonomy":"product_cat","embeddable":true,"href":"https:\/\/daritek.com\/index.php?rest_route=%2Fwp%2Fv2%2Fproduct_cat&post=7573"},{"taxonomy":"product_tag","embeddable":true,"href":"https:\/\/daritek.com\/index.php?rest_route=%2Fwp%2Fv2%2Fproduct_tag&post=7573"}],"curies":[{"name":"wp","href":"https:\/\/api.w.org\/{rel}","templated":true}]}}