{"id":819,"date":"2026-02-07T17:05:20","date_gmt":"2026-02-07T17:05:20","guid":{"rendered":"https:\/\/daritek.com\/?post_type=product&#038;p=819"},"modified":"2026-02-07T17:05:20","modified_gmt":"2026-02-07T17:05:20","slug":"defroisseur-vapeur-vertical-2000w-calor-origin-home-it3280c0","status":"publish","type":"product","link":"https:\/\/daritek.com\/?product=defroisseur-vapeur-vertical-2000w-calor-origin-home-it3280c0","title":{"rendered":"D\u00e9froisseur Vapeur Vertical 2000W Calor Origin Home IT3280C0"},"content":{"rendered":"<h3><strong>D\u00e9froisseur Vapeur Vertical 2000 W Avec 3 niveaux de vapeur &#8211; Jusqu\u2019\u00e0 42 g\/minute &#8211; Origin Home IT3280C0<\/strong><\/h3>\n<p>Simplifiez l\u2019entretien de vos v\u00eatements avec le Calor Origin Home IT3280C0, un d\u00e9froisseur vapeur vertical puissant et polyvalent, con\u00e7u pour offrir des r\u00e9sultats impeccables en un minimum de temps. Gr\u00e2ce \u00e0 sa technologie vapeur performante, il \u00e9limine efficacement les plis tout en respectant tous les types de tissus, m\u00eame les plus \u00e9pais.<\/p>\n<ul>\n<li>Puissance de 2000 W pour un d\u00e9froissage rapide et efficace<\/li>\n<li>D\u00e9bit de vapeur continu de 42 g\/min assurant un lissage homog\u00e8ne<\/li>\n<li>Pr\u00eat \u00e0 l\u2019utilisation en seulement 45 secondes<\/li>\n<li>3 niveaux de vapeur adapt\u00e9s \u00e0 tous les types de tissus<\/li>\n<li>R\u00e9servoir d\u2019eau amovible de 1,4 L offrant jusqu\u2019\u00e0 35 minutes d\u2019autonomie<\/li>\n<li>Brosse sp\u00e9ciale pour d\u00e9froisser efficacement les tissus \u00e9pais<\/li>\n<li>Deux pinces incluses pour suspendre pantalons et v\u00eatements pour b\u00e9b\u00e9<\/li>\n<li>La vapeur rafra\u00eechit les textiles et aide \u00e0 \u00e9liminer les germes<\/li>\n<li>Format vertical polyvalent, pratique et facile \u00e0 utiliser au quotidien<\/li>\n<\/ul>\n<p>Alliez la performance, polyvalence et praticit\u00e9 en choisissant le defroisseur vapeur Origin Home IT3280C0 de Calor, n&rsquo;h\u00e9sitez pas \u00e0 commander d\u00e8s maintenant !<\/p>\n<p><img fetchpriority=\"high\" decoding=\"async\" class=\"alignnone size-medium wp-image-821\" src=\"https:\/\/daritek.com\/wp-content\/uploads\/2026\/02\/photo_5776296045062065477_y-400x400.jpg\" alt=\"\" width=\"400\" height=\"400\" srcset=\"https:\/\/daritek.com\/wp-content\/uploads\/2026\/02\/photo_5776296045062065477_y-400x400.jpg 400w, https:\/\/daritek.com\/wp-content\/uploads\/2026\/02\/photo_5776296045062065477_y-1000x1000.jpg 1000w, https:\/\/daritek.com\/wp-content\/uploads\/2026\/02\/photo_5776296045062065477_y-100x100.jpg 100w, https:\/\/daritek.com\/wp-content\/uploads\/2026\/02\/photo_5776296045062065477_y-800x800.jpg 800w, https:\/\/daritek.com\/wp-content\/uploads\/2026\/02\/photo_5776296045062065477_y-280x280.jpg 280w, https:\/\/daritek.com\/wp-content\/uploads\/2026\/02\/photo_5776296045062065477_y-768x768.jpg 768w, https:\/\/daritek.com\/wp-content\/uploads\/2026\/02\/photo_5776296045062065477_y.jpg 1200w\" sizes=\"(max-width: 400px) 100vw, 400px\" \/><img decoding=\"async\" class=\"alignnone size-medium wp-image-823\" src=\"https:\/\/daritek.com\/wp-content\/uploads\/2026\/02\/photo_5776296045062065479_y-400x400.jpg\" alt=\"\" width=\"400\" height=\"400\" srcset=\"https:\/\/daritek.com\/wp-content\/uploads\/2026\/02\/photo_5776296045062065479_y-400x400.jpg 400w, https:\/\/daritek.com\/wp-content\/uploads\/2026\/02\/photo_5776296045062065479_y-1000x1000.jpg 1000w, https:\/\/daritek.com\/wp-content\/uploads\/2026\/02\/photo_5776296045062065479_y-100x100.jpg 100w, https:\/\/daritek.com\/wp-content\/uploads\/2026\/02\/photo_5776296045062065479_y-800x800.jpg 800w, https:\/\/daritek.com\/wp-content\/uploads\/2026\/02\/photo_5776296045062065479_y-280x280.jpg 280w, https:\/\/daritek.com\/wp-content\/uploads\/2026\/02\/photo_5776296045062065479_y-768x768.jpg 768w, https:\/\/daritek.com\/wp-content\/uploads\/2026\/02\/photo_5776296045062065479_y.jpg 1200w\" sizes=\"(max-width: 400px) 100vw, 400px\" \/><\/p>\n<p><img decoding=\"async\" class=\"alignnone size-medium wp-image-824\" src=\"https:\/\/daritek.com\/wp-content\/uploads\/2026\/02\/photo_5776296045062065480_y-400x400.jpg\" alt=\"\" width=\"400\" height=\"400\" srcset=\"https:\/\/daritek.com\/wp-content\/uploads\/2026\/02\/photo_5776296045062065480_y-400x400.jpg 400w, https:\/\/daritek.com\/wp-content\/uploads\/2026\/02\/photo_5776296045062065480_y-1000x1000.jpg 1000w, https:\/\/daritek.com\/wp-content\/uploads\/2026\/02\/photo_5776296045062065480_y-100x100.jpg 100w, https:\/\/daritek.com\/wp-content\/uploads\/2026\/02\/photo_5776296045062065480_y-800x800.jpg 800w, https:\/\/daritek.com\/wp-content\/uploads\/2026\/02\/photo_5776296045062065480_y-280x280.jpg 280w, https:\/\/daritek.com\/wp-content\/uploads\/2026\/02\/photo_5776296045062065480_y-768x768.jpg 768w, https:\/\/daritek.com\/wp-content\/uploads\/2026\/02\/photo_5776296045062065480_y.jpg 1200w\" sizes=\"(max-width: 400px) 100vw, 400px\" \/><img loading=\"lazy\" decoding=\"async\" class=\"alignnone size-medium wp-image-822\" src=\"https:\/\/daritek.com\/wp-content\/uploads\/2026\/02\/photo_5776296045062065478_y-400x400.jpg\" alt=\"\" width=\"400\" height=\"400\" srcset=\"https:\/\/daritek.com\/wp-content\/uploads\/2026\/02\/photo_5776296045062065478_y-400x400.jpg 400w, https:\/\/daritek.com\/wp-content\/uploads\/2026\/02\/photo_5776296045062065478_y-1000x1000.jpg 1000w, https:\/\/daritek.com\/wp-content\/uploads\/2026\/02\/photo_5776296045062065478_y-100x100.jpg 100w, https:\/\/daritek.com\/wp-content\/uploads\/2026\/02\/photo_5776296045062065478_y-800x800.jpg 800w, https:\/\/daritek.com\/wp-content\/uploads\/2026\/02\/photo_5776296045062065478_y-280x280.jpg 280w, https:\/\/daritek.com\/wp-content\/uploads\/2026\/02\/photo_5776296045062065478_y-768x768.jpg 768w, https:\/\/daritek.com\/wp-content\/uploads\/2026\/02\/photo_5776296045062065478_y.jpg 1200w\" sizes=\"(max-width: 400px) 100vw, 400px\" \/><\/p>\n<p>&nbsp;<\/p>\n<h3>Caract\u00e9ristiques techniques<\/h3>\n<table class=\"tech-specs\" style=\"width: 100%; border-collapse: collapse;\">\n<tbody>\n<tr>\n<th style=\"text-align: left; padding: 8px; border-bottom: 1px solid #eee;\">Marque<\/th>\n<td style=\"padding: 8px; border-bottom: 1px solid #eee;\">Calor<\/td>\n<\/tr>\n<tr>\n<th style=\"text-align: left; padding: 8px; border-bottom: 1px solid #eee;\">Mod\u00e8le<\/th>\n<td style=\"padding: 8px; border-bottom: 1px solid #eee;\">Origin Home<\/td>\n<\/tr>\n<tr>\n<th style=\"text-align: left; padding: 8px; border-bottom: 1px solid #eee;\">R\u00e9f\u00e9rence<\/th>\n<td style=\"padding: 8px; border-bottom: 1px solid #eee;\">IT3280C0<\/td>\n<\/tr>\n<tr>\n<th style=\"text-align: left; padding: 8px; border-bottom: 1px solid #eee;\">Puissance<\/th>\n<td style=\"padding: 8px; border-bottom: 1px solid #eee;\">2000 W<\/td>\n<\/tr>\n<tr>\n<th style=\"text-align: left; padding: 8px; border-bottom: 1px solid #eee;\">Couleur<\/th>\n<td style=\"padding: 8px; border-bottom: 1px solid #eee;\">Blanc \/ Gris<\/td>\n<\/tr>\n<tr>\n<th style=\"text-align: left; padding: 8px; border-bottom: 1px solid #eee;\">D\u00c9BIT VAPEUR<\/th>\n<td style=\"padding: 8px; border-bottom: 1px solid #eee;\">42 g\/min<\/td>\n<\/tr>\n<tr>\n<th style=\"text-align: left; padding: 8px; border-bottom: 1px solid #eee;\">CAPACIT\u00c9 DU R\u00c9SERVOIR D\u2019EAU<\/th>\n<td style=\"padding: 8px; border-bottom: 1px solid #eee;\">1.4 L<\/td>\n<\/tr>\n<tr>\n<th style=\"text-align: left; padding: 8px; border-bottom: 1px solid #eee;\">TEMPS DE PR\u00c9PARATION<\/th>\n<td style=\"padding: 8px; border-bottom: 1px solid #eee;\">45 sec<\/td>\n<\/tr>\n<tr>\n<th style=\"text-align: left; padding: 8px; border-bottom: 1px solid #eee;\">AUTONOMIE<\/th>\n<td style=\"padding: 8px; border-bottom: 1px solid #eee;\">35 min<\/td>\n<\/tr>\n<tr>\n<th style=\"text-align: left; padding: 8px; border-bottom: 1px solid #eee;\">POIDS<\/th>\n<td style=\"padding: 8px; border-bottom: 1px solid #eee;\">5.2 kg<\/td>\n<\/tr>\n<tr>\n<th style=\"text-align: left; padding: 8px; border-bottom: 1px solid #eee;\">DIMENSIONS<\/th>\n<td style=\"padding: 8px; border-bottom: 1px solid #eee;\">16.3 x 3.8 x 2.5 cm<\/td>\n<\/tr>\n<\/tbody>\n<\/table>\n","protected":false},"excerpt":{"rendered":"<ul>\n<li>Puissance de 2000 W pour un d\u00e9froissage rapide et efficace<\/li>\n<li>D\u00e9bit de vapeur continu de 42 g\/min assurant un lissage homog\u00e8ne<\/li>\n<li>Pr\u00eat \u00e0 l\u2019utilisation en seulement 45 secondes<\/li>\n<li>3 niveaux de vapeur adapt\u00e9s \u00e0 tous les types de tissus<\/li>\n<li>R\u00e9servoir d\u2019eau amovible de 1,4 L offrant jusqu\u2019\u00e0 35 minutes d\u2019autonomie<\/li>\n<li>Brosse sp\u00e9ciale pour d\u00e9froisser efficacement les tissus \u00e9pais<\/li>\n<li>Deux pinces incluses pour suspendre pantalons et v\u00eatements pour b\u00e9b\u00e9<\/li>\n<li>La vapeur rafra\u00eechit les textiles et aide \u00e0 \u00e9liminer les germes<\/li>\n<li>Format vertical polyvalent, pratique et facile \u00e0 utiliser au quotidien<\/li>\n<\/ul>\n","protected":false},"featured_media":820,"comment_status":"open","ping_status":"closed","template":"","meta":{"_crdt_document":""},"product_brand":[582],"product_cat":[377,84,369],"product_tag":[],"class_list":{"0":"post-819","1":"product","2":"type-product","3":"status-publish","4":"has-post-thumbnail","6":"product_brand-calor","7":"product_cat-defroisseurs-vapeur-verticaux","8":"product_cat-electromenager","9":"product_cat-fers-centrales-vapeur-et-accessoires","11":"first","12":"instock","13":"shipping-taxable","14":"purchasable","15":"product-type-simple"},"jetpack_sharing_enabled":true,"_links":{"self":[{"href":"https:\/\/daritek.com\/index.php?rest_route=\/wp\/v2\/product\/819","targetHints":{"allow":["GET"]}}],"collection":[{"href":"https:\/\/daritek.com\/index.php?rest_route=\/wp\/v2\/product"}],"about":[{"href":"https:\/\/daritek.com\/index.php?rest_route=\/wp\/v2\/types\/product"}],"replies":[{"embeddable":true,"href":"https:\/\/daritek.com\/index.php?rest_route=%2Fwp%2Fv2%2Fcomments&post=819"}],"wp:featuredmedia":[{"embeddable":true,"href":"https:\/\/daritek.com\/index.php?rest_route=\/wp\/v2\/media\/820"}],"wp:attachment":[{"href":"https:\/\/daritek.com\/index.php?rest_route=%2Fwp%2Fv2%2Fmedia&parent=819"}],"wp:term":[{"taxonomy":"product_brand","embeddable":true,"href":"https:\/\/daritek.com\/index.php?rest_route=%2Fwp%2Fv2%2Fproduct_brand&post=819"},{"taxonomy":"product_cat","embeddable":true,"href":"https:\/\/daritek.com\/index.php?rest_route=%2Fwp%2Fv2%2Fproduct_cat&post=819"},{"taxonomy":"product_tag","embeddable":true,"href":"https:\/\/daritek.com\/index.php?rest_route=%2Fwp%2Fv2%2Fproduct_tag&post=819"}],"curies":[{"name":"wp","href":"https:\/\/api.w.org\/{rel}","templated":true}]}}